{"id":2024,"date":"2019-07-10T13:16:55","date_gmt":"2019-07-10T12:16:55","guid":{"rendered":"http:\/\/www.centresgeriatricsmalgrat.com\/inici\/"},"modified":"2019-08-02T14:52:06","modified_gmt":"2019-08-02T13:52:06","slug":"inici","status":"publish","type":"page","link":"https:\/\/www.centresgeriatricsmalgrat.com\/ca\/inici\/","title":{"rendered":"Inici"},"content":{"rendered":"<div class=\"wpb-content-wrapper\"><p>[vc_row][vc_column][vc_column_text]<\/p>\n<h1 style=\"text-align: center;\">Resid\u00e8ncia Geri\u00e0trica Malgrat<\/h1>\n<p><em><strong>Resid\u00e8ncia geri\u00e0trica Malgrat,<\/strong><\/em> sl, \u00e9s una empresa familiar, fundada el setembre de 1993, any en qu\u00e8 es va obrir el nostre primer centre ubicat al c \/ Sant Pere 42 de Malgrat de Mar. Des dels inicis, hem estat centre col\u00b7laborador del sistema social p\u00fablic de la Generalitat de Catalunya, antigament ICASS, i actualment SISPAP.<\/p>\n<p>Actualment, l&#8217;empresa est\u00e0 composta per una <em><strong>nova resid\u00e8ncia geri\u00e0trica<\/strong><\/em> ubicada al c \/ Mar 89 amb capacitat per allotjar <em><strong>109 residents<\/strong><\/em>, i un <em><strong>centre de dia ubicat<\/strong><\/em> al c \/ Mar 96 amb una capacitat actual de <strong><em>60 places per a residents p\u00fablics i privats<\/em><\/strong> en r\u00e8gim temporal o indefinit.[\/vc_column_text][\/vc_column][\/vc_row][vc_row gap=&#8221;30&#8243; equal_height=&#8221;yes&#8221; bg_type=&#8221;bg_color&#8221; bg_override=&#8221;ex-full&#8221; type=&#8221;vc_default&#8221; css=&#8221;.vc_custom_1494490890104{margin-top: -80px !important;padding-top: 60px !important;padding-right: 25px !important;padding-bottom: 80px !important;padding-left: 25px !important;}&#8221; bg_color_value=&#8221;#f4f4f4&#8243;][vc_column width=&#8221;2\/3&#8243; css=&#8221;.vc_custom_1547801810064{padding-top: 30px !important;padding-right: 20px !important;padding-bottom: 40px !important;padding-left: 20px !important;background-color: #2c438f !important;}&#8221; offset=&#8221;vc_col-lg-offset-0 vc_col-lg-4 vc_col-md-offset-0 vc_col-md-4 vc_col-sm-offset-2&#8243;]<div class=\"ult-just-icon-wrapper   vc_custom_1547803331599\"><div class=\"align-icon\" style=\"text-align:center;\">\n<div class=\"aio-icon advanced \"  style=\"color:#2c438f;background:#ffffff;border-style:solid;border-color:#ffffff;border-width:3px;width:70px;height:70px;line-height:70px;border-radius:500px;font-size:32px;display:inline-block;\">\n\t<i class=\"icomoon-brankic-32x32-book\"><\/i>\n<\/div><\/div><\/div><div id=\"ultimate-heading-75169f6373643276\" class=\"uvc-heading ult-adjust-bottom-margin ultimate-heading-75169f6373643276 uvc-236  uvc-heading-default-font-sizes\" data-hspacer=\"no_spacer\"  data-halign=\"center\" style=\"text-align:center\"><div class=\"uvc-heading-spacer no_spacer\" style=\"top\"><\/div><div class=\"uvc-main-heading ult-responsive\"  data-ultimate-target='.uvc-heading.ultimate-heading-75169f6373643276 h3'  data-responsive-json-new='{\"font-size\":\"\",\"line-height\":\"\"}' ><h3 style=\"font-weight:bold;color:#ffffff;\">HISTORIA<\/h3><\/div><div class=\"uvc-sub-heading ult-responsive\"  data-ultimate-target='.uvc-heading.ultimate-heading-75169f6373643276 .uvc-sub-heading '  data-responsive-json-new='{\"font-size\":\"desktop:14px;\",\"line-height\":\"desktop:28px;\"}'  style=\"font-weight:normal;color:#ffffff;margin-top:10px;margin-bottom:20px;\">Des de 1993 al servei i benestar de la gent gran.<\/div><\/div><div class=\" vc_custom_1556100987143 ubtn-ctn-center \"><a class=\"ubtn-link ult-adjust-bottom-margin ubtn-center ubtn-custom \" href=\"http:\/\/www.centresgeriatricsmalgrat.com\/ca\/historia\/\" ><button type=\"button\" id=\"ubtn-8256\"  class=\"ubtn ult-adjust-bottom-margin ult-responsive ubtn-custom ubtn-fade-bg  none  ubtn-center   tooltip-69f63736432fd\"  data-hover=\"#28a7fb\" data-border-color=\"rgba(255,255,255,0.4)\" data-bg=\"rgba(255,255,255,0.01)\" data-hover-bg=\"#ffffff\" data-border-hover=\"#ffffff\" data-shadow-hover=\"\" data-shadow-click=\"none\" data-shadow=\"\" data-shd-shadow=\"\"  data-ultimate-target='#ubtn-8256'  data-responsive-json-new='{\"font-size\":\"desktop:12px;\",\"line-height\":\"desktop:12px;\"}'  style=\"font-family:&#039;Montserrat&#039;;font-weight:normal;font-style:normal;width:px;min-height:34px;padding:5px 12px;border-radius:0px;border-width:2px;border-color:rgba(255,255,255,0.4);border-style:solid;background: rgba(255,255,255,0.01);color: #ffffff;\"><span class=\"ubtn-hover\" style=\"background-color:#ffffff\"><\/span><span class=\"ubtn-data ubtn-text \" >M\u00e9s informaci\u00f3<\/span><\/button><\/a><\/div>[\/vc_column][vc_column width=&#8221;2\/3&#8243; css=&#8221;.vc_custom_1547801893412{padding-top: 30px !important;padding-right: 20px !important;padding-bottom: 40px !important;padding-left: 20px !important;background-color: #5bb0ab !important;}&#8221; offset=&#8221;vc_col-lg-offset-0 vc_col-lg-4 vc_col-md-offset-0 vc_col-md-4 vc_col-sm-offset-2&#8243;]<div class=\"ult-just-icon-wrapper   vc_custom_1547803399002\"><div class=\"align-icon\" style=\"text-align:center;\">\n<div class=\"aio-icon advanced \"  style=\"color:#5bb0ab;background:#ffffff;border-style:solid;border-color:#ffffff;border-width:3px;width:70px;height:70px;line-height:70px;border-radius:500px;font-size:32px;display:inline-block;\">\n\t<i class=\"Defaults-building\"><\/i>\n<\/div><\/div><\/div><div id=\"ultimate-heading-854369f6373643396\" class=\"uvc-heading ult-adjust-bottom-margin ultimate-heading-854369f6373643396 uvc-7283  uvc-heading-default-font-sizes\" data-hspacer=\"no_spacer\"  data-halign=\"center\" style=\"text-align:center\"><div class=\"uvc-heading-spacer no_spacer\" style=\"top\"><\/div><div class=\"uvc-main-heading ult-responsive\"  data-ultimate-target='.uvc-heading.ultimate-heading-854369f6373643396 h3'  data-responsive-json-new='{\"font-size\":\"\",\"line-height\":\"\"}' ><h3 style=\"font-weight:bold;color:#ffffff;\">INSTAL\u00b7LACIONS<\/h3><\/div><div class=\"uvc-sub-heading ult-responsive\"  data-ultimate-target='.uvc-heading.ultimate-heading-854369f6373643396 .uvc-sub-heading '  data-responsive-json-new='{\"font-size\":\"desktop:14px;\",\"line-height\":\"desktop:28px;\"}'  style=\"font-weight:normal;color:#ffffff;margin-top:10px;margin-bottom:20px;\">La nostra nova resid\u00e8ncia t\u00e9 una ubicaci\u00f3 \u00fanica i privilegiada.<\/div><\/div><div class=\" vc_custom_1556101000465 ubtn-ctn-center \"><a class=\"ubtn-link ult-adjust-bottom-margin ubtn-center ubtn-custom \" href=\"http:\/\/www.centresgeriatricsmalgrat.com\/ca\/instalaciones\/\" ><button type=\"button\" id=\"ubtn-6759\"  class=\"ubtn ult-adjust-bottom-margin ult-responsive ubtn-custom ubtn-fade-bg  none  ubtn-center   tooltip-69f63736433da\"  data-hover=\"#28a7fb\" data-border-color=\"rgba(255,255,255,0.4)\" data-bg=\"rgba(255,255,255,0.01)\" data-hover-bg=\"#ffffff\" data-border-hover=\"#ffffff\" data-shadow-hover=\"\" data-shadow-click=\"none\" data-shadow=\"\" data-shd-shadow=\"\"  data-ultimate-target='#ubtn-6759'  data-responsive-json-new='{\"font-size\":\"desktop:12px;\",\"line-height\":\"desktop:12px;\"}'  style=\"font-family:&#039;Montserrat&#039;;font-weight:normal;font-style:normal;width:px;min-height:34px;padding:5px 12px;border-radius:0px;border-width:2px;border-color:rgba(255,255,255,0.4);border-style:solid;background: rgba(255,255,255,0.01);color: #ffffff;\"><span class=\"ubtn-hover\" style=\"background-color:#ffffff\"><\/span><span class=\"ubtn-data ubtn-text \" >M\u00e9s informaci\u00f3<\/span><\/button><\/a><\/div>[\/vc_column][vc_column width=&#8221;2\/3&#8243; css=&#8221;.vc_custom_1547801818122{padding-top: 30px !important;padding-right: 20px !important;padding-bottom: 40px !important;padding-left: 20px !important;background-color: #2c438f !important;}&#8221; offset=&#8221;vc_col-lg-offset-0 vc_col-lg-4 vc_col-md-offset-0 vc_col-md-4 vc_col-sm-offset-2&#8243;]<div class=\"ult-just-icon-wrapper   vc_custom_1547803422848\"><div class=\"align-icon\" style=\"text-align:center;\">\n<div class=\"aio-icon advanced \"  style=\"color:#2c438f;background:#ffffff;border-style:solid;border-color:#ffffff;border-width:3px;width:70px;height:70px;line-height:70px;border-radius:500px;font-size:32px;display:inline-block;\">\n\t<i class=\"Defaults-eur euro\"><\/i>\n<\/div><\/div><\/div><div id=\"ultimate-heading-837469f637364343e\" class=\"uvc-heading ult-adjust-bottom-margin ultimate-heading-837469f637364343e uvc-1699  uvc-heading-default-font-sizes\" data-hspacer=\"no_spacer\"  data-halign=\"center\" style=\"text-align:center\"><div class=\"uvc-heading-spacer no_spacer\" style=\"top\"><\/div><div class=\"uvc-main-heading ult-responsive\"  data-ultimate-target='.uvc-heading.ultimate-heading-837469f637364343e h3'  data-responsive-json-new='{\"font-size\":\"\",\"line-height\":\"\"}' ><h3 style=\"font-weight:bold;color:#ffffff;\">TARIFES<\/h3><\/div><div class=\"uvc-sub-heading ult-responsive\"  data-ultimate-target='.uvc-heading.ultimate-heading-837469f637364343e .uvc-sub-heading '  data-responsive-json-new='{\"font-size\":\"desktop:14px;\",\"line-height\":\"desktop:28px;\"}'  style=\"font-weight:normal;color:#ffffff;margin-top:10px;margin-bottom:20px;\">Les millors tarifes per un servei hum\u00e0 i de qualitat.<\/div><\/div><div class=\" vc_custom_1556101018601 ubtn-ctn-center \"><a class=\"ubtn-link ult-adjust-bottom-margin ubtn-center ubtn-custom \" href=\"http:\/\/www.centresgeriatricsmalgrat.com\/ca\/tarifas\/\" ><button type=\"button\" id=\"ubtn-8464\"  class=\"ubtn ult-adjust-bottom-margin ult-responsive ubtn-custom ubtn-fade-bg  none  ubtn-center   tooltip-69f6373643475\"  data-hover=\"#28a7fb\" data-border-color=\"rgba(255,255,255,0.4)\" data-bg=\"rgba(255,255,255,0.01)\" data-hover-bg=\"#ffffff\" data-border-hover=\"#ffffff\" data-shadow-hover=\"\" data-shadow-click=\"none\" data-shadow=\"\" data-shd-shadow=\"\"  data-ultimate-target='#ubtn-8464'  data-responsive-json-new='{\"font-size\":\"desktop:12px;\",\"line-height\":\"desktop:12px;\"}'  style=\"font-family:&#039;Montserrat&#039;;font-weight:normal;font-style:normal;width:px;min-height:34px;padding:5px 12px;border-radius:0px;border-width:2px;border-color:rgba(255,255,255,0.4);border-style:solid;background: rgba(255,255,255,0.01);color: #ffffff;\"><span class=\"ubtn-hover\" style=\"background-color:#ffffff\"><\/span><span class=\"ubtn-data ubtn-text \" >M\u00e9s informaci\u00f3<\/span><\/button><\/a><\/div>[\/vc_column][\/vc_row][vc_row][vc_column][vc_column_text]<\/p>\n<h2 style=\"text-align: center;\">Som l\u00edders en Resid\u00e8ncies Geri\u00e0triques<\/h2>\n<p><span style=\"color: #5bb0ab;\"><strong>LA NOSTRA MISSI\u00d3<\/strong><\/span><\/p>\n<p>Despr\u00e9s de gaireb\u00e9 25 anys, seguim compromesos, motivats i dedicats plenament amb la qualitat i satisfacci\u00f3 de l&#8217;usuari per donar el m\u00e0xim confort i benestar a la gent gran.<\/p>\n<p>En els nostres centres, treballem per cuidar, i tenim cura amb excel\u00b7l\u00e8ncia perqu\u00e8 l&#8217;usuari viva m\u00e9s i millor. La nostra missi\u00f3 \u00e9s millorar el benestar i la qualitat de vida dels residents i les seves fam\u00edlies amb serveis de qualitat i cures professionals.<\/p>\n<p><span style=\"color: #5bb0ab;\"><strong>VISI\u00d3<\/strong><\/span><\/p>\n<p>Mirem cap al futur per fer de la nostra empresa una empresa feli\u00e7 i per ser l&#8217;empresa d&#8217;elecci\u00f3 i prefer\u00e8ncia dels usuaris i treballadors del sector.<\/p>\n<p><span style=\"color: #5bb0ab;\"><strong>OBJETIUS<\/strong><\/span><\/p>\n<p>Mantenint la independ\u00e8ncia com a empresa familiar.<br \/>\nRealitzar una gesti\u00f3 mod\u00e8lica empresarial que serveixi de refer\u00e8ncia per a la gesti\u00f3 de centres geri\u00e0trics a la comarca del Maresme i en l&#8217;\u00e0mbit de la comunitat aut\u00f2noma.<\/p>\n<p>Assolir l&#8217;excel\u00b7l\u00e8ncia en la prestaci\u00f3 dels nostres serveis i atencions.<br \/>\nGarantir la satisfacci\u00f3 dels usuaris i familiars amb una atenci\u00f3 integral i personalitzada<br \/>\nTenir cura als nostres treballadors perqu\u00e8 puguin exercir la seua professi\u00f3 en les millors condicions laborals[\/vc_column_text][\/vc_column][\/vc_row][vc_row][vc_column][vc_single_image image=&#8221;1391&#8243; img_size=&#8221;full&#8221; alignment=&#8221;center&#8221; image_hovers=&#8221;false&#8221; el_class=&#8221;no-margin-bottom&#8221;][\/vc_column][\/vc_row][vc_row full_width=&#8221;stretch_row&#8221; css=&#8221;.vc_custom_1564741078443{padding-top: 80px !important;padding-bottom: 80px !important;background-color: #2c438f !important;}&#8221;][vc_column width=&#8221;1\/4&#8243;][vc_single_image image=&#8221;2200&#8243; img_size=&#8221;200&#215;166&#8243;][\/vc_column][vc_column width=&#8221;1\/2&#8243;]<div id=\"ultimate-heading-11269f63736434af\" class=\"uvc-heading ult-adjust-bottom-margin ultimate-heading-11269f63736434af uvc-7286 \" data-hspacer=\"no_spacer\"  data-halign=\"left\" style=\"text-align:left\"><div class=\"uvc-heading-spacer no_spacer\" style=\"top\"><\/div><div class=\"uvc-main-heading ult-responsive\"  data-ultimate-target='.uvc-heading.ultimate-heading-11269f63736434af h2'  data-responsive-json-new='{\"font-size\":\"desktop:30px;\",\"line-height\":\"desktop:40px;\"}' ><h2 style=\"--font-weight:theme;color:#ffffff;margin-bottom:10px;\">Visita les nostres instal\u00b7lacions des de casa.<\/h2><\/div><div class=\"uvc-sub-heading ult-responsive\"  data-ultimate-target='.uvc-heading.ultimate-heading-11269f63736434af .uvc-sub-heading '  data-responsive-json-new='{\"font-size\":\"desktop:17px;\",\"line-height\":\"desktop:27px;\"}'  style=\"font-weight:normal;color:#ffffff;\">Encara tens dubtes, visita el nostre &#8216;Tour Virtual 360\u00ba i passeja&#8217;t per les nostres instal\u00b7lacions!<\/div><\/div>[\/vc_column][vc_column width=&#8221;1\/4&#8243;]<div class=\" vc_custom_1562763770088 ubtn-ctn-right \"><a class=\"ubtn-link ult-adjust-bottom-margin ubtn-right ubtn-custom \" href=\"http:\/\/www.centresgeriatricsmalgrat.com\/ca\/tour-virtual-360-residencia\/\" title=\"Tour Virtual 360\u00ba \u2013 Residencia\" ><button type=\"button\" id=\"ubtn-4567\"  class=\"ubtn ult-adjust-bottom-margin ult-responsive ubtn-custom ubtn-fade-bg  none  ubtn-right   tooltip-69f63736434e1\"  data-hover=\"#28a7fb\" data-border-color=\"rgba(255,255,255,0.4)\" data-bg=\"rgba(255,255,255,0.01)\" data-hover-bg=\"#ffffff\" data-border-hover=\"#ffffff\" data-shadow-hover=\"\" data-shadow-click=\"none\" data-shadow=\"\" data-shd-shadow=\"\"  data-ultimate-target='#ubtn-4567'  data-responsive-json-new='{\"font-size\":\"desktop:20px;\",\"line-height\":\"desktop:20px;\"}'  style=\"font-family:&#039;Montserrat&#039;;font-weight:700;width:px;min-height:38px;padding:15px 25px;border-radius:0px;border-width:4px;border-color:rgba(255,255,255,0.4);border-style:solid;background: rgba(255,255,255,0.01);color: #ffffff;\"><span class=\"ubtn-hover\" style=\"background-color:#ffffff\"><\/span><span class=\"ubtn-data ubtn-text \" >TOUR VIRTUAL 360\u00ba<\/span><\/button><\/a><\/div>[\/vc_column][\/vc_row][vc_row equal_height=&#8221;yes&#8221; bg_type=&#8221;image&#8221; parallax_style=&#8221;vcpb-default&#8221; bg_image_new=&#8221;id^1467|url^http:\/\/www.centresgeriatricsmalgrat.com\/wp-content\/uploads\/2019\/01\/home-computer-back.jpg|caption^null|alt^null|title^home-computer-back|description^null&#8221; bg_image_repeat=&#8221;no-repeat&#8221; bg_override=&#8221;ex-full&#8221; enable_overlay=&#8221;enable_overlay_value&#8221; overlay_color=&#8221;rgba(37,37,37,0.8)&#8221; type=&#8221;vc_default&#8221; css=&#8221;.vc_custom_1547808385576{padding-top: 80px !important;padding-right: 10px !important;padding-bottom: 80px !important;padding-left: 10px !important;}&#8221;][vc_column width=&#8221;2\/3&#8243; offset=&#8221;vc_col-lg-offset-2 vc_col-md-offset-2 vc_col-sm-offset-2&#8243;]<div id=\"ultimate-heading-2769f6373643517\" class=\"uvc-heading ult-adjust-bottom-margin ultimate-heading-2769f6373643517 uvc-648  uvc-heading-default-font-sizes\" data-hspacer=\"no_spacer\"  data-halign=\"center\" style=\"text-align:center\"><div class=\"uvc-heading-spacer no_spacer\" style=\"top\"><\/div><div class=\"uvc-main-heading ult-responsive\"  data-ultimate-target='.uvc-heading.ultimate-heading-2769f6373643517 h1'  data-responsive-json-new='{\"font-size\":\"\",\"line-height\":\"\"}' ><h1 style=\"font-weight:bold;color:#ffffff;\">Creiem de cor en el nostre treball<\/h1><\/div><div class=\"uvc-sub-heading ult-responsive\"  data-ultimate-target='.uvc-heading.ultimate-heading-2769f6373643517 .uvc-sub-heading '  data-responsive-json-new='{\"font-size\":\"desktop:18px;\",\"line-height\":\"desktop:28px;\"}'  style=\"font-weight:normal;color:#d3d3d3;margin-top:20px;margin-bottom:60px;\">Brindem cures especials, serveis d&#8217;infermeria i atenci\u00f3 m\u00e8dica-geri\u00e0trica als adults majors dependents.<\/div><\/div>[\/vc_column][vc_column width=&#8221;1\/2&#8243; offset=&#8221;vc_col-lg-offset-0 vc_col-lg-3 vc_col-md-offset-1 vc_col-md-5 vc_col-sm-offset-0&#8243; css=&#8221;.vc_custom_1560673122179{margin-right: 15px !important;margin-bottom: 50px !important;margin-left: 15px !important;padding-top: 0px !important;padding-right: 0px !important;padding-bottom: 0px !important;padding-left: 0px !important;background-color: #2c438f !important;}&#8221;][vc_single_image image=&#8221;1734&#8243; img_size=&#8221;600&#215;600&#8243; alignment=&#8221;center&#8221; css=&#8221;.vc_custom_1560672866099{margin-bottom: 0px !important;padding-top: 10px !important;padding-right: 10px !important;padding-bottom: 10px !important;padding-left: 10px !important;}&#8221;]<div id=\"ultimate-heading-291269f6373643540\" class=\"uvc-heading ult-adjust-bottom-margin ultimate-heading-291269f6373643540 uvc-6331 \" data-hspacer=\"no_spacer\"  data-halign=\"center\" style=\"text-align:center\"><div class=\"uvc-heading-spacer no_spacer\" style=\"top\"><\/div><div class=\"uvc-main-heading ult-responsive\"  data-ultimate-target='.uvc-heading.ultimate-heading-291269f6373643540 h3'  data-responsive-json-new='{\"font-size\":\"desktop:16px;\",\"line-height\":\"desktop:26px;\"}' ><h3 style=\"--font-weight:theme;color:#5bb0ab;margin-top:1px;margin-bottom:12px;\">Habitacions<\/h3><\/div><\/div>[\/vc_column][vc_column width=&#8221;1\/2&#8243; offset=&#8221;vc_col-lg-offset-0 vc_col-lg-3 vc_col-md-offset-0 vc_col-md-5 vc_col-sm-offset-0&#8243; css=&#8221;.vc_custom_1560673164259{margin-right: 15px !important;margin-bottom: 50px !important;margin-left: 15px !important;padding-top: 0px !important;padding-right: 0px !important;padding-bottom: 0px !important;padding-left: 0px !important;background-color: #5bb0ab !important;}&#8221;][vc_single_image image=&#8221;1477&#8243; img_size=&#8221;600&#215;600&#8243; alignment=&#8221;center&#8221; css=&#8221;.vc_custom_1560673190593{margin-bottom: 0px !important;padding-top: 10px !important;padding-right: 10px !important;padding-bottom: 10px !important;padding-left: 10px !important;}&#8221;]<div id=\"ultimate-heading-92569f6373643566\" class=\"uvc-heading ult-adjust-bottom-margin ultimate-heading-92569f6373643566 uvc-4850 \" data-hspacer=\"no_spacer\"  data-halign=\"center\" style=\"text-align:center\"><div class=\"uvc-heading-spacer no_spacer\" style=\"top\"><\/div><div class=\"uvc-main-heading ult-responsive\"  data-ultimate-target='.uvc-heading.ultimate-heading-92569f6373643566 h3'  data-responsive-json-new='{\"font-size\":\"desktop:16px;\",\"line-height\":\"desktop:26px;\"}' ><h3 style=\"--font-weight:theme;color:#2c438f;margin-top:1px;margin-bottom:12px;\">Cures<\/h3><\/div><\/div>[\/vc_column][vc_column width=&#8221;1\/2&#8243; offset=&#8221;vc_col-lg-offset-0 vc_col-lg-3 vc_col-md-offset-1 vc_col-md-5&#8243; css=&#8221;.vc_custom_1560673171600{margin-top: 0px !important;margin-right: 15px !important;margin-bottom: 50px !important;margin-left: 15px !important;padding-top: 0px !important;padding-right: 0px !important;padding-bottom: 0px !important;padding-left: 0px !important;background-color: #2c438f !important;}&#8221;][vc_single_image image=&#8221;1742&#8243; img_size=&#8221;600&#215;600&#8243; alignment=&#8221;center&#8221; css=&#8221;.vc_custom_1560673196312{margin-bottom: 0px !important;padding-top: 10px !important;padding-right: 10px !important;padding-bottom: 10px !important;padding-left: 10px !important;}&#8221;]<div id=\"ultimate-heading-600569f6373643591\" class=\"uvc-heading ult-adjust-bottom-margin ultimate-heading-600569f6373643591 uvc-6831 \" data-hspacer=\"no_spacer\"  data-halign=\"center\" style=\"text-align:center\"><div class=\"uvc-heading-spacer no_spacer\" style=\"top\"><\/div><div class=\"uvc-main-heading ult-responsive\"  data-ultimate-target='.uvc-heading.ultimate-heading-600569f6373643591 h3'  data-responsive-json-new='{\"font-size\":\"desktop:16px;\",\"line-height\":\"desktop:26px;\"}' ><h3 style=\"--font-weight:theme;color:#5bb0ab;margin-top:1px;margin-bottom:12px;\">Salut i dedicaci\u00f3<\/h3><\/div><\/div>[\/vc_column][vc_column width=&#8221;1\/2&#8243; offset=&#8221;vc_col-lg-offset-0 vc_col-lg-3 vc_col-md-offset-0 vc_col-md-5 vc_col-sm-offset-0&#8243; css=&#8221;.vc_custom_1560673178783{margin-top: 0px !important;margin-right: 15px !important;margin-bottom: 50px !important;margin-left: 15px !important;padding-top: 0px !important;padding-right: 0px !important;padding-bottom: 0px !important;padding-left: 0px !important;background-color: #5bb0ab !important;}&#8221;][vc_single_image image=&#8221;1739&#8243; img_size=&#8221;600&#215;600&#8243; alignment=&#8221;center&#8221; css=&#8221;.vc_custom_1560673202948{margin-bottom: 0px !important;padding-top: 10px !important;padding-right: 10px !important;padding-bottom: 10px !important;padding-left: 10px !important;}&#8221;]<div id=\"ultimate-heading-438669f63736435da\" class=\"uvc-heading ult-adjust-bottom-margin ultimate-heading-438669f63736435da uvc-5223 \" data-hspacer=\"no_spacer\"  data-halign=\"center\" style=\"text-align:center\"><div class=\"uvc-heading-spacer no_spacer\" style=\"top\"><\/div><div class=\"uvc-main-heading ult-responsive\"  data-ultimate-target='.uvc-heading.ultimate-heading-438669f63736435da h3'  data-responsive-json-new='{\"font-size\":\"desktop:16px;\",\"line-height\":\"desktop:26px;\"}' ><h3 style=\"--font-weight:theme;color:#2c438f;margin-top:1px;margin-bottom:12px;\">Rehabilitaci\u00f3<\/h3><\/div><\/div>[\/vc_column][vc_column css=&#8221;.vc_custom_1471290668451{padding-top: 25px !important;}&#8221;]<div class=\" vc_custom_1560673491523 ubtn-ctn-center \"><a class=\"ubtn-link ult-adjust-bottom-margin ubtn-center ubtn-custom \" href=\"http:\/\/www.centresgeriatricsmalgrat.com\/ca\/instalaciones\/\" title=\"Instalaciones\" ><button type=\"button\" id=\"ubtn-3245\"  class=\"ubtn ult-adjust-bottom-margin ult-responsive ubtn-custom ubtn-fade-bg  none  ubtn-center   tooltip-69f6373643629\"  data-hover=\"#ffffff\" data-border-color=\"rgba(255,255,255,0.4)\" data-bg=\"rgba(255,255,255,0.01)\" data-hover-bg=\"#34a6f7\" data-border-hover=\"#34a6f7\" data-shadow-hover=\"\" data-shadow-click=\"none\" data-shadow=\"\" data-shd-shadow=\"\"  data-ultimate-target='#ubtn-3245'  data-responsive-json-new='{\"font-size\":\"desktop:16px;\",\"line-height\":\"desktop:16px;\"}'  style=\"font-family:&#039;Montserrat&#039;;font-weight:700;width:320px;min-height:44px;padding:14px 25px;border-radius:0px;border-width:3px;border-color:rgba(255,255,255,0.4);border-style:solid;background: rgba(255,255,255,0.01);color: #ffffff;\"><span class=\"ubtn-hover\" style=\"background-color:#34a6f7\"><\/span><span class=\"ubtn-data ubtn-text \" >Visita les nostres instal\u00b7lacions<\/span><\/button><\/a><\/div>[\/vc_column][\/vc_row][vc_row type=&#8221;vc_default&#8221; css=&#8221;.vc_custom_1564490122441{padding-top: 80px !important;padding-bottom: 80px !important;background-image: url(http:\/\/www.centresgeriatricsmalgrat.com\/wp-content\/uploads\/2019\/01\/medical_group-1.png?id=1399) !important;background-position: center !important;background-repeat: no-repeat !important;background-size: contain !important;}&#8221;][vc_column width=&#8221;2\/3&#8243; offset=&#8221;vc_col-lg-offset-2 vc_col-md-offset-2 vc_col-sm-offset-2&#8243; css=&#8221;.vc_custom_1547808120870{background-color: rgba(255,255,255,0.5) !important;*background-color: rgb(255,255,255) !important;}&#8221;]<div id=\"ultimate-heading-960669f6373643699\" class=\"uvc-heading ult-adjust-bottom-margin ultimate-heading-960669f6373643699 uvc-9202  uvc-heading-default-font-sizes\" data-hspacer=\"no_spacer\"  data-halign=\"center\" style=\"text-align:center\"><div class=\"uvc-heading-spacer no_spacer\" style=\"top\"><\/div><div class=\"uvc-main-heading ult-responsive\"  data-ultimate-target='.uvc-heading.ultimate-heading-960669f6373643699 h1'  data-responsive-json-new='{\"font-size\":\"\",\"line-height\":\"\"}' ><h1 style=\"font-weight:bold;\">Millorem el seu benestar<\/h1><\/div><div class=\"uvc-sub-heading ult-responsive\"  data-ultimate-target='.uvc-heading.ultimate-heading-960669f6373643699 .uvc-sub-heading '  data-responsive-json-new='{\"font-size\":\"desktop:18px;\",\"line-height\":\"desktop:28px;\"}'  style=\"font-weight:normal;color:#9a9a9a;margin-top:20px;margin-bottom:60px;\">En els nostres centres, treballem per cuidar, i tenim cura amb excel\u00b7l\u00e8ncia perqu\u00e8 l&#8217;usuari viva m\u00e9s i millor. La nostra missi\u00f3 \u00e9s millorar el benestar i la qualitat de vida dels residents i les seves fam\u00edlies amb serveis de qualitat i cures professionals.<\/div><\/div>[\/vc_column][\/vc_row]<\/p>\n<\/div>","protected":false},"excerpt":{"rendered":"<p>[vc_row][vc_column][vc_column_text] Resid\u00e8ncia Geri\u00e0trica Malgrat Resid\u00e8ncia geri\u00e0trica Malgrat, sl, \u00e9s una empresa familiar, fundada el setembre de 1993, any en qu\u00e8 es va obrir el nostre primer centre ubicat al c \/ Sant Pere 42 de Malgrat de Mar. Des dels inicis, hem estat centre col\u00b7laborador del sistema social p\u00fablic de la Generalitat de Catalunya, antigament&hellip;<\/p>\n","protected":false},"author":3,"featured_media":0,"parent":0,"menu_order":0,"comment_status":"closed","ping_status":"closed","template":"template-microsite.php","meta":{"_acf_changed":false,"footnotes":""},"class_list":["post-2024","page","type-page","status-publish","hentry","description-off"],"acf":[],"_links":{"self":[{"href":"https:\/\/www.centresgeriatricsmalgrat.com\/ca\/wp-json\/wp\/v2\/pages\/2024","targetHints":{"allow":["GET"]}}],"collection":[{"href":"https:\/\/www.centresgeriatricsmalgrat.com\/ca\/wp-json\/wp\/v2\/pages"}],"about":[{"href":"https:\/\/www.centresgeriatricsmalgrat.com\/ca\/wp-json\/wp\/v2\/types\/page"}],"author":[{"embeddable":true,"href":"https:\/\/www.centresgeriatricsmalgrat.com\/ca\/wp-json\/wp\/v2\/users\/3"}],"replies":[{"embeddable":true,"href":"https:\/\/www.centresgeriatricsmalgrat.com\/ca\/wp-json\/wp\/v2\/comments?post=2024"}],"version-history":[{"count":22,"href":"https:\/\/www.centresgeriatricsmalgrat.com\/ca\/wp-json\/wp\/v2\/pages\/2024\/revisions"}],"predecessor-version":[{"id":2290,"href":"https:\/\/www.centresgeriatricsmalgrat.com\/ca\/wp-json\/wp\/v2\/pages\/2024\/revisions\/2290"}],"wp:attachment":[{"href":"https:\/\/www.centresgeriatricsmalgrat.com\/ca\/wp-json\/wp\/v2\/media?parent=2024"}],"curies":[{"name":"wp","href":"https:\/\/api.w.org\/{rel}","templated":true}]}}