{"id":2056,"date":"2019-07-10T13:52:01","date_gmt":"2019-07-10T12:52:01","guid":{"rendered":"http:\/\/www.centresgeriatricsmalgrat.com\/perruqueria-i-podologia-residencia\/"},"modified":"2019-08-21T16:23:01","modified_gmt":"2019-08-21T15:23:01","slug":"perruqueria-i-podologia-residencia","status":"publish","type":"page","link":"https:\/\/www.centresgeriatricsmalgrat.com\/ca\/perruqueria-i-podologia-residencia\/","title":{"rendered":"Perruqueria i Podologia &#8211; Resid\u00e8ncia"},"content":{"rendered":"<div class=\"wpb-content-wrapper\"><p>[vc_row type=&#8221;vc_default&#8221; css=&#8221;.vc_custom_1474221376872{margin-bottom: -80px !important;}&#8221;][vc_column offset=&#8221;vc_col-lg-8 vc_col-md-8 vc_col-xs-12&#8243; css=&#8221;.vc_custom_1463573458077{margin-bottom: 80px !important;}&#8221;]<style type=\"text\/css\" data-type=\"the7_shortcodes-inline-css\">.gallery-carousel-shortcode.gallery-carousel-shortcode-id-ae3ee28100710b2fb5f789c177d1171a.owl-carousel .owl-nav div {\n  width: 36px;\n  height: 36px;\n  border-radius: 500px;\n}\n.dt-arrow-border-on.gallery-carousel-shortcode.gallery-carousel-shortcode-id-ae3ee28100710b2fb5f789c177d1171a.owl-carousel .owl-nav div:not(:hover):before {\n  border-width: 0px;\n}\n.dt-arrow-hover-border-on.gallery-carousel-shortcode.gallery-carousel-shortcode-id-ae3ee28100710b2fb5f789c177d1171a.owl-carousel .owl-nav div:hover:after {\n  border-width: 0px;\n}\n.gallery-carousel-shortcode.gallery-carousel-shortcode-id-ae3ee28100710b2fb5f789c177d1171a.owl-carousel .owl-nav div.owl-prev {\n  top: 50%;\n  transform: translateY(calc(-50% + 0px));\n  left: -43px;\n}\n@media all and (-ms-high-contrast: none) {\n  .gallery-carousel-shortcode.gallery-carousel-shortcode-id-ae3ee28100710b2fb5f789c177d1171a.owl-carousel .owl-nav div.owl-prev {\n    transform: translateY(-50%);\n    margin-top: 0px;\n  }\n}\n.gallery-carousel-shortcode.gallery-carousel-shortcode-id-ae3ee28100710b2fb5f789c177d1171a.owl-carousel .owl-nav div.owl-prev i {\n  padding: 0px 0px 0px 0px;\n}\n.gallery-carousel-shortcode.gallery-carousel-shortcode-id-ae3ee28100710b2fb5f789c177d1171a.owl-carousel .owl-nav div.owl-next {\n  top: 50%;\n  transform: translateY(calc(-50% + 0px));\n  right: -43px;\n}\n@media all and (-ms-high-contrast: none) {\n  .gallery-carousel-shortcode.gallery-carousel-shortcode-id-ae3ee28100710b2fb5f789c177d1171a.owl-carousel .owl-nav div.owl-next {\n    transform: translateY(-50%);\n    margin-top: 0px;\n  }\n}\n.gallery-carousel-shortcode.gallery-carousel-shortcode-id-ae3ee28100710b2fb5f789c177d1171a.owl-carousel .owl-nav div.owl-next i {\n  padding: 0px 0px 0px 0px;\n}\n.gallery-carousel-shortcode.gallery-carousel-shortcode-id-ae3ee28100710b2fb5f789c177d1171a.owl-carousel .owl-nav i {\n  font-size: 18px;\n}\n.gallery-carousel-shortcode.gallery-carousel-shortcode-id-ae3ee28100710b2fb5f789c177d1171a.owl-carousel .owl-nav div:not(:hover) i,\n.gallery-carousel-shortcode.gallery-carousel-shortcode-id-ae3ee28100710b2fb5f789c177d1171a.owl-carousel .owl-nav div:not(:hover) i:before {\n  color: #ffffff;\n  background: none;\n}\n.gallery-carousel-shortcode.gallery-carousel-shortcode-id-ae3ee28100710b2fb5f789c177d1171a.owl-carousel .owl-nav div:hover i,\n.gallery-carousel-shortcode.gallery-carousel-shortcode-id-ae3ee28100710b2fb5f789c177d1171a.owl-carousel .owl-nav div:hover i:before {\n  color: rgba(255,255,255,0.75);\n  background: none;\n}\n.gallery-carousel-shortcode.gallery-carousel-shortcode-id-ae3ee28100710b2fb5f789c177d1171a .owl-dots {\n  top: calc(100% + 20px);\n  left: 50%;\n  transform: translateX(calc(-50% + 0px));\n}\n@media all and (-ms-high-contrast: none) {\n  .gallery-carousel-shortcode.gallery-carousel-shortcode-id-ae3ee28100710b2fb5f789c177d1171a .owl-dots {\n    transform: translateX(-50%);\n    margin-left: 0px;\n  }\n}\n.gallery-carousel-shortcode.gallery-carousel-shortcode-id-ae3ee28100710b2fb5f789c177d1171a .owl-dot {\n  width: 10px;\n  height: 10px;\n  margin: 0 8px;\n}\n@media screen and (max-width: 778px) {\n  .gallery-carousel-shortcode.gallery-carousel-shortcode-id-ae3ee28100710b2fb5f789c177d1171a.hide-arrows .owl-nav a {\n    display: none;\n  }\n}\n@media screen and (max-width: 778px) {\n  .gallery-carousel-shortcode.gallery-carousel-shortcode-id-ae3ee28100710b2fb5f789c177d1171a.reposition-arrows .owl-nav .owl-prev {\n    top: 50%;\n    transform: translateY(calc(-50% + 0px));\n    left: 10px;\n  }\n  .gallery-carousel-shortcode.gallery-carousel-shortcode-id-ae3ee28100710b2fb5f789c177d1171a.reposition-arrows .owl-nav .owl-next {\n    top: 50%;\n    transform: translateY(calc(-50% + 0px));\n    right: 10px;\n  }\n}\n@media screen and (max-width: 778px) and all and (-ms-high-contrast: none) {\n  .gallery-carousel-shortcode.gallery-carousel-shortcode-id-ae3ee28100710b2fb5f789c177d1171a.reposition-arrows .owl-nav .owl-prev {\n    transform: translateY(-50%);\n    margin-top: 0px;\n  }\n}\n@media screen and (max-width: 778px) and all and (-ms-high-contrast: none) {\n  .gallery-carousel-shortcode.gallery-carousel-shortcode-id-ae3ee28100710b2fb5f789c177d1171a.reposition-arrows .owl-nav .owl-next {\n    transform: translateY(-50%);\n    margin-top: 0px;\n  }\n}\n.gallery-carousel-shortcode.gallery-carousel-shortcode-id-ae3ee28100710b2fb5f789c177d1171a figure,\n.gallery-carousel-shortcode.gallery-carousel-shortcode-id-ae3ee28100710b2fb5f789c177d1171a .rollover,\n.gallery-carousel-shortcode.gallery-carousel-shortcode-id-ae3ee28100710b2fb5f789c177d1171a img,\n.gallery-carousel-shortcode.gallery-carousel-shortcode-id-ae3ee28100710b2fb5f789c177d1171a .gallery-rollover {\n  border-radius: 6px;\n}\n.gallery-carousel-shortcode.gallery-carousel-shortcode-id-ae3ee28100710b2fb5f789c177d1171a.enable-bg-rollover .gallery-rollover {\n  background: -webkit-linear-gradient();\n  background: linear-gradient();\n}\n.gallery-carousel-shortcode.gallery-carousel-shortcode-id-ae3ee28100710b2fb5f789c177d1171a.enable-img-shadow .owl-stage-outer {\n  padding: 24px 0;\n}\n.gallery-carousel-shortcode.gallery-carousel-shortcode-id-ae3ee28100710b2fb5f789c177d1171a.enable-bg-rollover.hover-scale figure .rollover:after {\n  background: -webkit-linear-gradient();\n  background: linear-gradient();\n}\n.gallery-carousel-shortcode.gallery-carousel-shortcode-id-ae3ee28100710b2fb5f789c177d1171a.gallery-shortcode .gallery-zoom-ico {\n  width: 44px;\n  height: 44px;\n  line-height: 44px;\n  border-radius: 100px;\n  margin: -22px 0 0 -22px;\n  border-width: 0px;\n}\n.dt-icon-bg-on.gallery-carousel-shortcode.gallery-carousel-shortcode-id-ae3ee28100710b2fb5f789c177d1171a.gallery-shortcode .gallery-zoom-ico {\n  background: rgba(255,255,255,0.3);\n  box-shadow: none;\n}\n.gallery-carousel-shortcode.gallery-carousel-shortcode-id-ae3ee28100710b2fb5f789c177d1171a.gallery-shortcode .gallery-zoom-ico:before,\n.gallery-carousel-shortcode.gallery-carousel-shortcode-id-ae3ee28100710b2fb5f789c177d1171a.gallery-shortcode .gallery-zoom-ico span {\n  font-size: 32px;\n  line-height: 44px;\n  color: #ffffff;\n  background: none;\n}<\/style><div class=\"owl-carousel gallery-carousel-shortcode gallery-shortcode  dt-gallery-container dt-owl-carousel-call gallery-carousel-shortcode-id-ae3ee28100710b2fb5f789c177d1171a quick-scale-img enable-bg-rollover meta-info-off dt-arrow-border-on dt-arrow-hover-border-on bullets-small-dot-stroke reposition-arrows dt-icon-bg-off arrows-bg-on disable-arrows-hover-bg arrows-hover-bg-on  hover-fade \" data-scroll-mode=\"1\" data-col-num=\"1\" data-wide-col-num=\"1\" data-laptop-col=\"1\" data-h-tablet-columns-num=\"1\" data-v-tablet-columns-num=\"1\" data-phone-columns-num=\"1\" data-col-gap=\"20\" data-stage-padding=\"0\" data-speed=\"600\" data-autoplay=\"true\" data-autoplay_speed=\"3000\" data-arrows=\"true\" data-bullet=\"false\" data-next-icon=\"icon-ar-017-r\" data-prev-icon=\"icon-ar-017-l\" data-img-shadow-size=\"12px\" data-img-shadow-spread=\"3px\"><div data-post-id=\"1704\" data-date=\"2019-05-02T13:22:51+02:00\" data-name=\"OLYMPUS DIGITAL CAMERA\"><figure class=\"post\"><a href=\"https:\/\/www.centresgeriatricsmalgrat.com\/wp-content\/uploads\/2019\/05\/centres-geriatrics-malgrat-peluqueria.jpg\" class=\"rollover dt-pswp-item layzr-bg\" data-large_image_width=\"1200\" data-large_image_height=\"900\" data-dt-img-description=\"\" title=\"OLYMPUS DIGITAL CAMERA\"><img fetchpriority=\"high\" decoding=\"async\" class=\"preload-me owl-lazy-load aspect\" src=\"data:image\/svg+xml,%3Csvg%20xmlns%3D&#39;http%3A%2F%2Fwww.w3.org%2F2000%2Fsvg&#39;%20viewBox%3D&#39;0%200%201200%20900&#39;%2F%3E\" data-src=\"https:\/\/www.centresgeriatricsmalgrat.com\/wp-content\/uploads\/2019\/05\/centres-geriatrics-malgrat-peluqueria.jpg\" data-srcset=\"https:\/\/www.centresgeriatricsmalgrat.com\/wp-content\/uploads\/2019\/05\/centres-geriatrics-malgrat-peluqueria.jpg 1200w\" loading=\"eager\" style=\"--ratio: 1200 \/ 900\" sizes=\"(max-width: 1200px) 100vw, 1200px\" alt=\"\" width=\"1200\" height=\"900\"  \/><span class=\"gallery-rollover\"><span class=\"gallery-zoom-ico icomoon-the7-font-the7-zoom-06\"><span><\/span><\/span><\/span><\/a><\/figure><\/div><div data-post-id=\"1818\" data-date=\"2019-06-15T08:31:39+02:00\" data-name=\"OLYMPUS DIGITAL CAMERA\"><figure class=\"post\"><a href=\"https:\/\/www.centresgeriatricsmalgrat.com\/wp-content\/uploads\/2019\/06\/peluqueria-podologia-residencia-02.jpg\" class=\"rollover dt-pswp-item layzr-bg\" data-large_image_width=\"1200\" data-large_image_height=\"900\" data-dt-img-description=\"\" title=\"OLYMPUS DIGITAL CAMERA\"><img decoding=\"async\" class=\"preload-me owl-lazy-load aspect\" src=\"data:image\/svg+xml,%3Csvg%20xmlns%3D&#39;http%3A%2F%2Fwww.w3.org%2F2000%2Fsvg&#39;%20viewBox%3D&#39;0%200%201200%20900&#39;%2F%3E\" data-src=\"https:\/\/www.centresgeriatricsmalgrat.com\/wp-content\/uploads\/2019\/06\/peluqueria-podologia-residencia-02.jpg\" data-srcset=\"https:\/\/www.centresgeriatricsmalgrat.com\/wp-content\/uploads\/2019\/06\/peluqueria-podologia-residencia-02.jpg 1200w\" loading=\"eager\" style=\"--ratio: 1200 \/ 900\" sizes=\"(max-width: 1200px) 100vw, 1200px\" alt=\"\" width=\"1200\" height=\"900\"  \/><span class=\"gallery-rollover\"><span class=\"gallery-zoom-ico icomoon-the7-font-the7-zoom-06\"><span><\/span><\/span><\/span><\/a><\/figure><\/div><\/div><div id=\"ultimate-heading-255669f659ec13da6\" class=\"uvc-heading ult-adjust-bottom-margin ultimate-heading-255669f659ec13da6 uvc-2276 \" data-hspacer=\"no_spacer\"  data-halign=\"left\" style=\"text-align:left\"><div class=\"uvc-heading-spacer no_spacer\" style=\"top\"><\/div><div class=\"uvc-main-heading ult-responsive\"  data-ultimate-target='.uvc-heading.ultimate-heading-255669f659ec13da6 h2'  data-responsive-json-new='{\"font-size\":\"desktop:24px;\",\"line-height\":\"desktop:30px;\"}' ><h2 style=\"font-weight:bold;margin-top:30px;margin-bottom:22px;\">La nostra perruqueria i podologia<\/h2><\/div><\/div>[vc_column_text]A la nostra Resid\u00e8ncia som coneixedors de la import\u00e0ncia de la cura i imatge dels nostres residents, i \u00e9s per aix\u00f2 que disposem de perruqueria i podologia pr\u00f2pia a la mateixa resid\u00e8ncia per a la comoditat de tots ells.<\/p>\n<p>La nostra pod\u00f2loga va peri\u00f2dicament al nostre centre per fer el seguiment dels peus dels nostres residents portant a terme un tractament personalitzat a cada un d&#8217;ells per posar remei a les malalties i alteracions de la pell que afecten el peu com callositats, dur\u00edcies, ungles encarnades o deformades i infeccions.<\/p>\n<p>A m\u00e9s, es presta especial atenci\u00f3 als residents diab\u00e8tics per evitar riscos.<\/p>\n<p>Igualment que amb el nostre servei de podologia, les nostres perruqueres van setmanalment al nostre centre per prestar els seus serveis a aquelles residents que ho necessitin i que aix\u00ed ho soliciten. Les nostres perruqueres compten amb equipaci\u00f3 necess\u00e0ria per tallar, rentar, pentinar, tenyir i assecar el cabell .<\/p>\n<p>Tots dos serveis s\u00f3n opcionals.<\/p>\n<div id=\"pg-2625-0\" class=\"panel-grid panel-no-style\">\n<div id=\"pgc-2625-0-0\" class=\"panel-grid-cell\">\n<div id=\"panel-2625-0-0-0\" class=\"so-panel widget widget_sow-editor panel-first-child panel-last-child\" data-index=\"0\">\n<div class=\"so-widget-sow-editor so-widget-sow-editor-base\">\n<div class=\"siteorigin-widget-tinymce textwidget\">\n<p>&nbsp;<\/p>\n<\/div>\n<p>&nbsp;<\/p>\n<div class=\"siteorigin-widget-tinymce textwidget\">\n<p>&nbsp;<\/p>\n<\/div>\n<\/div>\n<\/div>\n<\/div>\n<\/div>\n<p>[\/vc_column_text][\/vc_column][vc_column offset=&#8221;vc_col-lg-4 vc_col-md-4 vc_col-xs-12&#8243; el_class=&#8221;custom_sidebar&#8221; css=&#8221;.vc_custom_1474221370251{padding-bottom: 80px !important;}&#8221;][vc_row_inner css=&#8221;.vc_custom_1462516802446{padding-right: 25px !important;padding-left: 25px !important;}&#8221;][vc_column_inner css=&#8221;.vc_custom_1471295267122{padding-top: 30px !important;padding-right: 30px !important;padding-bottom: 20px !important;padding-left: 30px !important;background-color: #f4f4f4 !important;}&#8221;]<div id=\"ultimate-heading-185269f659ec13e04\" class=\"uvc-heading ult-adjust-bottom-margin ultimate-heading-185269f659ec13e04 uvc-2444  uvc-heading-default-font-sizes\" data-hspacer=\"no_spacer\"  data-halign=\"left\" style=\"text-align:left\"><div class=\"uvc-heading-spacer no_spacer\" style=\"top\"><\/div><div class=\"uvc-main-heading ult-responsive\"  data-ultimate-target='.uvc-heading.ultimate-heading-185269f659ec13e04 h3'  data-responsive-json-new='{\"font-size\":\"\",\"line-height\":\"\"}' ><h3 style=\"font-weight:bold;margin-bottom:20px;\">Sol\u00b7licita informaci\u00f3<\/h3><\/div><\/div>[vc_column_text]Si vols con\u00e8ixer la disponibilitat de les nostres habitacions, si us plau, omple les teves dades i envia&#8217;ns un missatge, us respondrem al m\u00e9s aviat possible.[\/vc_column_text][vc_empty_space height=&#8221;30px&#8221;]<form class=\"dt-contact-form dt-form\" method=\"post\"><input type=\"hidden\" name=\"widget_id\" value=\"presscore-contact-form-widget--1\" \/><input type=\"hidden\" name=\"send_message\" value=\"\" \/><input type=\"hidden\" name=\"security_token\" value=\"633775e8941aa7820be4\"\/><div class=\"form-fields\"><span class=\"form-name\"><label class=\"assistive-text\">Nom *<\/label><input type=\"text\" class=\"validate[required]\" placeholder=\"Nom *\" name=\"name\" value=\"\" aria-required=\"true\">\n<\/span><span class=\"form-mail\"><label class=\"assistive-text\">E-mail *<\/label><input type=\"text\" class=\"validate[required,custom[email]]\" placeholder=\"E-mail *\" name=\"email\" value=\"\" aria-required=\"true\">\n<\/span><span class=\"form-telephone\"><label class=\"assistive-text\">Tel\u00e8fon<\/label><input type=\"text\" placeholder=\"Tel\u00e8fon\" name=\"telephone\" value=\"\" aria-required=\"false\">\n<\/span><\/div><span class=\"form-message\"><label class=\"assistive-text\">Missatge<\/label><textarea placeholder=\"Missatge\" name=\"message\" rows=\"2\" aria-required=\"false\"><\/textarea>\n<\/span><div class=\"the7-g-captcha\"><\/div><p><a href=\"#\" class=\"dt-btn dt-btn-m dt-btn-submit\" rel=\"nofollow\"><span>Enviar<\/span><\/a><input class=\"assistive-text\" type=\"submit\" value=\"submit\"><\/p><\/form>\n[\/vc_column_inner][\/vc_row_inner][\/vc_column][\/vc_row]<\/p>\n<\/div>","protected":false},"excerpt":{"rendered":"<p>[vc_row type=&#8221;vc_default&#8221; css=&#8221;.vc_custom_1474221376872{margin-bottom: -80px !important;}&#8221;][vc_column offset=&#8221;vc_col-lg-8 vc_col-md-8 vc_col-xs-12&#8243; css=&#8221;.vc_custom_1463573458077{margin-bottom: 80px !important;}&#8221;][vc_column_text]A la nostra Resid\u00e8ncia som coneixedors de la import\u00e0ncia de la cura i imatge dels nostres residents, i \u00e9s per aix\u00f2 que disposem de perruqueria i podologia pr\u00f2pia a la mateixa resid\u00e8ncia per a la comoditat de tots ells. La nostra pod\u00f2loga va peri\u00f2dicament al&hellip;<\/p>\n","protected":false},"author":3,"featured_media":0,"parent":0,"menu_order":20,"comment_status":"closed","ping_status":"closed","template":"template-microsite.php","meta":{"_acf_changed":false,"footnotes":""},"class_list":["post-2056","page","type-page","status-publish","hentry","description-off"],"acf":[],"_links":{"self":[{"href":"https:\/\/www.centresgeriatricsmalgrat.com\/ca\/wp-json\/wp\/v2\/pages\/2056","targetHints":{"allow":["GET"]}}],"collection":[{"href":"https:\/\/www.centresgeriatricsmalgrat.com\/ca\/wp-json\/wp\/v2\/pages"}],"about":[{"href":"https:\/\/www.centresgeriatricsmalgrat.com\/ca\/wp-json\/wp\/v2\/types\/page"}],"author":[{"embeddable":true,"href":"https:\/\/www.centresgeriatricsmalgrat.com\/ca\/wp-json\/wp\/v2\/users\/3"}],"replies":[{"embeddable":true,"href":"https:\/\/www.centresgeriatricsmalgrat.com\/ca\/wp-json\/wp\/v2\/comments?post=2056"}],"version-history":[{"count":3,"href":"https:\/\/www.centresgeriatricsmalgrat.com\/ca\/wp-json\/wp\/v2\/pages\/2056\/revisions"}],"predecessor-version":[{"id":2350,"href":"https:\/\/www.centresgeriatricsmalgrat.com\/ca\/wp-json\/wp\/v2\/pages\/2056\/revisions\/2350"}],"wp:attachment":[{"href":"https:\/\/www.centresgeriatricsmalgrat.com\/ca\/wp-json\/wp\/v2\/media?parent=2056"}],"curies":[{"name":"wp","href":"https:\/\/api.w.org\/{rel}","templated":true}]}}