{"id":2058,"date":"2019-07-10T13:52:59","date_gmt":"2019-07-10T12:52:59","guid":{"rendered":"http:\/\/www.centresgeriatricsmalgrat.com\/sala-de-rehabilitacio-residencia\/"},"modified":"2019-07-10T17:53:25","modified_gmt":"2019-07-10T16:53:25","slug":"sala-de-rehabilitacio-residencia","status":"publish","type":"page","link":"https:\/\/www.centresgeriatricsmalgrat.com\/ca\/sala-de-rehabilitacio-residencia\/","title":{"rendered":"Sala de Rehabilitaci\u00f3 &#8211; Resid\u00e8ncia"},"content":{"rendered":"<div class=\"wpb-content-wrapper\"><p>[vc_row type=&#8221;vc_default&#8221; css=&#8221;.vc_custom_1474221376872{margin-bottom: -80px !important;}&#8221;][vc_column offset=&#8221;vc_col-lg-8 vc_col-md-8 vc_col-xs-12&#8243; css=&#8221;.vc_custom_1463573458077{margin-bottom: 80px !important;}&#8221;]<style type=\"text\/css\" data-type=\"the7_shortcodes-inline-css\">.gallery-carousel-shortcode.gallery-carousel-shortcode-id-5b95b7b69b0c1f69c0034d9f4f81ad0d.owl-carousel .owl-nav div {\n  width: 36px;\n  height: 36px;\n  border-radius: 500px;\n}\n.dt-arrow-border-on.gallery-carousel-shortcode.gallery-carousel-shortcode-id-5b95b7b69b0c1f69c0034d9f4f81ad0d.owl-carousel .owl-nav div:not(:hover):before {\n  border-width: 0px;\n}\n.dt-arrow-hover-border-on.gallery-carousel-shortcode.gallery-carousel-shortcode-id-5b95b7b69b0c1f69c0034d9f4f81ad0d.owl-carousel .owl-nav div:hover:after {\n  border-width: 0px;\n}\n.gallery-carousel-shortcode.gallery-carousel-shortcode-id-5b95b7b69b0c1f69c0034d9f4f81ad0d.owl-carousel .owl-nav div.owl-prev {\n  top: 50%;\n  transform: translateY(calc(-50% + 0px));\n  left: -43px;\n}\n@media all and (-ms-high-contrast: none) {\n  .gallery-carousel-shortcode.gallery-carousel-shortcode-id-5b95b7b69b0c1f69c0034d9f4f81ad0d.owl-carousel .owl-nav div.owl-prev {\n    transform: translateY(-50%);\n    margin-top: 0px;\n  }\n}\n.gallery-carousel-shortcode.gallery-carousel-shortcode-id-5b95b7b69b0c1f69c0034d9f4f81ad0d.owl-carousel .owl-nav div.owl-prev i {\n  padding: 0px 0px 0px 0px;\n}\n.gallery-carousel-shortcode.gallery-carousel-shortcode-id-5b95b7b69b0c1f69c0034d9f4f81ad0d.owl-carousel .owl-nav div.owl-next {\n  top: 50%;\n  transform: translateY(calc(-50% + 0px));\n  right: -43px;\n}\n@media all and (-ms-high-contrast: none) {\n  .gallery-carousel-shortcode.gallery-carousel-shortcode-id-5b95b7b69b0c1f69c0034d9f4f81ad0d.owl-carousel .owl-nav div.owl-next {\n    transform: translateY(-50%);\n    margin-top: 0px;\n  }\n}\n.gallery-carousel-shortcode.gallery-carousel-shortcode-id-5b95b7b69b0c1f69c0034d9f4f81ad0d.owl-carousel .owl-nav div.owl-next i {\n  padding: 0px 0px 0px 0px;\n}\n.gallery-carousel-shortcode.gallery-carousel-shortcode-id-5b95b7b69b0c1f69c0034d9f4f81ad0d.owl-carousel .owl-nav i {\n  font-size: 18px;\n}\n.gallery-carousel-shortcode.gallery-carousel-shortcode-id-5b95b7b69b0c1f69c0034d9f4f81ad0d.owl-carousel .owl-nav div:not(:hover) i,\n.gallery-carousel-shortcode.gallery-carousel-shortcode-id-5b95b7b69b0c1f69c0034d9f4f81ad0d.owl-carousel .owl-nav div:not(:hover) i:before {\n  color: #ffffff;\n  background: none;\n}\n.gallery-carousel-shortcode.gallery-carousel-shortcode-id-5b95b7b69b0c1f69c0034d9f4f81ad0d.owl-carousel .owl-nav div:hover i,\n.gallery-carousel-shortcode.gallery-carousel-shortcode-id-5b95b7b69b0c1f69c0034d9f4f81ad0d.owl-carousel .owl-nav div:hover i:before {\n  color: rgba(255,255,255,0.75);\n  background: none;\n}\n.gallery-carousel-shortcode.gallery-carousel-shortcode-id-5b95b7b69b0c1f69c0034d9f4f81ad0d .owl-dots {\n  top: calc(100% + 20px);\n  left: 50%;\n  transform: translateX(calc(-50% + 0px));\n}\n@media all and (-ms-high-contrast: none) {\n  .gallery-carousel-shortcode.gallery-carousel-shortcode-id-5b95b7b69b0c1f69c0034d9f4f81ad0d .owl-dots {\n    transform: translateX(-50%);\n    margin-left: 0px;\n  }\n}\n.gallery-carousel-shortcode.gallery-carousel-shortcode-id-5b95b7b69b0c1f69c0034d9f4f81ad0d .owl-dot {\n  width: 10px;\n  height: 10px;\n  margin: 0 8px;\n}\n@media screen and (max-width: 778px) {\n  .gallery-carousel-shortcode.gallery-carousel-shortcode-id-5b95b7b69b0c1f69c0034d9f4f81ad0d.hide-arrows .owl-nav a {\n    display: none;\n  }\n}\n@media screen and (max-width: 778px) {\n  .gallery-carousel-shortcode.gallery-carousel-shortcode-id-5b95b7b69b0c1f69c0034d9f4f81ad0d.reposition-arrows .owl-nav .owl-prev {\n    top: 50%;\n    transform: translateY(calc(-50% + 0px));\n    left: 10px;\n  }\n  .gallery-carousel-shortcode.gallery-carousel-shortcode-id-5b95b7b69b0c1f69c0034d9f4f81ad0d.reposition-arrows .owl-nav .owl-next {\n    top: 50%;\n    transform: translateY(calc(-50% + 0px));\n    right: 10px;\n  }\n}\n@media screen and (max-width: 778px) and all and (-ms-high-contrast: none) {\n  .gallery-carousel-shortcode.gallery-carousel-shortcode-id-5b95b7b69b0c1f69c0034d9f4f81ad0d.reposition-arrows .owl-nav .owl-prev {\n    transform: translateY(-50%);\n    margin-top: 0px;\n  }\n}\n@media screen and (max-width: 778px) and all and (-ms-high-contrast: none) {\n  .gallery-carousel-shortcode.gallery-carousel-shortcode-id-5b95b7b69b0c1f69c0034d9f4f81ad0d.reposition-arrows .owl-nav .owl-next {\n    transform: translateY(-50%);\n    margin-top: 0px;\n  }\n}\n.gallery-carousel-shortcode.gallery-carousel-shortcode-id-5b95b7b69b0c1f69c0034d9f4f81ad0d figure,\n.gallery-carousel-shortcode.gallery-carousel-shortcode-id-5b95b7b69b0c1f69c0034d9f4f81ad0d .rollover,\n.gallery-carousel-shortcode.gallery-carousel-shortcode-id-5b95b7b69b0c1f69c0034d9f4f81ad0d img,\n.gallery-carousel-shortcode.gallery-carousel-shortcode-id-5b95b7b69b0c1f69c0034d9f4f81ad0d .gallery-rollover {\n  border-radius: 6px;\n}\n.gallery-carousel-shortcode.gallery-carousel-shortcode-id-5b95b7b69b0c1f69c0034d9f4f81ad0d.enable-bg-rollover .gallery-rollover {\n  background: -webkit-linear-gradient();\n  background: linear-gradient();\n}\n.gallery-carousel-shortcode.gallery-carousel-shortcode-id-5b95b7b69b0c1f69c0034d9f4f81ad0d.enable-img-shadow .owl-stage-outer {\n  padding: 24px 0;\n}\n.gallery-carousel-shortcode.gallery-carousel-shortcode-id-5b95b7b69b0c1f69c0034d9f4f81ad0d.enable-bg-rollover.hover-scale figure .rollover:after {\n  background: -webkit-linear-gradient();\n  background: linear-gradient();\n}\n.gallery-carousel-shortcode.gallery-carousel-shortcode-id-5b95b7b69b0c1f69c0034d9f4f81ad0d.gallery-shortcode .gallery-zoom-ico {\n  width: 44px;\n  height: 44px;\n  line-height: 44px;\n  border-radius: 100px;\n  margin: -22px 0 0 -22px;\n  border-width: 0px;\n}\n.dt-icon-bg-on.gallery-carousel-shortcode.gallery-carousel-shortcode-id-5b95b7b69b0c1f69c0034d9f4f81ad0d.gallery-shortcode .gallery-zoom-ico {\n  background: rgba(255,255,255,0.3);\n  box-shadow: none;\n}\n.gallery-carousel-shortcode.gallery-carousel-shortcode-id-5b95b7b69b0c1f69c0034d9f4f81ad0d.gallery-shortcode .gallery-zoom-ico:before,\n.gallery-carousel-shortcode.gallery-carousel-shortcode-id-5b95b7b69b0c1f69c0034d9f4f81ad0d.gallery-shortcode .gallery-zoom-ico span {\n  font-size: 32px;\n  line-height: 44px;\n  color: #ffffff;\n  background: none;\n}<\/style><div class=\"owl-carousel gallery-carousel-shortcode gallery-shortcode  dt-gallery-container dt-owl-carousel-call gallery-carousel-shortcode-id-5b95b7b69b0c1f69c0034d9f4f81ad0d quick-scale-img enable-bg-rollover meta-info-off dt-arrow-border-on dt-arrow-hover-border-on bullets-small-dot-stroke reposition-arrows dt-icon-bg-off arrows-bg-on disable-arrows-hover-bg arrows-hover-bg-on  hover-fade \" data-scroll-mode=\"1\" data-col-num=\"1\" data-wide-col-num=\"1\" data-laptop-col=\"1\" data-h-tablet-columns-num=\"1\" data-v-tablet-columns-num=\"1\" data-phone-columns-num=\"1\" data-col-gap=\"20\" data-stage-padding=\"0\" data-speed=\"600\" data-autoplay=\"true\" data-autoplay_speed=\"3000\" data-arrows=\"true\" data-bullet=\"false\" data-next-icon=\"icon-ar-017-r\" data-prev-icon=\"icon-ar-017-l\" data-img-shadow-size=\"12px\" data-img-shadow-spread=\"3px\"><div data-post-id=\"1676\" data-date=\"2019-05-02T11:02:06+02:00\" data-name=\"OLYMPUS DIGITAL CAMERA\"><figure class=\"post\"><a href=\"https:\/\/www.centresgeriatricsmalgrat.com\/wp-content\/uploads\/2019\/05\/centres-geriatrics-malgrat-sala-de-rehabilitacion.jpg\" class=\"rollover dt-pswp-item layzr-bg\" data-large_image_width=\"1200\" data-large_image_height=\"900\" data-dt-img-description=\"\" title=\"OLYMPUS DIGITAL CAMERA\"><img fetchpriority=\"high\" decoding=\"async\" class=\"preload-me owl-lazy-load aspect\" src=\"data:image\/svg+xml,%3Csvg%20xmlns%3D&#39;http%3A%2F%2Fwww.w3.org%2F2000%2Fsvg&#39;%20viewBox%3D&#39;0%200%201200%20900&#39;%2F%3E\" data-src=\"https:\/\/www.centresgeriatricsmalgrat.com\/wp-content\/uploads\/2019\/05\/centres-geriatrics-malgrat-sala-de-rehabilitacion.jpg\" data-srcset=\"https:\/\/www.centresgeriatricsmalgrat.com\/wp-content\/uploads\/2019\/05\/centres-geriatrics-malgrat-sala-de-rehabilitacion.jpg 1200w\" loading=\"eager\" style=\"--ratio: 1200 \/ 900\" sizes=\"(max-width: 1200px) 100vw, 1200px\" alt=\"\" width=\"1200\" height=\"900\"  \/><span class=\"gallery-rollover\"><span class=\"gallery-zoom-ico icomoon-the7-font-the7-zoom-06\"><span><\/span><\/span><\/span><\/a><\/figure><\/div><\/div><div id=\"ultimate-heading-138769f659b701757\" class=\"uvc-heading ult-adjust-bottom-margin ultimate-heading-138769f659b701757 uvc-413 \" data-hspacer=\"no_spacer\"  data-halign=\"left\" style=\"text-align:left\"><div class=\"uvc-heading-spacer no_spacer\" style=\"top\"><\/div><div class=\"uvc-main-heading ult-responsive\"  data-ultimate-target='.uvc-heading.ultimate-heading-138769f659b701757 h2'  data-responsive-json-new='{\"font-size\":\"desktop:24px;\",\"line-height\":\"desktop:30px;\"}' ><h2 style=\"font-weight:bold;margin-top:30px;margin-bottom:22px;\">Els serveis de rehabilitaci\u00f3<\/h2><\/div><\/div>[vc_column_text]A la nostra resid\u00e8ncia, un dels nostres principals objectius \u00e9s combatre la incapacitat dels nostres residents, restablint, rehabilitant i millorant la seva condici\u00f3 f\u00edsica mitjan\u00e7ant sessions de fisioter\u00e0pia individual i grupal. \u00c9s per aix\u00f2 que comptem amb una sala de rehabilitaci\u00f3 i un equip de professionals que s&#8217;ocupen de treballar en profunditat les necessitats especifiques de cada resident.<\/p>\n<p>La sala es troba ubicada a la planta baixa de l&#8217;edifici, i compta amb sistema de climatitzaci\u00f3 i connexi\u00f3 wifi. La nostra sala est\u00e0 equipada amb: bicicletes est\u00e0tiques, cinta de caminar, espatlleres, pedaliers, barres paral\u00b7leles, politja de corda, llums d&#8217;infrarojos, electr\u00f2lisi, llitera, kit de manuelles, passarel\u00b7la amb rampa i escales, cintes \/ tubs el\u00e0stics, fitballs i mobiliari de rehabilitaci\u00f3.[\/vc_column_text][\/vc_column][vc_column offset=&#8221;vc_col-lg-4 vc_col-md-4 vc_col-xs-12&#8243; el_class=&#8221;custom_sidebar&#8221; css=&#8221;.vc_custom_1474221370251{padding-bottom: 80px !important;}&#8221;][vc_row_inner css=&#8221;.vc_custom_1462516802446{padding-right: 25px !important;padding-left: 25px !important;}&#8221;][vc_column_inner css=&#8221;.vc_custom_1471295267122{padding-top: 30px !important;padding-right: 30px !important;padding-bottom: 20px !important;padding-left: 30px !important;background-color: #f4f4f4 !important;}&#8221;]<div id=\"ultimate-heading-854169f659b7017ae\" class=\"uvc-heading ult-adjust-bottom-margin ultimate-heading-854169f659b7017ae uvc-6750  uvc-heading-default-font-sizes\" data-hspacer=\"no_spacer\"  data-halign=\"left\" style=\"text-align:left\"><div class=\"uvc-heading-spacer no_spacer\" style=\"top\"><\/div><div class=\"uvc-main-heading ult-responsive\"  data-ultimate-target='.uvc-heading.ultimate-heading-854169f659b7017ae h3'  data-responsive-json-new='{\"font-size\":\"\",\"line-height\":\"\"}' ><h3 style=\"font-weight:bold;margin-bottom:20px;\">Sol\u00b7licita informaci\u00f3<\/h3><\/div><\/div>[vc_column_text]Si vols con\u00e8ixer la disponibilitat de les nostres habitacions, si us plau, omple les teves dades i envia&#8217;ns un missatge, us respondrem al m\u00e9s aviat possible.[\/vc_column_text][vc_empty_space height=&#8221;30px&#8221;]<form class=\"dt-contact-form dt-form\" method=\"post\"><input type=\"hidden\" name=\"widget_id\" value=\"presscore-contact-form-widget--1\" \/><input type=\"hidden\" name=\"send_message\" value=\"\" \/><input type=\"hidden\" name=\"security_token\" value=\"633775e8941aa7820be4\"\/><div class=\"form-fields\"><span class=\"form-name\"><label class=\"assistive-text\">Nom *<\/label><input type=\"text\" class=\"validate[required]\" placeholder=\"Nom *\" name=\"name\" value=\"\" aria-required=\"true\">\n<\/span><span class=\"form-mail\"><label class=\"assistive-text\">E-mail *<\/label><input type=\"text\" class=\"validate[required,custom[email]]\" placeholder=\"E-mail *\" name=\"email\" value=\"\" aria-required=\"true\">\n<\/span><span class=\"form-telephone\"><label class=\"assistive-text\">Tel\u00e8fon<\/label><input type=\"text\" placeholder=\"Tel\u00e8fon\" name=\"telephone\" value=\"\" aria-required=\"false\">\n<\/span><\/div><span class=\"form-message\"><label class=\"assistive-text\">Missatge<\/label><textarea placeholder=\"Missatge\" name=\"message\" rows=\"2\" aria-required=\"false\"><\/textarea>\n<\/span><div class=\"the7-g-captcha\"><\/div><p><a href=\"#\" class=\"dt-btn dt-btn-m dt-btn-submit\" rel=\"nofollow\"><span>Enviar<\/span><\/a><input class=\"assistive-text\" type=\"submit\" value=\"submit\"><\/p><\/form>\n[\/vc_column_inner][\/vc_row_inner][\/vc_column][\/vc_row]<\/p>\n<\/div>","protected":false},"excerpt":{"rendered":"<p>[vc_row type=&#8221;vc_default&#8221; css=&#8221;.vc_custom_1474221376872{margin-bottom: -80px !important;}&#8221;][vc_column offset=&#8221;vc_col-lg-8 vc_col-md-8 vc_col-xs-12&#8243; css=&#8221;.vc_custom_1463573458077{margin-bottom: 80px !important;}&#8221;][vc_column_text]A la nostra resid\u00e8ncia, un dels nostres principals objectius \u00e9s combatre la incapacitat dels nostres residents, restablint, rehabilitant i millorant la seva condici\u00f3 f\u00edsica mitjan\u00e7ant sessions de fisioter\u00e0pia individual i grupal. \u00c9s per aix\u00f2 que comptem amb una sala de rehabilitaci\u00f3 i un equip de&hellip;<\/p>\n","protected":false},"author":3,"featured_media":0,"parent":0,"menu_order":20,"comment_status":"closed","ping_status":"closed","template":"template-microsite.php","meta":{"_acf_changed":false,"footnotes":""},"class_list":["post-2058","page","type-page","status-publish","hentry","description-off"],"acf":[],"_links":{"self":[{"href":"https:\/\/www.centresgeriatricsmalgrat.com\/ca\/wp-json\/wp\/v2\/pages\/2058","targetHints":{"allow":["GET"]}}],"collection":[{"href":"https:\/\/www.centresgeriatricsmalgrat.com\/ca\/wp-json\/wp\/v2\/pages"}],"about":[{"href":"https:\/\/www.centresgeriatricsmalgrat.com\/ca\/wp-json\/wp\/v2\/types\/page"}],"author":[{"embeddable":true,"href":"https:\/\/www.centresgeriatricsmalgrat.com\/ca\/wp-json\/wp\/v2\/users\/3"}],"replies":[{"embeddable":true,"href":"https:\/\/www.centresgeriatricsmalgrat.com\/ca\/wp-json\/wp\/v2\/comments?post=2058"}],"version-history":[{"count":1,"href":"https:\/\/www.centresgeriatricsmalgrat.com\/ca\/wp-json\/wp\/v2\/pages\/2058\/revisions"}],"predecessor-version":[{"id":2059,"href":"https:\/\/www.centresgeriatricsmalgrat.com\/ca\/wp-json\/wp\/v2\/pages\/2058\/revisions\/2059"}],"wp:attachment":[{"href":"https:\/\/www.centresgeriatricsmalgrat.com\/ca\/wp-json\/wp\/v2\/media?parent=2058"}],"curies":[{"name":"wp","href":"https:\/\/api.w.org\/{rel}","templated":true}]}}