{"id":2316,"date":"2019-08-02T15:31:12","date_gmt":"2019-08-02T14:31:12","guid":{"rendered":"http:\/\/www.centresgeriatricsmalgrat.com\/politica-de-cookies\/"},"modified":"2020-12-21T14:58:56","modified_gmt":"2020-12-21T13:58:56","slug":"politica-de-cookies","status":"publish","type":"page","link":"https:\/\/www.centresgeriatricsmalgrat.com\/ca\/politica-de-cookies\/","title":{"rendered":"Pol\u00edtica de cookies"},"content":{"rendered":"<div class=\"wpb-content-wrapper\"><p>[vc_row][vc_column][vc_column_text]CENTRES GERIATRICS MALGRAT SL, a trav\u00e9s del present document, recull la seva Pol\u00edtica de recollida i tractament de cookies, en compliment del que disposa l&#8217;article 22.2 de la Llei 34\/2002, d\u201911 de juliol, de Serveis de la societat de la Informaci\u00f3 i de Comer\u00e7 Electr\u00f2nic (LSSI-CE).<\/p>\n<p>Les cookies s&#8217;emmagatzemen a l&#8217;equip terminal de l&#8217;usuari (ordinador o dispositiu m\u00f2bil) i recopilen informaci\u00f3 en visitar la p\u00e0gina web www.centresgeriatricsmalgrat.com, amb la finalitat de millorar la usabilitat de la mateixa, con\u00e8ixer els h\u00e0bits o necessitats de navegaci\u00f3 dels usuaris per poder adaptar-se als mateixos, aix\u00ed com obtenir informaci\u00f3 amb fins estad\u00edstics. En el cas d&#8217;aquells usuaris que ja siguin clients de CENTRES GERIATRICS MALGRAT SL, la informaci\u00f3 recollida amb les cookies servir\u00e0 tamb\u00e9 per a la seva identificaci\u00f3 en accedir a les diferents eines que CENTRES GERIATRICS MALGRAT SL posa a la seva disposici\u00f3 per a la gesti\u00f3 dels serveis.<\/p>\n<p>La present Pol\u00edtica de cookies ser\u00e0 d&#8217;aplicaci\u00f3 a aquells usuaris que volunt\u00e0riament visitin les p\u00e0gines web de CENTRES GERIATRICS MALGRAT SL, emplenin formularis de recollida de dades, accedeixin a les eines que CENTRES GERIATRICS MALGRAT SL posa a disposici\u00f3 dels seus clients per a gestionar els seus serveis, o utilitzin qualsevol altre servei present en el lloc web que impliqui la comunicaci\u00f3 de dades a CENTRES GERIATRICS MALGRAT SL, o l&#8217;acc\u00e9s a dades per CENTRES GERIATRICS MALGRAT SL per a la prestaci\u00f3 dels seus serveis.<\/p>\n<p>CENTRES GERIATRICS MALGRAT SL informa els usuaris de les seves p\u00e0gines web, de l&#8217;exist\u00e8ncia de cookies i posa a la seva disposici\u00f3 la present Pol\u00edtica amb la finalitat d&#8217;informar-los sobre l&#8217;\u00fas i de l&#8217;objecte de les mateixes. El fet de continuar la navegaci\u00f3 a trav\u00e9s de les seves p\u00e0gines, suposa el coneixement i l&#8217;acceptaci\u00f3 de la present Pol\u00edtica per part d&#8217;aquests usuaris.<\/p>\n<p>CENTRES GERIATRICS MALGRAT SL utilitza els seg\u00fcents tipus de cookies:<\/p>\n<p>Classificades segons la seva titularitat:<br \/>\n*Cookies pr\u00f2pies: enviades i gestionades directament per CENTRES GERIATRICS MALGRAT SL.<br \/>\n*Cookies de tercers: enviades i gestionades per un tercer ali\u00e8 a CENTRES GERIATRICS MALGRAT SL, de forma an\u00f2nima, amb la finalitat de realitzar estudis estad\u00edstics de navegaci\u00f3 per les p\u00e0gines web de CENTRES GERIATRICS MALGRAT SL.<br \/>\nClassificades segons la seva finalitat:<br \/>\n*Cookies t\u00e8cniques i\/o de personalitzaci\u00f3: faciliten la navegaci\u00f3 en identificar la sessi\u00f3, permetre l&#8217;acc\u00e9s a eines d&#8217;acc\u00e9s restringit, a m\u00e9s de configurar a mida les opcions disponibles. Possibiliten la prestaci\u00f3 del servei sol\u2022licitat pr\u00e8viament per l&#8217;usuari.<br \/>\n*Cookies d&#8217;an\u00e0lisi i\/o publicitat: permeten con\u00e8ixer el nombre de visites rebudes en les diferents seccions de les p\u00e0gines web, els h\u00e0bits i tend\u00e8ncies dels seus usuaris i enconseq\u00fc\u00e8ncia, poder millorar la navegaci\u00f3 i el servei ofert per CENTRES GERIATRICS<br \/>\nMALGRAT SL (fonamentalment, Google Analytics), aix\u00ed com gestionar els espais<br \/>\npublicitaris inclosos en la p\u00e0gina web visitada per l&#8217;usuari. Recull dades de forma an\u00f2nima amb la finalitat d&#8217;obtenir perfils de navegaci\u00f3 dels usuaris.<br \/>\nClassificades segons la seva durada:<br \/>\n*Cookies de sessi\u00f3: recullen i emmagatzemen les dades mentre l&#8217;usuari accedeix a la p\u00e0gina web.<br \/>\n*Cookies persistents: recapten i emmagatzemen les dades en el terminal de l&#8217;usuari durant un per\u00edode de temps variable en funci\u00f3 de quina sigui la finalitat per a la qual han estat utilitzades.<\/p>\n        <div class=\"ct-ultimate-gdpr-container\">\n            <label for=\"ct-ultimate-gdpr-party-filter\"> First or Third Party Filter<\/label>\n            <select name=\"ct-ultimate-gdpr-party-filter\" id=\"ct-ultimate-gdpr-party-filter\">\n                <option value=\"\">Any<\/option>\n                <option value=\"Primera part\">Primera part<\/option>\n                <option value=\"Tercera part\">Tercera part<\/option>\n            <\/select>\n        <\/div>\n        <div id=\"ct-ultimate-gdpr-cookies-table\" class=\"ct-ultimate-gdpr-table-responsive table-responsive\">\n            <table>\n                <thead>\n                    <tr>\n                        <th>\n                            Noms de cookies                        <\/th>\n                        <th>\n                            Tipus de cookie                        <\/th>\n                        <th>\n                            Primera o tercera part                        <\/th>\n                        <th>\n                            Es pot bloquejar                        <\/th>\n                        <th>\n                            Sessi\u00f3 o persistent                        <\/th>\n                        <th>\n                            Temps de caducitat                        <\/th>\n                        <th>\n                            Prop\u00f2sit                        <\/th>\n                    <\/tr>\n                <\/thead>\n                <tbody><\/tbody>\n            <\/table>\n        <\/div>\n\t\t\n<p>&nbsp;<\/p>\n<p>El temps de conservaci\u00f3 de les cookies dependr\u00e0 del tipus de qu\u00e8 es tracti i sempre ser\u00e0 el m\u00ednim indispensable per complir la seva finalitat.<\/p>\n<p>En qualsevol cas, els usuaris poden configurar el seu navegador, de manera que es desactivi o bloquegi la recepci\u00f3 de totes o algunes de les cookies. El fet de no desitjar rebre aquestes cookies, no constitueix un impediment per poder accedir a la informaci\u00f3 dels llocs web de CENTRES GERIATRICS MALGRAT SL encara que l&#8217;\u00fas d&#8217;alguns serveis podr\u00e0 ser limitat. Si un cop atorgat el consentiment per a la recepci\u00f3 de cookies es desitg\u00e9s retirar-lo, s&#8217;hauran eliminar aquelles cookies emmagatzemades a l&#8217;equip de l&#8217;usuari, a trav\u00e9s de les opcions dels diferents navegadors.<\/p>\n<p>La forma de configurar els diferents navegadors per exercitar les accions assenyalades en els par\u00e0grafs anteriors, es pot consultar a:<\/p>\n<p>Explorer: <a href=\"https:\/\/support.microsoft.com\/es-es\/help\/17479\/windows-internet-explorer-11-change-security-privacy-settings\" target=\"_blank\" rel=\"noopener noreferrer\">https:\/\/support.microsoft.com\/es-es\/help\/17479\/windows-internet-explorer-11-change-security-privacy-settings<\/a><br \/>\nChrome: <a href=\"https:\/\/support.google.com\/chrome\/answer\/95647?hl=es\" target=\"_blank\" rel=\"noopener noreferrer\">https:\/\/support.google.com\/chrome\/answer\/95647?hl=es<\/a><br \/>\nFirefox: <a href=\"http:\/\/support.mozilla.org\/es\/kb\/cookies-informacion-que-los-sitios-web-guardan-en-?redirectlocale=en-US&amp;redirectslug=Cookies\" target=\"_blank\" rel=\"noopener noreferrer\">http:\/\/support.mozilla.org\/es\/kb\/cookies-informacion-que-los-sitios-web-guardan-en-?redirectlocale=en-US&amp;redirectslug=Cookies<\/a><br \/>\nSafari: <a href=\"https:\/\/support.apple.com\/kb\/ph21411?locale=es_ES\" target=\"_blank\" rel=\"noopener noreferrer\">https:\/\/support.apple.com\/kb\/ph21411?locale=es_ES<\/a><\/p>\n<p>[\/vc_column_text][\/vc_column][\/vc_row]<\/p>\n<\/div>","protected":false},"excerpt":{"rendered":"<p>[vc_row][vc_column][vc_column_text]CENTRES GERIATRICS MALGRAT SL, a trav\u00e9s del present document, recull la seva Pol\u00edtica de recollida i tractament de cookies, en compliment del que disposa l&#8217;article 22.2 de la Llei 34\/2002, d\u201911 de juliol, de Serveis de la societat de la Informaci\u00f3 i de Comer\u00e7 Electr\u00f2nic (LSSI-CE). Les cookies s&#8217;emmagatzemen a l&#8217;equip terminal de l&#8217;usuari (ordinador&hellip;<\/p>\n","protected":false},"author":3,"featured_media":0,"parent":0,"menu_order":0,"comment_status":"closed","ping_status":"closed","template":"template-microsite.php","meta":{"_acf_changed":false,"footnotes":""},"class_list":["post-2316","page","type-page","status-publish","hentry","description-off"],"acf":[],"_links":{"self":[{"href":"https:\/\/www.centresgeriatricsmalgrat.com\/ca\/wp-json\/wp\/v2\/pages\/2316","targetHints":{"allow":["GET"]}}],"collection":[{"href":"https:\/\/www.centresgeriatricsmalgrat.com\/ca\/wp-json\/wp\/v2\/pages"}],"about":[{"href":"https:\/\/www.centresgeriatricsmalgrat.com\/ca\/wp-json\/wp\/v2\/types\/page"}],"author":[{"embeddable":true,"href":"https:\/\/www.centresgeriatricsmalgrat.com\/ca\/wp-json\/wp\/v2\/users\/3"}],"replies":[{"embeddable":true,"href":"https:\/\/www.centresgeriatricsmalgrat.com\/ca\/wp-json\/wp\/v2\/comments?post=2316"}],"version-history":[{"count":2,"href":"https:\/\/www.centresgeriatricsmalgrat.com\/ca\/wp-json\/wp\/v2\/pages\/2316\/revisions"}],"predecessor-version":[{"id":2501,"href":"https:\/\/www.centresgeriatricsmalgrat.com\/ca\/wp-json\/wp\/v2\/pages\/2316\/revisions\/2501"}],"wp:attachment":[{"href":"https:\/\/www.centresgeriatricsmalgrat.com\/ca\/wp-json\/wp\/v2\/media?parent=2316"}],"curies":[{"name":"wp","href":"https:\/\/api.w.org\/{rel}","templated":true}]}}