{"id":2319,"date":"2019-08-02T15:42:03","date_gmt":"2019-08-02T14:42:03","guid":{"rendered":"http:\/\/www.centresgeriatricsmalgrat.com\/?page_id=2319"},"modified":"2019-08-02T15:49:58","modified_gmt":"2019-08-02T14:49:58","slug":"avis-legal","status":"publish","type":"page","link":"https:\/\/www.centresgeriatricsmalgrat.com\/ca\/avis-legal\/","title":{"rendered":"AV\u00cdS LEGAL"},"content":{"rendered":"<div class=\"wpb-content-wrapper\"><p>[vc_row][vc_column][vc_column_text]En compliment de l&#8217;article 10 de la Llei 34\/2002, d&#8217;11 de juliol, de Serveis de la Societat de la Informaci\u00f3 i Comer\u00e7 Electr\u00f2nic (LSSI-CE) a continuaci\u00f3 es detallen les dades identificatives de l&#8217;empresa:<\/p>\n<p><strong>Nom empresa<\/strong><br \/>\n<strong>Ra\u00f3 social: CENTRES GERIATRICS MALGRAT SL<\/strong><br \/>\n<strong>CIF: B60475696<\/strong><br \/>\n<strong>Adre\u00e7a: CALLE DEL MAR 89, 08380, MALGRAT DE MAR<\/strong><br \/>\n<strong>Tel\u00e8fon: 937 654 436<\/strong><br \/>\n<strong>Email: jm_lafuente@residenciamalgrat.com<\/strong><\/p>\n<p><span style=\"text-decoration: underline;\">Finalitat de la p\u00e0gina web<\/span><\/p>\n<p>La finalitat d\u2019aquesta web es atendre les seves consultes i peticions.<\/p>\n<p>El present av\u00eds legal (d&#8217;ara endavant, &#8220;Av\u00eds Legal&#8221;) regula l&#8217;\u00fas del lloc web: www.centresgeriatricsmalgrat.com<\/p>\n<p><span style=\"text-decoration: underline;\">Legislaci\u00f3<\/span><\/p>\n<p>Amb car\u00e0cter general les relacions entre CENTRES GERIATRICS MALGRAT SL amb els usuaris dels seus serveis telem\u00e0tics, presents en aquest lloc web, es troben sotmeses a la legislaci\u00f3 i jurisdicci\u00f3 espanyoles.<\/p>\n<p><span style=\"text-decoration: underline;\">\u00das i acc\u00e9s d&#8217;usuaris<\/span><\/p>\n<p>L&#8217;Usuari queda informat, i accepta, que l&#8217;acc\u00e9s a la present web no suposa, de cap manera, l&#8217;inici d&#8217;una relaci\u00f3 comercial amb CENTRES GERIATRICS MALGRAT SL o qualsevol de les seves delegacions.<\/p>\n<p><span style=\"text-decoration: underline;\">Propietat intel\u00b7lectual i industrial<\/span><\/p>\n<p>Els drets de propietat intel\u00b7lectual del contingut de les p\u00e0gines web, el seu disseny gr\u00e0fic i codis s\u00f3n titularitat de CENTRES GERIATRICS MALGRAT SL i, per tant, queda prohibida la seva reproducci\u00f3, distribuci\u00f3, comunicaci\u00f3 p\u00fablica, transformaci\u00f3 o qualsevol altra activitat que es pugui realitzar amb els continguts de les seves p\u00e0gines web ni fins i tot citant les fonts, excepte consentiment per escrit de CENTRES GERIATRICS MALGRAT SL.<\/p>\n<p>Contingut de la web i enlla\u00e7os (links)<\/p>\n<p>CENTRES GERIATRICS MALGRAT SL es reserva el dret a actualitzar, modificar o eliminar la informaci\u00f3 continguda a les seves p\u00e0gines web podent fins i tot limitar o no permetre l&#8217;acc\u00e9s a aquesta informaci\u00f3 a certs usuaris. CENTRES GERIATRICS MALGRAT SL no assumeix responsabilitat alguna per la informaci\u00f3 continguda en p\u00e0gines web de tercers a les quals es pugui accedir per &#8220;links&#8221; o enlla\u00e7os des de qualsevol p\u00e0gina web propietat de CENTRES GERIATRICS MALGRAT SL. La pres\u00e8ncia de &#8220;links&#8221; o enlla\u00e7os a les p\u00e0gines web de CENTRES GERIATRICS MALGRAT SL t\u00e9 finalitat merament informativa i en cap cas suposa suggeriment, invitaci\u00f3 o recomanaci\u00f3 sobre els mateixos.[\/vc_column_text][\/vc_column][\/vc_row]<\/p>\n<\/div>","protected":false},"excerpt":{"rendered":"<p>[vc_row][vc_column][vc_column_text]En compliment de l&#8217;article 10 de la Llei 34\/2002, d&#8217;11 de juliol, de Serveis de la Societat de la Informaci\u00f3 i Comer\u00e7 Electr\u00f2nic (LSSI-CE) a continuaci\u00f3 es detallen les dades identificatives de l&#8217;empresa: Nom empresa Ra\u00f3 social: CENTRES GERIATRICS MALGRAT SL CIF: B60475696 Adre\u00e7a: CALLE DEL MAR 89, 08380, MALGRAT DE MAR Tel\u00e8fon: 937 654&hellip;<\/p>\n","protected":false},"author":3,"featured_media":0,"parent":0,"menu_order":0,"comment_status":"closed","ping_status":"closed","template":"template-microsite.php","meta":{"_acf_changed":false,"footnotes":""},"class_list":["post-2319","page","type-page","status-publish","hentry","description-off"],"acf":[],"_links":{"self":[{"href":"https:\/\/www.centresgeriatricsmalgrat.com\/ca\/wp-json\/wp\/v2\/pages\/2319","targetHints":{"allow":["GET"]}}],"collection":[{"href":"https:\/\/www.centresgeriatricsmalgrat.com\/ca\/wp-json\/wp\/v2\/pages"}],"about":[{"href":"https:\/\/www.centresgeriatricsmalgrat.com\/ca\/wp-json\/wp\/v2\/types\/page"}],"author":[{"embeddable":true,"href":"https:\/\/www.centresgeriatricsmalgrat.com\/ca\/wp-json\/wp\/v2\/users\/3"}],"replies":[{"embeddable":true,"href":"https:\/\/www.centresgeriatricsmalgrat.com\/ca\/wp-json\/wp\/v2\/comments?post=2319"}],"version-history":[{"count":2,"href":"https:\/\/www.centresgeriatricsmalgrat.com\/ca\/wp-json\/wp\/v2\/pages\/2319\/revisions"}],"predecessor-version":[{"id":2322,"href":"https:\/\/www.centresgeriatricsmalgrat.com\/ca\/wp-json\/wp\/v2\/pages\/2319\/revisions\/2322"}],"wp:attachment":[{"href":"https:\/\/www.centresgeriatricsmalgrat.com\/ca\/wp-json\/wp\/v2\/media?parent=2319"}],"curies":[{"name":"wp","href":"https:\/\/api.w.org\/{rel}","templated":true}]}}