{"id":1989,"date":"2019-07-10T14:10:22","date_gmt":"2019-07-10T14:10:22","guid":{"rendered":"http:\/\/www.centresgeriatricsmalgrat.com\/centrodedia\/historia\/"},"modified":"2019-09-16T08:05:34","modified_gmt":"2019-09-16T08:05:34","slug":"historia","status":"publish","type":"page","link":"https:\/\/www.centresgeriatricsmalgrat.com\/centrodedia\/ca\/historia\/","title":{"rendered":"Historia"},"content":{"rendered":"<div class=\"wpb-content-wrapper\"><p>[vc_row][vc_column][vc_custom_heading text=&#8221;Centre de d\u00eda Malgrat&#8221; google_fonts=&#8221;font_family:Roboto%3A100%2C100italic%2C300%2C300italic%2Cregular%2Citalic%2C500%2C500italic%2C700%2C700italic%2C900%2C900italic|font_style:400%20regular%3A400%3Anormal&#8221;][vc_column_text]<strong>1993<\/strong><\/p>\n<p>Situada al carrer Sant Pere n\u00ba42, la nostra primera resid\u00e8ncia va ser un petit i antic hostal de 4 plantes i 27 habitacions per a 43 residents. Al setembre de 1993, el Sr. Enrique Fern\u00e1ndez S\u00e1nchez i la Sra. Ant\u00f2nia Perpiny\u00e0 De l&#8217;Mol\u00ed van decidir comen\u00e7ar a reformar-lo, condicionar i equipar-lo adaptant-lo per a les exig\u00e8ncies del moment.[\/vc_column_text][\/vc_column][\/vc_row][vc_row][vc_column width=&#8221;1\/3&#8243;][vc_single_image image=&#8221;2103&#8243; img_size=&#8221;380&#215;272&#8243; alignment=&#8221;center&#8221; style=&#8221;vc_box_rounded&#8221; onclick=&#8221;link_image&#8221;][vc_column_text css=&#8221;.vc_custom_1564739856657{margin-top: -30px !important;}&#8221;]<\/p>\n<p style=\"text-align: center;\">Fa\u00e7ana i primer vehicle de la resid\u00e8ncia. 1993<\/p>\n<p>[\/vc_column_text][\/vc_column][vc_column width=&#8221;1\/3&#8243;][vc_single_image image=&#8221;2101&#8243; img_size=&#8221;380&#215;272&#8243; alignment=&#8221;center&#8221; style=&#8221;vc_box_rounded&#8221; onclick=&#8221;link_image&#8221;][vc_column_text css=&#8221;.vc_custom_1564739864590{margin-top: -30px !important;}&#8221;]<\/p>\n<p style=\"text-align: center;\">Recepci\u00f3 de la resid\u00e8ncia. 1993<\/p>\n<p>[\/vc_column_text][\/vc_column][vc_column width=&#8221;1\/3&#8243;][vc_single_image image=&#8221;2107&#8243; img_size=&#8221;380&#215;272&#8243; alignment=&#8221;center&#8221; style=&#8221;vc_box_rounded&#8221; onclick=&#8221;link_image&#8221;][vc_column_text css=&#8221;.vc_custom_1564739870842{margin-top: -30px !important;}&#8221;]<\/p>\n<p style=\"text-align: center;\">Habitaci\u00f3 doble. 1993<\/p>\n<p>[\/vc_column_text][\/vc_column][\/vc_row][vc_row][vc_column][vc_column_text]<strong>1994<\/strong><\/p>\n<p>Despr\u00e9s d\u2019uns llargs mesos, al gener de 1994 el Sr. Enrique i la Sra. Antonia van inaugurar la nostra primera resid\u00e8ncia i van iniciar la seva activitat com a negoci familiar, sota el nom de Resid\u00e8ncia Geri\u00e0trica Malgrat.[\/vc_column_text][\/vc_column][\/vc_row][vc_row][vc_column width=&#8221;1\/3&#8243;][vc_single_image image=&#8221;2105&#8243; img_size=&#8221;380&#215;272&#8243; alignment=&#8221;center&#8221; style=&#8221;vc_box_rounded&#8221; onclick=&#8221;link_image&#8221;][vc_column_text css=&#8221;.vc_custom_1564739879948{margin-top: -30px !important;}&#8221;]<\/p>\n<p style=\"text-align: center;\">Antiga sala d&#8217;estar. 1994<\/p>\n<p>[\/vc_column_text][\/vc_column][vc_column width=&#8221;1\/3&#8243;][vc_single_image image=&#8221;2109&#8243; img_size=&#8221;380&#215;272&#8243; alignment=&#8221;center&#8221; style=&#8221;vc_box_rounded&#8221; onclick=&#8221;link_image&#8221;][vc_column_text css=&#8221;.vc_custom_1564739887370{margin-top: -30px !important;}&#8221;]<\/p>\n<p style=\"text-align: center;\">Antiga sala menjador. 1994<\/p>\n<p>[\/vc_column_text][\/vc_column][vc_column width=&#8221;1\/3&#8243;][vc_single_image image=&#8221;2111&#8243; img_size=&#8221;380&#215;272&#8243; alignment=&#8221;center&#8221; style=&#8221;vc_box_rounded&#8221; onclick=&#8221;link_image&#8221;][vc_column_text css=&#8221;.vc_custom_1564739894758{margin-top: -30px !important;}&#8221;]<\/p>\n<p style=\"text-align: center;\">Cuina. 1994<\/p>\n<p>[\/vc_column_text][\/vc_column][\/vc_row][vc_row][vc_column][vc_single_image image=&#8221;2143&#8243; img_size=&#8221;full&#8221; alignment=&#8221;center&#8221; style=&#8221;vc_box_rounded&#8221; onclick=&#8221;link_image&#8221;][vc_column_text css=&#8221;.vc_custom_1564739901162{margin-top: -30px !important;}&#8221;]<\/p>\n<p style=\"text-align: center;\">Primer fullet propagand\u00edstic. 1994<\/p>\n<p>[\/vc_column_text][\/vc_column][\/vc_row][vc_row][vc_column][vc_column_text]<strong>2007<\/strong><\/p>\n<p>Al mar\u00e7 de l&#8217;any 2007, veient la gran demanda que hi havia i despr\u00e9s d&#8217;uns mesos de dur treball per adaptar-lo i equipar-lo, es va inaugurar el nostre centre de dia. Situat a prop de les nostres resid\u00e8ncies, al carrer Mar n\u00fam 96 de Malgrat de mar, compta una superf\u00edcie de 910 m2 i un gran equipament.[\/vc_column_text][\/vc_column][\/vc_row][vc_row][vc_column width=&#8221;1\/3&#8243;][vc_single_image image=&#8221;1947&#8243; img_size=&#8221;380&#215;272&#8243; alignment=&#8221;center&#8221; style=&#8221;vc_box_rounded&#8221; onclick=&#8221;link_image&#8221;][vc_column_text css=&#8221;.vc_custom_1564739908419{margin-top: -30px !important;}&#8221;]<\/p>\n<p style=\"text-align: center;\">Entrada centre de dia. 2007<\/p>\n<p>[\/vc_column_text][\/vc_column][vc_column width=&#8221;1\/3&#8243;][vc_single_image image=&#8221;2113&#8243; img_size=&#8221;380&#215;272&#8243; alignment=&#8221;center&#8221; style=&#8221;vc_box_rounded&#8221; onclick=&#8221;link_image&#8221;][vc_column_text css=&#8221;.vc_custom_1564739919583{margin-top: -30px !important;}&#8221;]<\/p>\n<p style=\"text-align: center;\">Recepci\u00f3 centre de dia. 2007<\/p>\n<p>[\/vc_column_text][\/vc_column][vc_column width=&#8221;1\/3&#8243;][vc_single_image image=&#8221;1907&#8243; img_size=&#8221;380&#215;272&#8243; alignment=&#8221;center&#8221; style=&#8221;vc_box_rounded&#8221; onclick=&#8221;link_image&#8221;][vc_column_text css=&#8221;.vc_custom_1564739925659{margin-top: -30px !important;}&#8221;]<\/p>\n<p style=\"text-align: center;\">Sala d&#8217;estar centre de dia. 2007<\/p>\n<p>[\/vc_column_text][\/vc_column][\/vc_row][vc_row][vc_column][vc_column_text]<strong>2017<\/strong><\/p>\n<p>Durant molts anys van pensar en seguir creixent, i per tal de millorar les instal\u00b7lacions i dotar-les de major equipament i recursos per donar m\u00e9s espai i confortabilitat als residents, van decidir comen\u00e7ar a donar forma a un ambici\u00f3s projecte i iniciar l&#8217;edificaci\u00f3 d&#8217;una nova resid\u00e8ncia a primera l\u00ednia de mar.[\/vc_column_text][\/vc_column][\/vc_row][vc_row][vc_column width=&#8221;1\/3&#8243;][vc_single_image image=&#8221;2137&#8243; img_size=&#8221;380&#215;272&#8243; alignment=&#8221;center&#8221; style=&#8221;vc_box_rounded&#8221; onclick=&#8221;link_image&#8221;][vc_column_text css=&#8221;.vc_custom_1564739931923{margin-top: -30px !important;}&#8221;]<\/p>\n<p style=\"text-align: center;\">Primers progressos d&#8217;obra i lona informativa. 2017<\/p>\n<p>[\/vc_column_text][\/vc_column][vc_column width=&#8221;1\/3&#8243;][vc_single_image image=&#8221;2139&#8243; img_size=&#8221;380&#215;272&#8243; alignment=&#8221;center&#8221; style=&#8221;vc_box_rounded&#8221; onclick=&#8221;link_image&#8221;][vc_column_text css=&#8221;.vc_custom_1564739938035{margin-top: -30px !important;}&#8221;]<\/p>\n<p style=\"text-align: center;\">Primers progressos d&#8217;obra i envans. 2017<\/p>\n<p>[\/vc_column_text][\/vc_column][vc_column width=&#8221;1\/3&#8243;][vc_single_image image=&#8221;2141&#8243; img_size=&#8221;380&#215;272&#8243; alignment=&#8221;center&#8221; style=&#8221;vc_box_rounded&#8221; onclick=&#8221;link_image&#8221;][vc_column_text css=&#8221;.vc_custom_1564739943489{margin-top: -30px !important;}&#8221;]<\/p>\n<p style=\"text-align: center;\">Fase de modificaci\u00f3 estructura. 2017<\/p>\n<p>[\/vc_column_text][\/vc_column][\/vc_row][vc_row][vc_column][vc_column_text]<strong>2018-19<\/strong><\/p>\n<p>Al gener de 2018 van comen\u00e7ar les obres de construcci\u00f3 de la nova resid\u00e8ncia i, despr\u00e9s d&#8217;un llarg any de dur treball de planificaci\u00f3, construcci\u00f3 i equipament, al gener de 2019 es va inaugurar. La resid\u00e8ncia es troba situada al carrer Mar n\u00fam 89, compta amb una superf\u00edcie de 4850 m2 dividits en 5 plantes i 65 habitacions per a un total de 109 residents.[\/vc_column_text][\/vc_column][\/vc_row][vc_row][vc_column width=&#8221;1\/3&#8243;][vc_single_image image=&#8221;2119&#8243; img_size=&#8221;380&#215;272&#8243; alignment=&#8221;center&#8221; style=&#8221;vc_box_rounded&#8221; onclick=&#8221;link_image&#8221;][vc_column_text css=&#8221;.vc_custom_1564739950142{margin-top: -30px !important;}&#8221;]<\/p>\n<p style=\"text-align: center;\">Entrada de la nova resid\u00e8ncia. 2019<\/p>\n<p>[\/vc_column_text][\/vc_column][vc_column width=&#8221;1\/3&#8243;][vc_single_image image=&#8221;2121&#8243; img_size=&#8221;380&#215;272&#8243; alignment=&#8221;center&#8221; style=&#8221;vc_box_rounded&#8221; onclick=&#8221;link_image&#8221;][vc_column_text css=&#8221;.vc_custom_1564739956901{margin-top: -30px !important;}&#8221;]<\/p>\n<p style=\"text-align: center;\">Recepci\u00f3 de la nova resid\u00e8ncia. 2019<\/p>\n<p>[\/vc_column_text][\/vc_column][vc_column width=&#8221;1\/3&#8243;][vc_single_image image=&#8221;2123&#8243; img_size=&#8221;380&#215;272&#8243; alignment=&#8221;center&#8221; style=&#8221;vc_box_rounded&#8221; onclick=&#8221;link_image&#8221;][vc_column_text css=&#8221;.vc_custom_1564739963909{margin-top: -30px !important;}&#8221;]<\/p>\n<p style=\"text-align: center;\">Terrassa exterior de la resid\u00e8ncia. 2019<\/p>\n<p>[\/vc_column_text][\/vc_column][\/vc_row][vc_row full_width=&#8221;stretch_row&#8221; equal_height=&#8221;yes&#8221; content_placement=&#8221;middle&#8221; type=&#8221;vc_default&#8221; css=&#8221;.vc_custom_1474222892753{margin-bottom: -80px !important;padding-top: 40px !important;padding-bottom: 40px !important;background-color: #34a6f7 !important;}&#8221;][vc_column offset=&#8221;vc_col-lg-8 vc_col-md-8 vc_col-xs-12&#8243;][vc_row_inner][vc_column_inner offset=&#8221;vc_hidden-sm vc_hidden-xs&#8221;]<div id=\"ultimate-heading-692869f63787bed27\" class=\"uvc-heading ult-adjust-bottom-margin ultimate-heading-692869f63787bed27 uvc-8356 \" data-hspacer=\"no_spacer\"  data-halign=\"left\" style=\"text-align:left\"><div class=\"uvc-heading-spacer no_spacer\" style=\"top\"><\/div><div class=\"uvc-main-heading ult-responsive\"  data-ultimate-target='.uvc-heading.ultimate-heading-692869f63787bed27 h2'  data-responsive-json-new='{\"font-size\":\"desktop:30px;\",\"line-height\":\"desktop:40px;\"}' ><h2 style=\"--font-weight:theme;color:#ffffff;margin-bottom:10px;\">Contacta amb nosaltres<\/h2><\/div><div class=\"uvc-sub-heading ult-responsive\"  data-ultimate-target='.uvc-heading.ultimate-heading-692869f63787bed27 .uvc-sub-heading '  data-responsive-json-new='{\"font-size\":\"desktop:17px;\",\"line-height\":\"desktop:27px;\"}'  style=\"font-weight:normal;color:#ffffff;\">Si tens alguna consulta contacta amb nosaltres<\/div><\/div>[\/vc_column_inner][\/vc_row_inner][vc_row_inner][vc_column_inner offset=&#8221;vc_hidden-lg vc_hidden-md&#8221;]<div id=\"ultimate-heading-6369f63787bed91\" class=\"uvc-heading ult-adjust-bottom-margin ultimate-heading-6369f63787bed91 uvc-9833 \" data-hspacer=\"no_spacer\"  data-halign=\"center\" style=\"text-align:center\"><div class=\"uvc-heading-spacer no_spacer\" style=\"top\"><\/div><div class=\"uvc-main-heading ult-responsive\"  data-ultimate-target='.uvc-heading.ultimate-heading-6369f63787bed91 h2'  data-responsive-json-new='{\"font-size\":\"desktop:30px;\",\"line-height\":\"desktop:40px;\"}' ><h2 style=\"--font-weight:theme;color:#ffffff;margin-bottom:10px;\">Contacta amb nosaltres<\/h2><\/div><div class=\"uvc-sub-heading ult-responsive\"  data-ultimate-target='.uvc-heading.ultimate-heading-6369f63787bed91 .uvc-sub-heading '  data-responsive-json-new='{\"font-size\":\"desktop:17px;\",\"line-height\":\"desktop:27px;\"}'  style=\"font-weight:normal;color:#ffffff;\">Si tens alguna consulta contacta amb nosaltres<\/div><\/div><div class=\" vc_custom_1548062205620 ubtn-ctn-center \"><a class=\"ubtn-link ult-adjust-bottom-margin ubtn-center ubtn-custom \" href=\"http:\/\/www.kranzstudio.com\/residenciamalgrat\/contacte\/\" ><button type=\"button\" id=\"ubtn-4950\"  class=\"ubtn ult-adjust-bottom-margin ult-responsive ubtn-custom ubtn-fade-bg  none  ubtn-center   tooltip-69f63787bedd0\"  data-hover=\"#28a7fb\" data-border-color=\"rgba(255,255,255,0.4)\" data-bg=\"rgba(255,255,255,0.01)\" data-hover-bg=\"#ffffff\" data-border-hover=\"#ffffff\" data-shadow-hover=\"\" data-shadow-click=\"none\" data-shadow=\"\" data-shd-shadow=\"\"  data-ultimate-target='#ubtn-4950'  data-responsive-json-new='{\"font-size\":\"desktop:18px;\",\"line-height\":\"desktop:18px;\"}'  style=\"font-family:&#039;Montserrat&#039;;font-weight:700;width:px;min-height:38px;padding:15px 25px;border-radius:0px;border-width:4px;border-color:rgba(255,255,255,0.4);border-style:solid;background: rgba(255,255,255,0.01);color: #ffffff;\"><span class=\"ubtn-hover\" style=\"background-color:#ffffff\"><\/span><span class=\"ubtn-data ubtn-text \" >Contacta<\/span><\/button><\/a><\/div>[\/vc_column_inner][\/vc_row_inner][\/vc_column][vc_column offset=&#8221;vc_col-lg-4 vc_col-md-4 vc_hidden-sm vc_col-xs-12 vc_hidden-xs&#8221;]<div class=\" vc_custom_1564740350783 ubtn-ctn-right \"><a class=\"ubtn-link ult-adjust-bottom-margin ubtn-right ubtn-custom \" href=\"http:\/\/www.centresgeriatricsmalgrat.com\/centrodedia\/ca\/contacto\/\" title=\"Contacto\" ><button type=\"button\" id=\"ubtn-3899\"  class=\"ubtn ult-adjust-bottom-margin ult-responsive ubtn-custom ubtn-fade-bg  none  ubtn-right   tooltip-69f63787bee2a\"  data-hover=\"#28a7fb\" data-border-color=\"rgba(255,255,255,0.4)\" data-bg=\"rgba(255,255,255,0.01)\" data-hover-bg=\"#ffffff\" data-border-hover=\"#ffffff\" data-shadow-hover=\"\" data-shadow-click=\"none\" data-shadow=\"\" data-shd-shadow=\"\"  data-ultimate-target='#ubtn-3899'  data-responsive-json-new='{\"font-size\":\"desktop:20px;\",\"line-height\":\"desktop:20px;\"}'  style=\"font-family:&#039;Montserrat&#039;;font-weight:700;width:px;min-height:36px;padding:15px 25px;border-radius:0px;border-width:4px;border-color:rgba(255,255,255,0.4);border-style:solid;background: rgba(255,255,255,0.01);color: #ffffff;\"><span class=\"ubtn-hover\" style=\"background-color:#ffffff\"><\/span><span class=\"ubtn-data ubtn-text \" >Contacta<\/span><\/button><\/a><\/div>[\/vc_column][\/vc_row]<\/p>\n<\/div>","protected":false},"excerpt":{"rendered":"<p>[vc_row][vc_column][vc_custom_heading text=&#8221;Centre de d\u00eda Malgrat&#8221; google_fonts=&#8221;font_family:Roboto%3A100%2C100italic%2C300%2C300italic%2Cregular%2Citalic%2C500%2C500italic%2C700%2C700italic%2C900%2C900italic|font_style:400%20regular%3A400%3Anormal&#8221;][vc_column_text]1993 Situada al carrer Sant Pere n\u00ba42, la nostra primera resid\u00e8ncia va ser un petit i antic hostal de 4 plantes i 27 habitacions per a 43 residents. Al setembre de 1993, el Sr. Enrique Fern\u00e1ndez S\u00e1nchez i la Sra. Ant\u00f2nia Perpiny\u00e0 De l&#8217;Mol\u00ed van decidir comen\u00e7ar a reformar-lo, condicionar&hellip;<\/p>\n","protected":false},"author":3,"featured_media":0,"parent":0,"menu_order":1,"comment_status":"closed","ping_status":"closed","template":"template-microsite.php","meta":{"_acf_changed":false,"footnotes":""},"class_list":["post-1989","page","type-page","status-publish","hentry","description-off"],"acf":[],"_links":{"self":[{"href":"https:\/\/www.centresgeriatricsmalgrat.com\/centrodedia\/ca\/wp-json\/wp\/v2\/pages\/1989","targetHints":{"allow":["GET"]}}],"collection":[{"href":"https:\/\/www.centresgeriatricsmalgrat.com\/centrodedia\/ca\/wp-json\/wp\/v2\/pages"}],"about":[{"href":"https:\/\/www.centresgeriatricsmalgrat.com\/centrodedia\/ca\/wp-json\/wp\/v2\/types\/page"}],"author":[{"embeddable":true,"href":"https:\/\/www.centresgeriatricsmalgrat.com\/centrodedia\/ca\/wp-json\/wp\/v2\/users\/3"}],"replies":[{"embeddable":true,"href":"https:\/\/www.centresgeriatricsmalgrat.com\/centrodedia\/ca\/wp-json\/wp\/v2\/comments?post=1989"}],"version-history":[{"count":23,"href":"https:\/\/www.centresgeriatricsmalgrat.com\/centrodedia\/ca\/wp-json\/wp\/v2\/pages\/1989\/revisions"}],"predecessor-version":[{"id":2424,"href":"https:\/\/www.centresgeriatricsmalgrat.com\/centrodedia\/ca\/wp-json\/wp\/v2\/pages\/1989\/revisions\/2424"}],"wp:attachment":[{"href":"https:\/\/www.centresgeriatricsmalgrat.com\/centrodedia\/ca\/wp-json\/wp\/v2\/media?parent=1989"}],"curies":[{"name":"wp","href":"https:\/\/api.w.org\/{rel}","templated":true}]}}