{"id":1996,"date":"2019-07-10T14:14:05","date_gmt":"2019-07-10T14:14:05","guid":{"rendered":"http:\/\/www.centresgeriatricsmalgrat.com\/centrodedia\/instal%c2%b7lacions\/"},"modified":"2023-01-18T11:41:30","modified_gmt":"2023-01-18T10:41:30","slug":"instal%c2%b7lacions","status":"publish","type":"page","link":"https:\/\/www.centresgeriatricsmalgrat.com\/centrodedia\/ca\/instal%c2%b7lacions\/","title":{"rendered":"Instal\u00b7lacions"},"content":{"rendered":"<div class=\"wpb-content-wrapper\"><p>[vc_row][vc_column][vc_single_image image=&#8221;1999&#8243; img_size=&#8221;268&#215;75&#8243;][\/vc_column][\/vc_row][vc_row][vc_column][vc_column_text]<\/p>\n<h3>CENTRE DE DIA<\/h3>\n<p>Igual que la nostra resid\u00e8ncia, el nostre centre de dia es troba ubicat al c \/ Mar n: 96, a tot just uns metres un de l&#8217;altre.<\/p>\n<p>El centre compta amb una gran lluminositat, i la seva decoraci\u00f3 \u00e9s moderna, acolorida, alegre i elegant perqu\u00e8 tots els nostres residents se sentin c\u00f2modes i gaudeixin de la seva estada di\u00e0ria.<\/p>\n<p>Les nostres instal\u00b7lacions compten amb 900 metres quadrats en total per a una capacitat d&#8217;actualment 60 places, i comptem amb moderns equipaments totalment adaptats per a les seves necessitats di\u00e0ries.<\/p>\n<table>\n<tbody>\n<tr>\n<td>Els serveis que oferim son<\/p>\n<p>\u2022\u00a0\u00a0\u00a0\u00a0\u00a0\u00a0\u00a0\u00a0\u00a0 Infermeria\/Auxiliars d\u2019infermeria-gerocultores<\/p>\n<p>\u2022\u00a0\u00a0\u00a0\u00a0\u00a0\u00a0\u00a0\u00a0\u00a0 Fisioter\u00e0pia<\/p>\n<p>\u2022\u00a0\u00a0\u00a0\u00a0\u00a0\u00a0\u00a0\u00a0\u00a0 Treball Social<\/p>\n<p>\u2022\u00a0\u00a0\u00a0\u00a0\u00a0\u00a0\u00a0\u00a0\u00a0 Ter\u00e0pia ocupacional<\/p>\n<p>\u2022\u00a0\u00a0\u00a0\u00a0\u00a0\u00a0\u00a0\u00a0\u00a0 Educaci\u00f3 social<\/p>\n<p>\u2022\u00a0\u00a0\u00a0\u00a0\u00a0\u00a0\u00a0\u00a0\u00a0 Psicologia<\/p>\n<p>\u2022\u00a0\u00a0\u00a0\u00a0\u00a0\u00a0\u00a0\u00a0\u00a0 Transport adaptat<\/p>\n<p>\u2022\u00a0\u00a0\u00a0\u00a0\u00a0\u00a0\u00a0\u00a0\u00a0 Cuina pr\u00f2pia<\/td>\n<\/tr>\n<\/tbody>\n<\/table>\n<p>[\/vc_column_text][\/vc_column][\/vc_row][vc_row gap=&#8221;30&#8243; equal_height=&#8221;yes&#8221; type=&#8221;vc_default&#8221; el_class=&#8221;custom-columns-gap&#8221; css=&#8221;.vc_custom_1474222079273{margin-top: -15px !important;margin-bottom: -15px !important;padding-right: 25px !important;padding-left: 25px !important;}&#8221;][vc_column width=&#8221;1\/3&#8243; offset=&#8221;vc_col-xs-12&#8243; css=&#8221;.vc_custom_1548089816467{padding-top: 0px !important;padding-right: 0px !important;padding-bottom: 0px !important;padding-left: 0px !important;background-color: #f4f4f4 !important;}&#8221;][vc_single_image image=&#8221;1907&#8243; img_size=&#8221;1000&#215;550&#8243; alignment=&#8221;center&#8221; onclick=&#8221;custom_link&#8221; lazy_loading=&#8221;true&#8221; link=&#8221;http:%2F%2Fwww.centresgeriatricsmalgrat.com%2Fcentrodedia%2Fsala-de-estar-centro-de-dia%2F|&#8221;]<div class=\"ult-content-box-container \" >\t\t<div class=\"ult-content-box\" style=\"box-shadow: px px px px #f7f7f7 none;padding:30px;-webkit-transition: all 700ms ease;-moz-transition: all 700ms ease;-ms-transition: all 700ms ease;-o-transition: all 700ms ease;transition: all 700ms ease;\"  data-hover_box_shadow=\"none\"    ><div id=\"ultimate-heading-291569f625878c867\" class=\"uvc-heading ult-adjust-bottom-margin ultimate-heading-291569f625878c867 uvc-8410 \" data-hspacer=\"no_spacer\"  data-halign=\"left\" style=\"text-align:left\"><div class=\"uvc-heading-spacer no_spacer\" style=\"top\"><\/div><div class=\"uvc-main-heading ult-responsive\"  data-ultimate-target='.uvc-heading.ultimate-heading-291569f625878c867 h2'  data-responsive-json-new='{\"font-size\":\"desktop:20px;\",\"line-height\":\"desktop:26px;\"}' ><h2 style=\"font-weight:bold;margin-bottom:12px;\">Sala d'estar<\/h2><\/div><\/div>[vc_column_text css=&#8221;.vc_custom_1548089003440{margin-bottom: 22px !important;}&#8221;]El centre compta amb una c\u00f2moda i espaiosa sala d&#8217;estar amb televisi\u00f3, i zona de refrigeri amb m\u00e0quines expenedores.[\/vc_column_text]<span id=\"creative-link-wrap-6945\" class=\"ult_main_cl ult-adjust-bottom-margin  \" >\n\t \t\t\t<span class=\"ult_cl_link_1  ult_crlink\" >\n\t\t\t\t\t<a  data-ultimate-target='#creative-link-wrap-6945 .ult_colorlink'  data-responsive-json-new='{\"font-size\":\"\",\"line-height\":\"\"}'  href=\"http:\/\/www.centresgeriatricsmalgrat.com\/centrodedia\/ca\/sala-destar-centre-de-dia\/\" title=\"Sala de Estar \u2013 Centre de d\u00eda\"  class=\"ult_colorlink ult-responsive \" style=\"font-weight:normal;color:#2cd3b4; \"  data-textcolor=\"#2cd3b4\" data-texthover=\"#00bc93\"data-style=\"Style_1\">\n\t\t\t\t\t\t\n\t\t\t\t\t\t<span data-hover=\"M\u00e9s informaci\u00f3 ...\" style=\"color:#2cd3b4;;;\" class=\"ult_btn10_span   \">M\u00e9s informaci\u00f3 ...<\/span>\n\t\t\t\t\t\t\n\t\t\t\t\t<\/a>\n\t\t\t\t<\/span>\n\t\t\t<\/span>\t\t<\/div><\/div>[\/vc_column][vc_column width=&#8221;1\/3&#8243; css=&#8221;.vc_custom_1548089828896{padding-top: 0px !important;padding-right: 0px !important;padding-bottom: 0px !important;padding-left: 0px !important;background-color: #f4f4f4 !important;}&#8221; offset=&#8221;vc_col-xs-12&#8243;][vc_single_image image=&#8221;1899&#8243; img_size=&#8221;1000&#215;550&#8243; alignment=&#8221;center&#8221; onclick=&#8221;custom_link&#8221; lazy_loading=&#8221;true&#8221; link=&#8221;http:%2F%2Fwww.centresgeriatricsmalgrat.com%2Fcentrodedia%2Fcomedor-centro-de-dia%2F|&#8221;]<div class=\"ult-content-box-container \" >\t\t<div class=\"ult-content-box\" style=\"box-shadow: px px px px #f7f7f7 none;padding:30px;-webkit-transition: all 700ms ease;-moz-transition: all 700ms ease;-ms-transition: all 700ms ease;-o-transition: all 700ms ease;transition: all 700ms ease;\"  data-hover_box_shadow=\"none\"    ><div id=\"ultimate-heading-278969f625878c96a\" class=\"uvc-heading ult-adjust-bottom-margin ultimate-heading-278969f625878c96a uvc-5201 \" data-hspacer=\"no_spacer\"  data-halign=\"left\" style=\"text-align:left\"><div class=\"uvc-heading-spacer no_spacer\" style=\"top\"><\/div><div class=\"uvc-main-heading ult-responsive\"  data-ultimate-target='.uvc-heading.ultimate-heading-278969f625878c96a h2'  data-responsive-json-new='{\"font-size\":\"desktop:20px;\",\"line-height\":\"desktop:26px;\"}' ><h2 style=\"font-weight:bold;margin-bottom:12px;\">Menjador<\/h2><\/div><\/div>[vc_column_text css=&#8221;.vc_custom_1568618415068{margin-bottom: 22px !important;}&#8221;]<\/p>\n<p id=\"tw-target-text\" class=\"tw-data-text tw-text-large tw-ta\" dir=\"ltr\" data-placeholder=\"Traducci\u00f3n\"><span lang=\"ca\" tabindex=\"0\">En el centre de dia Malgrat comptem amb un espai\u00f3s i colorit menjador amb una capacitat actual de 60 residents, on di\u00e0riament oferim un servei de menjar de m\u00e0xima qualitat.<\/span><\/p>\n<p>&nbsp;<\/p>\n<p>[\/vc_column_text]\t\t<\/div><\/div><span id=\"creative-link-wrap-7653\" class=\"ult_main_cl ult-adjust-bottom-margin  \" >\n\t \t\t\t<span class=\"ult_cl_link_1  ult_crlink\" >\n\t\t\t\t\t<a  data-ultimate-target='#creative-link-wrap-7653 .ult_colorlink'  data-responsive-json-new='{\"font-size\":\"\",\"line-height\":\"\"}'  href=\"http:\/\/www.centresgeriatricsmalgrat.com\/centrodedia\/ca\/menjador-centre-de-dia\/\" title=\"Comedor \u2013 Centro de d\u00eda\"  class=\"ult_colorlink ult-responsive \" style=\"font-weight:normal;color:#2cd3b4; \"  data-textcolor=\"#2cd3b4\" data-texthover=\"#00bc93\"data-style=\"Style_1\">\n\t\t\t\t\t\t\n\t\t\t\t\t\t<span data-hover=\"M\u00e9s informaci\u00f3 ...\" style=\"color:#2cd3b4;;;\" class=\"ult_btn10_span   \">M\u00e9s informaci\u00f3 ...<\/span>\n\t\t\t\t\t\t\n\t\t\t\t\t<\/a>\n\t\t\t\t<\/span>\n\t\t\t<\/span>[\/vc_column][vc_column width=&#8221;1\/3&#8243; css=&#8221;.vc_custom_1548089836589{padding-top: 0px !important;padding-right: 0px !important;padding-bottom: 0px !important;padding-left: 0px !important;background-color: #f4f4f4 !important;}&#8221; offset=&#8221;vc_col-xs-12&#8243;][vc_single_image image=&#8221;1903&#8243; img_size=&#8221;1000&#215;550&#8243; alignment=&#8221;center&#8221; onclick=&#8221;custom_link&#8221; lazy_loading=&#8221;true&#8221; link=&#8221;http:%2F%2Fwww.centresgeriatricsmalgrat.com%2Fcentrodedia%2Fsala-de-rehabilitacion-centro-de-dia%2F|&#8221;]<div class=\"ult-content-box-container \" >\t\t<div class=\"ult-content-box\" style=\"box-shadow: px px px px #f7f7f7 none;padding:30px;-webkit-transition: all 700ms ease;-moz-transition: all 700ms ease;-ms-transition: all 700ms ease;-o-transition: all 700ms ease;transition: all 700ms ease;\"  data-hover_box_shadow=\"none\"    ><div id=\"ultimate-heading-943669f625878ca1f\" class=\"uvc-heading ult-adjust-bottom-margin ultimate-heading-943669f625878ca1f uvc-5835 \" data-hspacer=\"no_spacer\"  data-halign=\"left\" style=\"text-align:left\"><div class=\"uvc-heading-spacer no_spacer\" style=\"top\"><\/div><div class=\"uvc-main-heading ult-responsive\"  data-ultimate-target='.uvc-heading.ultimate-heading-943669f625878ca1f h2'  data-responsive-json-new='{\"font-size\":\"desktop:20px;\",\"line-height\":\"desktop:26px;\"}' ><h2 style=\"font-weight:bold;margin-bottom:12px;\">Gimn\u00e0s i sala de rehabilitaci\u00f3<\/h2><\/div><\/div>[vc_column_text css=&#8221;.vc_custom_1561021691508{margin-bottom: 22px !important;}&#8221;]La nostra sala de rehabilitaci\u00f3 est\u00e0 equipada amb bicicletes est\u00e0tiques, pedaliers, llums d&#8217;infrarojos, electr\u00f2lisi, lliteres, kit de manuelles, espatlleres, &#8230;[\/vc_column_text]<span id=\"creative-link-wrap-6314\" class=\"ult_main_cl ult-adjust-bottom-margin  \" >\n\t \t\t\t<span class=\"ult_cl_link_1  ult_crlink\" >\n\t\t\t\t\t<a  data-ultimate-target='#creative-link-wrap-6314 .ult_colorlink'  data-responsive-json-new='{\"font-size\":\"\",\"line-height\":\"\"}'  href=\"http:\/\/www.centresgeriatricsmalgrat.com\/centrodedia\/ca\/sala-de-rehabilitacio-centre-de-dia\/\" title=\"Sala de rehabilitaci\u00f3n \u2013 Centro de d\u00eda\"  class=\"ult_colorlink ult-responsive \" style=\"font-weight:normal;color:#2cd3b4; \"  data-textcolor=\"#2cd3b4\" data-texthover=\"#00bc93\"data-style=\"Style_1\">\n\t\t\t\t\t\t\n\t\t\t\t\t\t<span data-hover=\"M\u00e9s informaci\u00f3 ...\" style=\"color:#2cd3b4;;;\" class=\"ult_btn10_span   \">M\u00e9s informaci\u00f3 ...<\/span>\n\t\t\t\t\t\t\n\t\t\t\t\t<\/a>\n\t\t\t\t<\/span>\n\t\t\t<\/span>\t\t<\/div><\/div>[\/vc_column][\/vc_row][vc_row gap=&#8221;30&#8243; equal_height=&#8221;yes&#8221; type=&#8221;vc_default&#8221; el_class=&#8221;custom-columns-gap&#8221; css=&#8221;.vc_custom_1474222079273{margin-top: -15px !important;margin-bottom: -15px !important;padding-right: 25px !important;padding-left: 25px !important;}&#8221;][vc_column width=&#8221;1\/3&#8243; offset=&#8221;vc_col-xs-12&#8243; css=&#8221;.vc_custom_1548089845606{padding-top: 0px !important;padding-right: 0px !important;padding-bottom: 0px !important;padding-left: 0px !important;background-color: #f4f4f4 !important;}&#8221;][vc_single_image image=&#8221;1913&#8243; img_size=&#8221;1000&#215;550&#8243; alignment=&#8221;center&#8221; onclick=&#8221;custom_link&#8221; lazy_loading=&#8221;true&#8221; link=&#8221;http:%2F%2Fwww.centresgeriatricsmalgrat.com%2Fcentrodedia%2Fsala-de-terapia-ocupacional-centro-de-dia|&#8221;]<div class=\"ult-content-box-container \" >\t\t<div class=\"ult-content-box\" style=\"box-shadow: px px px px #f7f7f7 none;padding:30px;-webkit-transition: all 700ms ease;-moz-transition: all 700ms ease;-ms-transition: all 700ms ease;-o-transition: all 700ms ease;transition: all 700ms ease;\"  data-hover_box_shadow=\"none\"    ><div id=\"ultimate-heading-370169f625878cad4\" class=\"uvc-heading ult-adjust-bottom-margin ultimate-heading-370169f625878cad4 uvc-6747 \" data-hspacer=\"no_spacer\"  data-halign=\"left\" style=\"text-align:left\"><div class=\"uvc-heading-spacer no_spacer\" style=\"top\"><\/div><div class=\"uvc-main-heading ult-responsive\"  data-ultimate-target='.uvc-heading.ultimate-heading-370169f625878cad4 h2'  data-responsive-json-new='{\"font-size\":\"desktop:20px;\",\"line-height\":\"desktop:26px;\"}' ><h2 style=\"font-weight:bold;margin-bottom:12px;\">Sala de ter\u00e0pia ocupacional<\/h2><\/div><\/div>[vc_column_text css=&#8221;.vc_custom_1564739545242{margin-bottom: 22px !important;}&#8221;]Els serveis de ter\u00e0pia ocupacional est\u00e0 equipada amb tot el necessari, i el nostre equip s&#8217;encarrega d&#8217;avaluar i dirigir les activitats per estimular, millorar i rehabilitar als nostres residents.[\/vc_column_text]<span id=\"creative-link-wrap-4447\" class=\"ult_main_cl ult-adjust-bottom-margin  \" >\n\t \t\t\t<span class=\"ult_cl_link_1  ult_crlink\" >\n\t\t\t\t\t<a  data-ultimate-target='#creative-link-wrap-4447 .ult_colorlink'  data-responsive-json-new='{\"font-size\":\"\",\"line-height\":\"\"}'  href=\"http:\/\/www.centresgeriatricsmalgrat.com\/centrodedia\/ca\/sala-de-terapia-ocupacional-centre-de-dia\/\" title=\"Sala de terapia ocupacional \u2013 Centro de d\u00eda\"  class=\"ult_colorlink ult-responsive \" style=\"font-weight:normal;color:#2cd3b4; \"  data-textcolor=\"#2cd3b4\" data-texthover=\"#00bc93\"data-style=\"Style_1\">\n\t\t\t\t\t\t\n\t\t\t\t\t\t<span data-hover=\"M\u00e9s informaci\u00f3 ...\" style=\"color:#2cd3b4;;;\" class=\"ult_btn10_span   \">M\u00e9s informaci\u00f3 ...<\/span>\n\t\t\t\t\t\t\n\t\t\t\t\t<\/a>\n\t\t\t\t<\/span>\n\t\t\t<\/span>\t\t<\/div><\/div>[\/vc_column][vc_column width=&#8221;1\/3&#8243; css=&#8221;.vc_custom_1567154952591{padding-top: 0px !important;padding-right: 0px !important;padding-bottom: 0px !important;padding-left: 0px !important;background-color: #f4f4f4 !important;}&#8221; offset=&#8221;vc_col-xs-12&#8243;][vc_single_image image=&#8221;1895&#8243; img_size=&#8221;1000&#215;550&#8243; alignment=&#8221;center&#8221; onclick=&#8221;custom_link&#8221; lazy_loading=&#8221;true&#8221; link=&#8221;http:%2F%2Fwww.centresgeriatricsmalgrat.com%2Fcentrodedia%2Fcocina-centro-de-dia%2F|&#8221;]<div class=\"ult-content-box-container \" >\t\t<div class=\"ult-content-box\" style=\"box-shadow: px px px px #f7f7f7 none;padding:30px;-webkit-transition: all 700ms ease;-moz-transition: all 700ms ease;-ms-transition: all 700ms ease;-o-transition: all 700ms ease;transition: all 700ms ease;\"  data-hover_box_shadow=\"none\"    ><div id=\"ultimate-heading-945969f625878cb6f\" class=\"uvc-heading ult-adjust-bottom-margin ultimate-heading-945969f625878cb6f uvc-7229 \" data-hspacer=\"no_spacer\"  data-halign=\"left\" style=\"text-align:left\"><div class=\"uvc-heading-spacer no_spacer\" style=\"top\"><\/div><div class=\"uvc-main-heading ult-responsive\"  data-ultimate-target='.uvc-heading.ultimate-heading-945969f625878cb6f h2'  data-responsive-json-new='{\"font-size\":\"desktop:20px;\",\"line-height\":\"desktop:26px;\"}' ><h2 style=\"font-weight:bold;margin-bottom:12px;\">Cuina<\/h2><\/div><\/div>[vc_column_text css=&#8221;.vc_custom_1567419925154{margin-bottom: 22px !important;}&#8221;]El nostre centre de dia compta amb una gran cuina on els nostres cuiners elaboren els nostres men\u00fas i dietes di\u00e0ries personalitzades, oferint un estil de cuina tradicional amb plats casolans en men\u00fas mensuals rotatius d&#8217;hivern i estiu.[\/vc_column_text]<span id=\"creative-link-wrap-4264\" class=\"ult_main_cl ult-adjust-bottom-margin  \" >\n\t \t\t\t<span class=\"ult_cl_link_1  ult_crlink\" >\n\t\t\t\t\t<a  data-ultimate-target='#creative-link-wrap-4264 .ult_colorlink'  data-responsive-json-new='{\"font-size\":\"\",\"line-height\":\"\"}'  href=\"http:\/\/www.centresgeriatricsmalgrat.com\/centrodedia\/ca\/cuina-centre-de-dia\/\" title=\"Cocina \u2013 Centro de d\u00eda\"  class=\"ult_colorlink ult-responsive \" style=\"font-weight:normal;color:#2cd3b4; \"  data-textcolor=\"#2cd3b4\" data-texthover=\"#00bc93\"data-style=\"Style_1\">\n\t\t\t\t\t\t\n\t\t\t\t\t\t<span data-hover=\"M\u00e9s informaci\u00f3 ...\" style=\"color:#2cd3b4;;;\" class=\"ult_btn10_span   \">M\u00e9s informaci\u00f3 ...<\/span>\n\t\t\t\t\t\t\n\t\t\t\t\t<\/a>\n\t\t\t\t<\/span>\n\t\t\t<\/span>\t\t<\/div><\/div>[\/vc_column][vc_column width=&#8221;1\/3&#8243; css=&#8221;.vc_custom_1567155320460{padding-top: 0px !important;padding-right: 0px !important;padding-bottom: 0px !important;padding-left: 0px !important;background-color: #f4f4f4 !important;}&#8221; offset=&#8221;vc_col-xs-12&#8243;][vc_single_image image=&#8221;2384&#8243; img_size=&#8221;1000&#215;550&#8243; alignment=&#8221;center&#8221; onclick=&#8221;custom_link&#8221; lazy_loading=&#8221;true&#8221; link=&#8221;http:%2F%2Fwww.centresgeriatricsmalgrat.com%2Fcentrodedia%2Ftransporte-adaptado-centro-de-dia%2F|&#8221;]<div class=\"ult-content-box-container \" >\t\t<div class=\"ult-content-box\" style=\"box-shadow: px px px px #f7f7f7 none;padding:30px;-webkit-transition: all 700ms ease;-moz-transition: all 700ms ease;-ms-transition: all 700ms ease;-o-transition: all 700ms ease;transition: all 700ms ease;\"  data-hover_box_shadow=\"none\"    ><div id=\"ultimate-heading-779169f625878cc13\" class=\"uvc-heading ult-adjust-bottom-margin ultimate-heading-779169f625878cc13 uvc-3768 \" data-hspacer=\"no_spacer\"  data-halign=\"left\" style=\"text-align:left\"><div class=\"uvc-heading-spacer no_spacer\" style=\"top\"><\/div><div class=\"uvc-main-heading ult-responsive\"  data-ultimate-target='.uvc-heading.ultimate-heading-779169f625878cc13 h2'  data-responsive-json-new='{\"font-size\":\"desktop:20px;\",\"line-height\":\"desktop:26px;\"}' ><h2 style=\"font-weight:bold;margin-bottom:12px;\">Transport Adaptat<\/h2><\/div><\/div>[vc_column_text css=&#8221;.vc_custom_1567593812971{margin-bottom: 22px !important;}&#8221;]El centre de dia disposa d&#8217;una flota de vehicles adaptats i ofereix servei de trasllat diari per tots els nostres usuaris amb mobilitat redu\u00efda i cadires de rodes en jornades de mat\u00ed i tarda de dilluns a dissabte.[\/vc_column_text][vc_column_text css=&#8221;.vc_custom_1567420097826{margin-bottom: 22px !important;}&#8221;][\/vc_column_text]<span id=\"creative-link-wrap-8701\" class=\"ult_main_cl ult-adjust-bottom-margin  \" >\n\t \t\t\t<span class=\"ult_cl_link_1  ult_crlink\" >\n\t\t\t\t\t<a  data-ultimate-target='#creative-link-wrap-8701 .ult_colorlink'  data-responsive-json-new='{\"font-size\":\"\",\"line-height\":\"\"}'  href=\"http:\/\/www.centresgeriatricsmalgrat.com\/centrodedia\/ca\/transporte-adaptado-centro-de-dia\/\" title=\"Cocina \u2013 Centro de d\u00eda\"  class=\"ult_colorlink ult-responsive \" style=\"font-weight:normal;color:#2cd3b4; \"  data-textcolor=\"#2cd3b4\" data-texthover=\"#00bc93\"data-style=\"Style_1\">\n\t\t\t\t\t\t\n\t\t\t\t\t\t<span data-hover=\"M\u00e9s informaci\u00f3 ...\" style=\"color:#2cd3b4;;;\" class=\"ult_btn10_span   \">M\u00e9s informaci\u00f3 ...<\/span>\n\t\t\t\t\t\t\n\t\t\t\t\t<\/a>\n\t\t\t\t<\/span>\n\t\t\t<\/span>\t\t<\/div><\/div>[\/vc_column][\/vc_row]<\/p>\n<\/div>","protected":false},"excerpt":{"rendered":"<p>[vc_row][vc_column][vc_single_image image=&#8221;1999&#8243; img_size=&#8221;268&#215;75&#8243;][\/vc_column][\/vc_row][vc_row][vc_column][vc_column_text] CENTRE DE DIA Igual que la nostra resid\u00e8ncia, el nostre centre de dia es troba ubicat al c \/ Mar n: 96, a tot just uns metres un de l&#8217;altre. El centre compta amb una gran lluminositat, i la seva decoraci\u00f3 \u00e9s moderna, acolorida, alegre i elegant perqu\u00e8 tots els nostres residents&hellip;<\/p>\n","protected":false},"author":3,"featured_media":0,"parent":0,"menu_order":5,"comment_status":"closed","ping_status":"closed","template":"template-microsite.php","meta":{"_acf_changed":false,"footnotes":""},"class_list":["post-1996","page","type-page","status-publish","hentry","description-off"],"acf":[],"_links":{"self":[{"href":"https:\/\/www.centresgeriatricsmalgrat.com\/centrodedia\/ca\/wp-json\/wp\/v2\/pages\/1996","targetHints":{"allow":["GET"]}}],"collection":[{"href":"https:\/\/www.centresgeriatricsmalgrat.com\/centrodedia\/ca\/wp-json\/wp\/v2\/pages"}],"about":[{"href":"https:\/\/www.centresgeriatricsmalgrat.com\/centrodedia\/ca\/wp-json\/wp\/v2\/types\/page"}],"author":[{"embeddable":true,"href":"https:\/\/www.centresgeriatricsmalgrat.com\/centrodedia\/ca\/wp-json\/wp\/v2\/users\/3"}],"replies":[{"embeddable":true,"href":"https:\/\/www.centresgeriatricsmalgrat.com\/centrodedia\/ca\/wp-json\/wp\/v2\/comments?post=1996"}],"version-history":[{"count":45,"href":"https:\/\/www.centresgeriatricsmalgrat.com\/centrodedia\/ca\/wp-json\/wp\/v2\/pages\/1996\/revisions"}],"predecessor-version":[{"id":2507,"href":"https:\/\/www.centresgeriatricsmalgrat.com\/centrodedia\/ca\/wp-json\/wp\/v2\/pages\/1996\/revisions\/2507"}],"wp:attachment":[{"href":"https:\/\/www.centresgeriatricsmalgrat.com\/centrodedia\/ca\/wp-json\/wp\/v2\/media?parent=1996"}],"curies":[{"name":"wp","href":"https:\/\/api.w.org\/{rel}","templated":true}]}}