{"id":2014,"date":"2019-07-10T14:19:39","date_gmt":"2019-07-10T14:19:39","guid":{"rendered":"http:\/\/www.centresgeriatricsmalgrat.com\/centrodedia\/tarifes\/"},"modified":"2025-10-24T11:51:33","modified_gmt":"2025-10-24T09:51:33","slug":"tarifes","status":"publish","type":"page","link":"https:\/\/www.centresgeriatricsmalgrat.com\/centrodedia\/ca\/tarifes\/","title":{"rendered":"Tarifes"},"content":{"rendered":"<div class=\"wpb-content-wrapper\"><p>[vc_row type=&#8221;vc_default&#8221; css=&#8221;.vc_custom_1474221376872{margin-bottom: -80px !important;}&#8221;][vc_column offset=&#8221;vc_col-lg-8 vc_col-md-8 vc_col-xs-12&#8243; css=&#8221;.vc_custom_1463573458077{margin-bottom: 80px !important;}&#8221;][vc_single_image image=&#8221;1565&#8243; img_size=&#8221;1000&#215;500&#8243; css=&#8221;.vc_custom_1548083854713{padding-bottom: 60px !important;}&#8221;]<div id=\"ultimate-heading-926869f63746650d0\" class=\"uvc-heading ult-adjust-bottom-margin ultimate-heading-926869f63746650d0 uvc-7388 \" data-hspacer=\"no_spacer\"  data-halign=\"left\" style=\"text-align:left\"><div class=\"uvc-heading-spacer no_spacer\" style=\"top\"><\/div><div class=\"uvc-main-heading ult-responsive\"  data-ultimate-target='.uvc-heading.ultimate-heading-926869f63746650d0 h2'  data-responsive-json-new='{\"font-size\":\"desktop:24px;\",\"line-height\":\"desktop:30px;\"}' ><h2 style=\"font-weight:bold;margin-bottom:22px;\">Les nostres Tarifes<\/h2><\/div><\/div>[vc_column_text]Totes les nostres tarifes s\u00f3n orientatives i estan subjectes a canvis i disponibilitat.<\/p>\n<p>Les tarifes es mantindran durant tota l&#8217;estada, nom\u00e9s varien segons el grau de depend\u00e8ncia, i l&#8217;IPC increment\u00e9s anualment.[\/vc_column_text][\/vc_column][vc_column offset=&#8221;vc_col-lg-4 vc_col-md-4 vc_col-xs-12&#8243; el_class=&#8221;custom_sidebar&#8221; css=&#8221;.vc_custom_1474221370251{padding-bottom: 80px !important;}&#8221;][vc_row_inner css=&#8221;.vc_custom_1462516802446{padding-right: 25px !important;padding-left: 25px !important;}&#8221;][vc_column_inner css=&#8221;.vc_custom_1471295267122{padding-top: 30px !important;padding-right: 30px !important;padding-bottom: 20px !important;padding-left: 30px !important;background-color: #f4f4f4 !important;}&#8221;]<div id=\"ultimate-heading-403169f6374665133\" class=\"uvc-heading ult-adjust-bottom-margin ultimate-heading-403169f6374665133 uvc-7008  uvc-heading-default-font-sizes\" data-hspacer=\"no_spacer\"  data-halign=\"left\" style=\"text-align:left\"><div class=\"uvc-heading-spacer no_spacer\" style=\"top\"><\/div><div class=\"uvc-main-heading ult-responsive\"  data-ultimate-target='.uvc-heading.ultimate-heading-403169f6374665133 h3'  data-responsive-json-new='{\"font-size\":\"\",\"line-height\":\"\"}' ><h3 style=\"font-weight:bold;margin-bottom:20px;\">Sol\u00b7licita informaci\u00f3<\/h3><\/div><\/div>[vc_column_text]Contacta amb nosaltres per a resoldre qualsevol dubte, estem per ajudar-te.[\/vc_column_text][vc_empty_space height=&#8221;30px&#8221;]<form class=\"dt-contact-form dt-form\" method=\"post\"><input type=\"hidden\" name=\"widget_id\" value=\"presscore-contact-form-widget--1\" \/><input type=\"hidden\" name=\"send_message\" value=\"\" \/><input type=\"hidden\" name=\"security_token\" value=\"10f8ac4c75752dd74db1\"\/><div class=\"form-fields\"><span class=\"form-name\"><label class=\"assistive-text\">Nom *<\/label><input type=\"text\" class=\"validate[required]\" placeholder=\"Nom *\" name=\"name\" value=\"\" aria-required=\"true\">\n<\/span><span class=\"form-mail\"><label class=\"assistive-text\">E-mail *<\/label><input type=\"text\" class=\"validate[required,custom[email]]\" placeholder=\"E-mail *\" name=\"email\" value=\"\" aria-required=\"true\">\n<\/span><span class=\"form-telephone\"><label class=\"assistive-text\">Tel\u00e8fon *<\/label><input type=\"text\" class=\"validate[required,custom[phone]]\" placeholder=\"Tel\u00e8fon *\" name=\"telephone\" value=\"\" aria-required=\"true\">\n<\/span><\/div><span class=\"form-message\"><label class=\"assistive-text\">Missatge *<\/label><textarea class=\"validate[required]\" placeholder=\"Missatge *\" name=\"message\" rows=\"2\" aria-required=\"true\"><\/textarea>\n<\/span><div class=\"the7-g-captcha\"><\/div><p><a href=\"#\" class=\"dt-btn dt-btn-m dt-btn-submit\" rel=\"nofollow\"><span>Enviar<\/span><\/a><input class=\"assistive-text\" type=\"submit\" value=\"submit\"><\/p><\/form>\n[\/vc_column_inner][\/vc_row_inner][\/vc_column][\/vc_row][vc_row][vc_column][vc_row_inner css=&#8221;.vc_custom_1548078741146{margin-right: 0px !important;margin-left: 0px !important;padding-top: 15px !important;padding-bottom: 15px !important;background-color: #5bb0ab !important;}&#8221;][vc_column_inner width=&#8221;3\/4&#8243; offset=&#8221;vc_col-lg-9 vc_col-md-9 vc_col-xs-9&#8243;]<div id=\"ultimate-heading-145869f637466573b\" class=\"uvc-heading ult-adjust-bottom-margin ultimate-heading-145869f637466573b uvc-9522 \" data-hspacer=\"no_spacer\"  data-halign=\"left\" style=\"text-align:left\"><div class=\"uvc-heading-spacer no_spacer\" style=\"top\"><\/div><div class=\"uvc-main-heading ult-responsive\"  data-ultimate-target='.uvc-heading.ultimate-heading-145869f637466573b h3'  data-responsive-json-new='{\"font-size\":\"desktop:16px;\",\"line-height\":\"desktop:22px;\"}' ><h3 style=\"font-weight:bold;\">TARIFES CENTRE DE DIA<\/h3><\/div><\/div>[\/vc_column_inner][vc_column_inner width=&#8221;1\/4&#8243; offset=&#8221;vc_col-lg-3 vc_col-md-3 vc_col-xs-3&#8243;]<div id=\"ultimate-heading-174769f6374665791\" class=\"uvc-heading ult-adjust-bottom-margin ultimate-heading-174769f6374665791 uvc-3657 \" data-hspacer=\"no_spacer\"  data-halign=\"center\" style=\"text-align:center\"><div class=\"uvc-heading-spacer no_spacer\" style=\"top\"><\/div><div class=\"uvc-main-heading ult-responsive\"  data-ultimate-target='.uvc-heading.ultimate-heading-174769f6374665791 h3'  data-responsive-json-new='{\"font-size\":\"desktop:16px;\",\"line-height\":\"desktop:22px;\"}' ><h3 style=\"font-weight:bold;\">Preu<\/h3><\/div><\/div>[\/vc_column_inner][\/vc_row_inner][vc_row_inner css=&#8221;.vc_custom_1548083530205{margin-right: 0px !important;margin-left: 0px !important;background-color: #2c438f !important;}&#8221;][vc_column_inner][vc_column_text el_class=&#8221;white-text&#8221;]Dia complet[\/vc_column_text][\/vc_column_inner][\/vc_row_inner][vc_row_inner css=&#8221;.vc_custom_1462454107178{margin-right: 0px !important;margin-left: 0px !important;padding-top: 12px !important;padding-bottom: 12px !important;background-color: #fcfcfc !important;}&#8221;][vc_column_inner width=&#8221;3\/4&#8243; offset=&#8221;vc_col-lg-9 vc_col-md-9 vc_col-xs-9&#8243;][vc_column_text css=&#8221;&#8221;]Quota dia complet dilluns &#8211; divendres (10 hores)[\/vc_column_text][\/vc_column_inner][vc_column_inner width=&#8221;1\/4&#8243; offset=&#8221;vc_col-lg-3 vc_col-md-3 vc_col-xs-3&#8243;]<div id=\"ultimate-heading-101369f63746657cd\" class=\"uvc-heading ult-adjust-bottom-margin ultimate-heading-101369f63746657cd uvc-4165 \" data-hspacer=\"no_spacer\"  data-halign=\"center\" style=\"text-align:center\"><div class=\"uvc-heading-spacer no_spacer\" style=\"top\"><\/div><div class=\"uvc-main-heading ult-responsive\"  data-ultimate-target='.uvc-heading.ultimate-heading-101369f63746657cd h3'  data-responsive-json-new='{\"font-size\":\"desktop:14px;\",\"line-height\":\"desktop:22px;\"}' ><h3 style=\"font-weight:bold;margin-top:3px;\">1.050\u20ac (grau 1) - 1080\u20ac (grau 2) - 1110\u20ac (grau 3)<\/h3><\/div><\/div>[\/vc_column_inner][\/vc_row_inner][vc_row_inner css=&#8221;.vc_custom_1462454102811{margin-right: 0px !important;margin-left: 0px !important;padding-top: 12px !important;padding-bottom: 12px !important;background-color: #f4f4f4 !important;}&#8221;][vc_column_inner width=&#8221;3\/4&#8243; offset=&#8221;vc_col-lg-9 vc_col-md-9 vc_col-xs-9&#8243;][vc_column_text]Amb transport anada \/ tornada[\/vc_column_text][\/vc_column_inner][vc_column_inner width=&#8221;1\/4&#8243; offset=&#8221;vc_col-lg-3 vc_col-md-3 vc_col-xs-3&#8243;]<div id=\"ultimate-heading-205569f6374665802\" class=\"uvc-heading ult-adjust-bottom-margin ultimate-heading-205569f6374665802 uvc-8834 \" data-hspacer=\"no_spacer\"  data-halign=\"center\" style=\"text-align:center\"><div class=\"uvc-heading-spacer no_spacer\" style=\"top\"><\/div><div class=\"uvc-main-heading ult-responsive\"  data-ultimate-target='.uvc-heading.ultimate-heading-205569f6374665802 h3'  data-responsive-json-new='{\"font-size\":\"desktop:14px;\",\"line-height\":\"desktop:22px;\"}' ><h3 style=\"font-weight:bold;margin-top:3px;\">1.365\u20ac (315\u20ac) (grau 1) - 1.395\u20ac (315\u20ac) (grau 2) - 1.425\u20ac (315\u20ac) (grau 3)<\/h3><\/div><\/div>[\/vc_column_inner][\/vc_row_inner][vc_row_inner css=&#8221;.vc_custom_1462454107178{margin-right: 0px !important;margin-left: 0px !important;padding-top: 12px !important;padding-bottom: 12px !important;background-color: #fcfcfc !important;}&#8221;][vc_column_inner width=&#8221;3\/4&#8243; offset=&#8221;vc_col-lg-9 vc_col-md-9 vc_col-xs-9&#8243;][vc_column_text]Quota dia complet dilluns &#8211; dissabte[\/vc_column_text][\/vc_column_inner][vc_column_inner width=&#8221;1\/4&#8243; offset=&#8221;vc_col-lg-3 vc_col-md-3 vc_col-xs-3&#8243;]<div id=\"ultimate-heading-769669f6374665831\" class=\"uvc-heading ult-adjust-bottom-margin ultimate-heading-769669f6374665831 uvc-4434 \" data-hspacer=\"no_spacer\"  data-halign=\"center\" style=\"text-align:center\"><div class=\"uvc-heading-spacer no_spacer\" style=\"top\"><\/div><div class=\"uvc-main-heading ult-responsive\"  data-ultimate-target='.uvc-heading.ultimate-heading-769669f6374665831 h3'  data-responsive-json-new='{\"font-size\":\"desktop:14px;\",\"line-height\":\"desktop:22px;\"}' ><h3 style=\"font-weight:bold;margin-top:3px;\">1.176\u20ac (grau 1) - 1.206\u20ac (grau 2) - 1.236\u20ac (grau 3)<\/h3><\/div><\/div>[\/vc_column_inner][\/vc_row_inner][vc_row_inner css=&#8221;.vc_custom_1462454102811{margin-right: 0px !important;margin-left: 0px !important;padding-top: 12px !important;padding-bottom: 12px !important;background-color: #f4f4f4 !important;}&#8221;][vc_column_inner width=&#8221;3\/4&#8243; offset=&#8221;vc_col-lg-9 vc_col-md-9 vc_col-xs-9&#8243;][vc_column_text]Amb transport anada \/ tornada[\/vc_column_text][\/vc_column_inner][vc_column_inner width=&#8221;1\/4&#8243; offset=&#8221;vc_col-lg-3 vc_col-md-3 vc_col-xs-3&#8243;]<div id=\"ultimate-heading-418469f637466585c\" class=\"uvc-heading ult-adjust-bottom-margin ultimate-heading-418469f637466585c uvc-2921 \" data-hspacer=\"no_spacer\"  data-halign=\"center\" style=\"text-align:center\"><div class=\"uvc-heading-spacer no_spacer\" style=\"top\"><\/div><div class=\"uvc-main-heading ult-responsive\"  data-ultimate-target='.uvc-heading.ultimate-heading-418469f637466585c h3'  data-responsive-json-new='{\"font-size\":\"desktop:14px;\",\"line-height\":\"desktop:22px;\"}' ><h3 style=\"font-weight:bold;margin-top:3px;\">1.526 \u20ac (350\u20ac) (grau 1) - 1.556 (350\u20ac) (grau 2) - 1.586\u20ac (350\u20ac) (grau 3)<\/h3><\/div><\/div>[\/vc_column_inner][\/vc_row_inner][vc_row_inner css=&#8221;.vc_custom_1548078864793{margin-right: 0px !important;margin-left: 0px !important;background-color: #2c438f !important;}&#8221;][vc_column_inner][vc_column_text el_class=&#8221;white-text&#8221;]Mig dia[\/vc_column_text][\/vc_column_inner][\/vc_row_inner][vc_row_inner css=&#8221;.vc_custom_1548083043563{margin-right: 0px !important;margin-left: 0px !important;padding-top: 12px !important;padding-bottom: 12px !important;background-color: #fcfcfc !important;}&#8221;][vc_column_inner width=&#8221;3\/4&#8243; offset=&#8221;vc_col-lg-9 vc_col-md-9 vc_col-xs-9&#8243;][vc_column_text css=&#8221;&#8221;]Matins o tardes dilluns &#8211; divendres (5 horas)[\/vc_column_text][\/vc_column_inner][vc_column_inner width=&#8221;1\/4&#8243; offset=&#8221;vc_col-lg-3 vc_col-md-3 vc_col-xs-3&#8243;]<div id=\"ultimate-heading-950569f637466588b\" class=\"uvc-heading ult-adjust-bottom-margin ultimate-heading-950569f637466588b uvc-3550 \" data-hspacer=\"no_spacer\"  data-halign=\"center\" style=\"text-align:center\"><div class=\"uvc-heading-spacer no_spacer\" style=\"top\"><\/div><div class=\"uvc-main-heading ult-responsive\"  data-ultimate-target='.uvc-heading.ultimate-heading-950569f637466588b h3'  data-responsive-json-new='{\"font-size\":\"desktop:14px;\",\"line-height\":\"desktop:22px;\"}' ><h3 style=\"font-weight:bold;margin-top:3px;\">740\u20ac (grau 1) - 770\u20ac (grau 2) - 800\u20ac (grau 3)<\/h3><\/div><\/div>[\/vc_column_inner][\/vc_row_inner][vc_row_inner css=&#8221;.vc_custom_1462454102811{margin-right: 0px !important;margin-left: 0px !important;padding-top: 12px !important;padding-bottom: 12px !important;background-color: #f4f4f4 !important;}&#8221;][vc_column_inner width=&#8221;3\/4&#8243; offset=&#8221;vc_col-lg-9 vc_col-md-9 vc_col-xs-9&#8243;][vc_column_text]Amb transport anada \/ tornada[\/vc_column_text][\/vc_column_inner][vc_column_inner width=&#8221;1\/4&#8243; offset=&#8221;vc_col-lg-3 vc_col-md-3 vc_col-xs-3&#8243;]<div id=\"ultimate-heading-401969f63746658b7\" class=\"uvc-heading ult-adjust-bottom-margin ultimate-heading-401969f63746658b7 uvc-9021 \" data-hspacer=\"no_spacer\"  data-halign=\"center\" style=\"text-align:center\"><div class=\"uvc-heading-spacer no_spacer\" style=\"top\"><\/div><div class=\"uvc-main-heading ult-responsive\"  data-ultimate-target='.uvc-heading.ultimate-heading-401969f63746658b7 h3'  data-responsive-json-new='{\"font-size\":\"desktop:14px;\",\"line-height\":\"desktop:22px;\"}' ><h3 style=\"font-weight:bold;margin-top:3px;\">1.055\u20ac (315\u20ac) (grau 1) - 1.085\u20ac (315\u20ac) (grau 2) - 1.115\u20ac (315\u20ac) (grau 3)<\/h3><\/div><\/div>[\/vc_column_inner][\/vc_row_inner][vc_row_inner css=&#8221;.vc_custom_1548083054436{margin-right: 0px !important;margin-left: 0px !important;padding-top: 12px !important;padding-bottom: 12px !important;background-color: #fcfcfc !important;}&#8221;][vc_column_inner width=&#8221;3\/4&#8243; offset=&#8221;vc_col-lg-9 vc_col-md-9 vc_col-xs-9&#8243;][vc_column_text css=&#8221;&#8221;]Matins o tardes dilluns \u2013 dissabte (5 horas)[\/vc_column_text][\/vc_column_inner][vc_column_inner width=&#8221;1\/4&#8243; offset=&#8221;vc_col-lg-3 vc_col-md-3 vc_col-xs-3&#8243;]<div id=\"ultimate-heading-529069f63746658e3\" class=\"uvc-heading ult-adjust-bottom-margin ultimate-heading-529069f63746658e3 uvc-6046 \" data-hspacer=\"no_spacer\"  data-halign=\"center\" style=\"text-align:center\"><div class=\"uvc-heading-spacer no_spacer\" style=\"top\"><\/div><div class=\"uvc-main-heading ult-responsive\"  data-ultimate-target='.uvc-heading.ultimate-heading-529069f63746658e3 h3'  data-responsive-json-new='{\"font-size\":\"desktop:14px;\",\"line-height\":\"desktop:22px;\"}' ><h3 style=\"font-weight:bold;margin-top:3px;\">803\u20ac (grau1) - 833\u20ac (grau 2) - 863\u20ac (grau 3)<\/h3><\/div><\/div>[\/vc_column_inner][\/vc_row_inner][vc_row_inner css=&#8221;.vc_custom_1462454102811{margin-right: 0px !important;margin-left: 0px !important;padding-top: 12px !important;padding-bottom: 12px !important;background-color: #f4f4f4 !important;}&#8221;][vc_column_inner width=&#8221;3\/4&#8243; offset=&#8221;vc_col-lg-9 vc_col-md-9 vc_col-xs-9&#8243;][vc_column_text]Amb transport anada \/ tornada[\/vc_column_text][\/vc_column_inner][vc_column_inner width=&#8221;1\/4&#8243; offset=&#8221;vc_col-lg-3 vc_col-md-3 vc_col-xs-3&#8243;]<div id=\"ultimate-heading-204269f6374665909\" class=\"uvc-heading ult-adjust-bottom-margin ultimate-heading-204269f6374665909 uvc-1109 \" data-hspacer=\"no_spacer\"  data-halign=\"center\" style=\"text-align:center\"><div class=\"uvc-heading-spacer no_spacer\" style=\"top\"><\/div><div class=\"uvc-main-heading ult-responsive\"  data-ultimate-target='.uvc-heading.ultimate-heading-204269f6374665909 h3'  data-responsive-json-new='{\"font-size\":\"desktop:14px;\",\"line-height\":\"desktop:22px;\"}' ><h3 style=\"font-weight:bold;margin-top:3px;\">1.153\u20ac (350\u20ac) (grau 1) - 1.183\u20ac (350) (grau 2) - 1213\u20ac (350\u20ac) (grau 3)<\/h3><\/div><\/div>[\/vc_column_inner][\/vc_row_inner][vc_row_inner css=&#8221;.vc_custom_1548078864793{margin-right: 0px !important;margin-left: 0px !important;background-color: #2c438f !important;}&#8221;][vc_column_inner][vc_column_text el_class=&#8221;white-text&#8221;]Estada temporal[\/vc_column_text][\/vc_column_inner][\/vc_row_inner][vc_row_inner css=&#8221;.vc_custom_1548083069942{margin-right: 0px !important;margin-left: 0px !important;padding-top: 12px !important;padding-bottom: 12px !important;background-color: #fcfcfc !important;}&#8221;][vc_column_inner width=&#8221;3\/4&#8243; offset=&#8221;vc_col-lg-9 vc_col-md-9 vc_col-xs-9&#8243;][vc_column_text]Dia complet (10 hores)[\/vc_column_text][\/vc_column_inner][vc_column_inner width=&#8221;1\/4&#8243; offset=&#8221;vc_col-lg-3 vc_col-md-3 vc_col-xs-3&#8243;]<div id=\"ultimate-heading-685569f6374665938\" class=\"uvc-heading ult-adjust-bottom-margin ultimate-heading-685569f6374665938 uvc-6948 \" data-hspacer=\"no_spacer\"  data-halign=\"center\" style=\"text-align:center\"><div class=\"uvc-heading-spacer no_spacer\" style=\"top\"><\/div><div class=\"uvc-main-heading ult-responsive\"  data-ultimate-target='.uvc-heading.ultimate-heading-685569f6374665938 h3'  data-responsive-json-new='{\"font-size\":\"desktop:14px;\",\"line-height\":\"desktop:22px;\"}' ><h3 style=\"font-weight:bold;margin-top:3px;\">72\u20ac (grau 1) - 92\u20ac (grau 2) - 112\u20ac (grau 3)<\/h3><\/div><\/div>[\/vc_column_inner][\/vc_row_inner][vc_row_inner css=&#8221;.vc_custom_1462454102811{margin-right: 0px !important;margin-left: 0px !important;padding-top: 12px !important;padding-bottom: 12px !important;background-color: #f4f4f4 !important;}&#8221;][vc_column_inner width=&#8221;3\/4&#8243; offset=&#8221;vc_col-lg-9 vc_col-md-9 vc_col-xs-9&#8243;][vc_column_text]Mig dia (5 hores)[\/vc_column_text][\/vc_column_inner][vc_column_inner width=&#8221;1\/4&#8243; offset=&#8221;vc_col-lg-3 vc_col-md-3 vc_col-xs-3&#8243;]<div id=\"ultimate-heading-183369f637466596d\" class=\"uvc-heading ult-adjust-bottom-margin ultimate-heading-183369f637466596d uvc-301 \" data-hspacer=\"no_spacer\"  data-halign=\"center\" style=\"text-align:center\"><div class=\"uvc-heading-spacer no_spacer\" style=\"top\"><\/div><div class=\"uvc-main-heading ult-responsive\"  data-ultimate-target='.uvc-heading.ultimate-heading-183369f637466596d h3'  data-responsive-json-new='{\"font-size\":\"desktop:14px;\",\"line-height\":\"desktop:22px;\"}' ><h3 style=\"font-weight:bold;margin-top:3px;\">48\u20ac (grau 1) - 68\u20ac (grau 2) - 88\u20ac (grau 3)<\/h3><\/div><\/div>[\/vc_column_inner][\/vc_row_inner][\/vc_column][\/vc_row][vc_row][vc_column][vc_column_text]<em><strong>* Preus amb IVA<\/strong><\/em>[\/vc_column_text][\/vc_column][\/vc_row]<\/p>\n<\/div>","protected":false},"excerpt":{"rendered":"<p>[vc_row type=&#8221;vc_default&#8221; css=&#8221;.vc_custom_1474221376872{margin-bottom: -80px !important;}&#8221;][vc_column offset=&#8221;vc_col-lg-8 vc_col-md-8 vc_col-xs-12&#8243; css=&#8221;.vc_custom_1463573458077{margin-bottom: 80px !important;}&#8221;][vc_single_image image=&#8221;1565&#8243; img_size=&#8221;1000&#215;500&#8243; css=&#8221;.vc_custom_1548083854713{padding-bottom: 60px !important;}&#8221;][vc_column_text]Totes les nostres tarifes s\u00f3n orientatives i estan subjectes a canvis i disponibilitat. Les tarifes es mantindran durant tota l&#8217;estada, nom\u00e9s varien segons el grau de depend\u00e8ncia, i l&#8217;IPC increment\u00e9s anualment.[\/vc_column_text][\/vc_column][vc_column offset=&#8221;vc_col-lg-4 vc_col-md-4 vc_col-xs-12&#8243; el_class=&#8221;custom_sidebar&#8221; css=&#8221;.vc_custom_1474221370251{padding-bottom: 80px !important;}&#8221;][vc_row_inner css=&#8221;.vc_custom_1462516802446{padding-right: 25px&hellip;<\/p>\n","protected":false},"author":3,"featured_media":0,"parent":0,"menu_order":20,"comment_status":"closed","ping_status":"closed","template":"template-microsite.php","meta":{"_acf_changed":false,"footnotes":""},"class_list":["post-2014","page","type-page","status-publish","hentry","description-off"],"acf":[],"_links":{"self":[{"href":"https:\/\/www.centresgeriatricsmalgrat.com\/centrodedia\/ca\/wp-json\/wp\/v2\/pages\/2014","targetHints":{"allow":["GET"]}}],"collection":[{"href":"https:\/\/www.centresgeriatricsmalgrat.com\/centrodedia\/ca\/wp-json\/wp\/v2\/pages"}],"about":[{"href":"https:\/\/www.centresgeriatricsmalgrat.com\/centrodedia\/ca\/wp-json\/wp\/v2\/types\/page"}],"author":[{"embeddable":true,"href":"https:\/\/www.centresgeriatricsmalgrat.com\/centrodedia\/ca\/wp-json\/wp\/v2\/users\/3"}],"replies":[{"embeddable":true,"href":"https:\/\/www.centresgeriatricsmalgrat.com\/centrodedia\/ca\/wp-json\/wp\/v2\/comments?post=2014"}],"version-history":[{"count":12,"href":"https:\/\/www.centresgeriatricsmalgrat.com\/centrodedia\/ca\/wp-json\/wp\/v2\/pages\/2014\/revisions"}],"predecessor-version":[{"id":2649,"href":"https:\/\/www.centresgeriatricsmalgrat.com\/centrodedia\/ca\/wp-json\/wp\/v2\/pages\/2014\/revisions\/2649"}],"wp:attachment":[{"href":"https:\/\/www.centresgeriatricsmalgrat.com\/centrodedia\/ca\/wp-json\/wp\/v2\/media?parent=2014"}],"curies":[{"name":"wp","href":"https:\/\/api.w.org\/{rel}","templated":true}]}}