{"id":2331,"date":"2019-08-02T14:59:02","date_gmt":"2019-08-02T14:59:02","guid":{"rendered":"http:\/\/www.centresgeriatricsmalgrat.com\/centrodedia\/politica-de-privacitat\/"},"modified":"2019-08-02T14:59:03","modified_gmt":"2019-08-02T14:59:03","slug":"politica-de-privacitat","status":"publish","type":"page","link":"https:\/\/www.centresgeriatricsmalgrat.com\/centrodedia\/ca\/politica-de-privacitat\/","title":{"rendered":"POL\u00cdTICA DE PRIVACITAT"},"content":{"rendered":"<div class=\"wpb-content-wrapper\"><p>[vc_row][vc_column][vc_column_text]A efecte del previst en el Reglament (UE) 2016\/679 de 27 d&#8217;abril del 2016 CENTRES GERIATRICS MALGRAT SL amb CIF B60475696 informa a l&#8217;Usuari que les seves dades de car\u00e0cter personal seran tractades amb la finalitat de prestar-li els serveis sol\u00b7licitats i enviar-li la informaci\u00f3 sobre la nostra empresa que pugui ser del seu inter\u00e8s.<\/p>\n<p>&lt;span style=&#8221;text-decoration: underline;&#8221;&gt;Envio i registre de dades de car\u00e0cter personal&lt;\/span&gt;<\/p>\n<p>L&#8217;enviament de dades de car\u00e0cter personal \u00e9s obligatori per contactar i rebre informaci\u00f3 sobre els serveis prestats per CENTRES GERIATRICS MALGRAT SL. Aix\u00ed mateix, el no facilitar les dades personals sol\u00b7licitades o el no acceptar la present pol\u00edtica de protecci\u00f3 de dades suposa la impossibilitat de subscriure&#8217;s, registrar-se o rebre informaci\u00f3 d&#8217;aquests serveis.<br \/>\nQuan les dades de car\u00e0cter personal siguin obtingudes de l\u2019Usuari a trav\u00e9s de xarxes de comunicacions electr\u00f2niques o en el marc de la prestaci\u00f3 d&#8217;un servei de la societat de la informaci\u00f3, aix\u00ed com en aquells altres sup\u00f2sits expressament establerts per la llei o quan aix\u00ed ho autoritzi l&#8217;Ag\u00e8ncia Espanyola de Protecci\u00f3 de Dades, el responsable del tractament podr\u00e0 donar compliment al deure d&#8217;informaci\u00f3 que estableix l&#8217;article 13 del Reglament (UE) 2016\/679 facilitant l&#8217;afectat almenys la informaci\u00f3 b\u00e0sica seg\u00fcent:<\/p>\n<p>a) La identitat del responsable del tractament i del seu representant, si escau.<br \/>\nb) La finalitat del tractament.<br \/>\nc) La manera en qu\u00e8 l&#8217;afectat podr\u00e0 exercitar els drets que estableixen els articles 15 a 22 del Reglament (UE) 2016\/679.<\/p>\n<p>Tanmateix, els responsables i encarregats del tractament o, si s&#8217;escau, els seus representants hauran de mantenir el registre d&#8217;activitats de tractament a qu\u00e8 es refereix l&#8217;article 30 del Reglament (UE) 2016\/679, llevat que la empresa o organitzaci\u00f3 ocupin menys de 250 persones, amb l&#8217;excepci\u00f3 que el tractament que realitzi pugui comportar un risc per als drets i llibertats dels interessats, no sigui ocasional, o inclogui categories especials de dades personals indicades en l&#8217;article 9, apartat 1, o dades personals relatives a condemnes i infraccions penals a qu\u00e8 es refereix l&#8217;article 10 del Reglament (UE) 2016\/679.<\/p>\n<p>Finalment, l&#8217;article 5.1.f) del Reglament (UE) 2016\/679 determina la necessitat d&#8217;establir garanties de seguretat adequades contra el tractament no autoritzat o il\u00b7l\u00edcit, contra la p\u00e8rdua de les dades personals, la destrucci\u00f3 o el dany accidental. Aix\u00f2 implica l&#8217;establiment de mesures t\u00e8cniques i organitzatives encaminades a assegurar la integritat i confidencialitat de les dades personals i la possibilitat (article 5.2) de demostrar que aquestes mesures s&#8217;han portat a la pr\u00e0ctica (responsabilitat proactiva).<\/p>\n<p>&lt;span style=&#8221;text-decoration: underline;&#8221;&gt;Exactitud i veracitat de les dades facilitades&lt;\/span&gt;<\/p>\n<p>L&#8217;Usuari que envia la informaci\u00f3 a CENTRES GERIATRICS MALGRAT SL \u00e9s l&#8217;\u00fanic responsable de la veracitat i correcci\u00f3 de les dades incloses, exonerant-se CENTRES GERIATRICS MALGRAT SL de qualsevol responsabilitat sobre aquest tema. Els usuaris garanteixen i responen, en qualsevol cas, de l&#8217;exactitud, vig\u00e8ncia i autenticitat de les dades personals facilitades, i es comprometen a mantenir-los degudament actualitzats. L&#8217;Usuari accepta proporcionar informaci\u00f3 completa i correcta en el formulari de registre o subscripci\u00f3.<\/p>\n<p>CENTRES GERIATRICS MALGRAT SL no respon de la veracitat de les informacions que no siguin d&#8217;elaboraci\u00f3 pr\u00f2pia i de les quals s&#8217;indiqui una altra font, per la qual cosa tampoc assumeix responsabilitat alguna quant a hipot\u00e8tics perjudicis que poguessin originar-se per l&#8217;\u00fas d&#8217;aquesta informaci\u00f3. S&#8217;exonera a CENTRES GERIATRICS MALGRAT SL de responsabilitat davant qualsevol dany o perjudici que pogu\u00e9s sofrir l&#8217;Usuari com a conseq\u00fc\u00e8ncia d&#8217;errors, defectes o omissions, en la informaci\u00f3 facilitada per CENTRES GERIATRICS MALGRAT SL sempre que procedeixi de fonts alienes a CENTRES GERIATRICS MALGRAT SL.<\/p>\n<p>&lt;span style=&#8221;text-decoration: underline;&#8221;&gt;Cessi\u00f3 de dades a tercers&lt;\/span&gt;<\/p>\n<p>CENTRES GERIATRICS MALGRAT SL no cedir\u00e0 les dades personals a tercers. No obstant aix\u00f2, en el cas de ser cedits a algun tercer es produiria una informaci\u00f3 pr\u00e8via sol\u00b7licitant el consentiment expr\u00e9s de l&#8217;afectat en virtut de l&#8217;article 4.11 del Reglament (UE) 2016\/679 de 27 d&#8217;abril del 2016.<\/p>\n<p>&lt;span style=&#8221;text-decoration: underline;&#8221;&gt;Conservaci\u00f3 de les dades&lt;\/span&gt;<\/p>\n<p>En qualsevol cas, el temps de conservaci\u00f3 ser\u00e0 l\u2019indispensable, i pot mantenir-se com a m\u00ednim:<\/p>\n<p>\u2022 4 anys: Llei sobre infraccions i sancions en l&#8217;ordre social (obligacions en mat\u00e8ria d&#8217;afiliaci\u00f3, altes, baixes, cotitzaci\u00f3, pagament de salaris &#8230;); Arts. 66 i s. Llei general tribut\u00e0ria (llibres de comptabilitat &#8230;)<br \/>\n\u2022 5 anys: Art. 1964 Codi Civil (accions personals sense termini especial)<br \/>\n\u2022 6 anys: Art. 30 Codi de Comer\u00e7 (llibres de comptabilitat, factures &#8230;)<br \/>\n\u2022 10 anys: Art. 25 Llei de Prevenci\u00f3 del Blanqueig de Capitals i Finan\u00e7ament del Terrorisme.<\/p>\n<p>&lt;span style=&#8221;text-decoration: underline;&#8221;&gt;Exercici de drets d&#8217;acc\u00e9s, rectificaci\u00f3, supressi\u00f3, limitaci\u00f3, portabilitat i oposici\u00f3&lt;\/span&gt;<\/p>\n<p>Podr\u00e0 dirigir les seves comunicacions i exercitar els drets d&#8217;acc\u00e9s, rectificaci\u00f3, supressi\u00f3, limitaci\u00f3, portabilitat i oposici\u00f3 a trav\u00e9s de correu postal en CENTRES GERIATRICS MALGRAT SL CALLE DEL MAR 89, 08380, MALGRAT DE MAR o a l&#8217;email jm_lafuente@residenciamalgrat.com juntament amb prova v\u00e0lida en dret, com a fotoc\u00f2pia del D.N.I. i indicant en l&#8217;assumpte &#8220;PROTECCI\u00d3 DE DADES&#8221;.<\/p>\n<p>&lt;span style=&#8221;text-decoration: underline;&#8221;&gt;Acceptaci\u00f3 i consentiment&lt;\/span&gt;<\/p>\n<p>L&#8217;Usuari declara haver estat informat de les condicions sobre protecci\u00f3 de dades de car\u00e0cter personal, acceptant i consentint el tractament de les mateixes per part de CENTRES GERIATRICS MALGRAT SL, en la forma i per a les finalitats indicades en la present Pol\u00edtica de Protecci\u00f3 de Dades Personals.<\/p>\n<p>&lt;span style=&#8221;text-decoration: underline;&#8221;&gt;Canvis en la present pol\u00edtica de privacitat&lt;\/span&gt;<\/p>\n<p>CENTRES GERIATRICS MALGRAT SL es reserva el dret a modificar la present pol\u00edtica per adaptar-la a novetats legislatives o jurisprudencials aix\u00ed com a pr\u00e0ctiques de la ind\u00fastria. En aquests sup\u00f2sits, CENTRES GERIATRICS MALGRAT SL anunciar\u00e0 en aquesta p\u00e0gina els canvis introdu\u00efts amb raonable antelaci\u00f3 a la seva posada en pr\u00e0ctica.[\/vc_column_text][\/vc_column][\/vc_row]<\/p>\n<\/div>","protected":false},"excerpt":{"rendered":"<p>[vc_row][vc_column][vc_column_text]A efecte del previst en el Reglament (UE) 2016\/679 de 27 d&#8217;abril del 2016 CENTRES GERIATRICS MALGRAT SL amb CIF B60475696 informa a l&#8217;Usuari que les seves dades de car\u00e0cter personal seran tractades amb la finalitat de prestar-li els serveis sol\u00b7licitats i enviar-li la informaci\u00f3 sobre la nostra empresa que pugui ser del seu inter\u00e8s.&hellip;<\/p>\n","protected":false},"author":3,"featured_media":0,"parent":0,"menu_order":0,"comment_status":"closed","ping_status":"open","template":"","meta":{"_acf_changed":false,"footnotes":""},"class_list":["post-2331","page","type-page","status-publish","hentry","description-off"],"acf":[],"_links":{"self":[{"href":"https:\/\/www.centresgeriatricsmalgrat.com\/centrodedia\/ca\/wp-json\/wp\/v2\/pages\/2331","targetHints":{"allow":["GET"]}}],"collection":[{"href":"https:\/\/www.centresgeriatricsmalgrat.com\/centrodedia\/ca\/wp-json\/wp\/v2\/pages"}],"about":[{"href":"https:\/\/www.centresgeriatricsmalgrat.com\/centrodedia\/ca\/wp-json\/wp\/v2\/types\/page"}],"author":[{"embeddable":true,"href":"https:\/\/www.centresgeriatricsmalgrat.com\/centrodedia\/ca\/wp-json\/wp\/v2\/users\/3"}],"replies":[{"embeddable":true,"href":"https:\/\/www.centresgeriatricsmalgrat.com\/centrodedia\/ca\/wp-json\/wp\/v2\/comments?post=2331"}],"version-history":[{"count":1,"href":"https:\/\/www.centresgeriatricsmalgrat.com\/centrodedia\/ca\/wp-json\/wp\/v2\/pages\/2331\/revisions"}],"predecessor-version":[{"id":2332,"href":"https:\/\/www.centresgeriatricsmalgrat.com\/centrodedia\/ca\/wp-json\/wp\/v2\/pages\/2331\/revisions\/2332"}],"wp:attachment":[{"href":"https:\/\/www.centresgeriatricsmalgrat.com\/centrodedia\/ca\/wp-json\/wp\/v2\/media?parent=2331"}],"curies":[{"name":"wp","href":"https:\/\/api.w.org\/{rel}","templated":true}]}}