{"id":2337,"date":"2019-08-03T11:56:27","date_gmt":"2019-08-03T11:56:27","guid":{"rendered":"http:\/\/www.centresgeriatricsmalgrat.com\/centrodedia\/contacte-proteccio-de-dades\/"},"modified":"2019-08-03T11:56:28","modified_gmt":"2019-08-03T11:56:28","slug":"contacte-proteccio-de-dades","status":"publish","type":"page","link":"https:\/\/www.centresgeriatricsmalgrat.com\/centrodedia\/ca\/contacte-proteccio-de-dades\/","title":{"rendered":"Contacte Protecci\u00f3 de Dades"},"content":{"rendered":"<div class=\"wpb-content-wrapper\"><p>[vc_row][vc_column][vc_column_text]Li informem que les dades que ens remeti a trav\u00e9s d&#8217;aquest formulari electr\u00f2nic quedaran incorporades en els sistemes d&#8217;informaci\u00f3 de CENTRES GERIATRICS MALGRAT SL. Aquesta comunicaci\u00f3 s&#8217;utilitzar\u00e0 exclusivament per atendre la seva petici\u00f3. Mitjan\u00e7ant la indicaci\u00f3 de les seves dades, i de conformitat amb l&#8217;establert en l&#8217;article 4.11 del Reglament (UE) 2016\/679 de 27 d&#8217;abril del 2016, vost\u00e8 atorga el seu consentiment inequ\u00edvoc a CENTRES GERIATRICS MALGRAT SL perqu\u00e8 procedeixi, en compliment de les finalitats esmentades anteriorment, al tractament de les dades personals facilitades. No obstant aix\u00f2, en qualsevol moment vost\u00e8 podr\u00e0 exercitar els drets d&#8217;acc\u00e9s, rectificaci\u00f3, supressi\u00f3, limitaci\u00f3, portabilitat i oposici\u00f3, a trav\u00e9s de l&#8217;adre\u00e7a: CENTRES GERIATRICS MALGRAT SL CALLE DEL MAR 89, 08380, MALGRAT DE MAR o de l&#8217;email: jm_lafuente@residenciamalgrat.com[\/vc_column_text][\/vc_column][\/vc_row]<\/p>\n<\/div>","protected":false},"excerpt":{"rendered":"<p>[vc_row][vc_column][vc_column_text]Li informem que les dades que ens remeti a trav\u00e9s d&#8217;aquest formulari electr\u00f2nic quedaran incorporades en els sistemes d&#8217;informaci\u00f3 de CENTRES GERIATRICS MALGRAT SL. Aquesta comunicaci\u00f3 s&#8217;utilitzar\u00e0 exclusivament per atendre la seva petici\u00f3. Mitjan\u00e7ant la indicaci\u00f3 de les seves dades, i de conformitat amb l&#8217;establert en l&#8217;article 4.11 del Reglament (UE) 2016\/679 de 27 d&#8217;abril&hellip;<\/p>\n","protected":false},"author":3,"featured_media":0,"parent":0,"menu_order":0,"comment_status":"closed","ping_status":"closed","template":"","meta":{"_acf_changed":false,"footnotes":""},"class_list":["post-2337","page","type-page","status-publish","hentry","description-off"],"acf":[],"_links":{"self":[{"href":"https:\/\/www.centresgeriatricsmalgrat.com\/centrodedia\/ca\/wp-json\/wp\/v2\/pages\/2337","targetHints":{"allow":["GET"]}}],"collection":[{"href":"https:\/\/www.centresgeriatricsmalgrat.com\/centrodedia\/ca\/wp-json\/wp\/v2\/pages"}],"about":[{"href":"https:\/\/www.centresgeriatricsmalgrat.com\/centrodedia\/ca\/wp-json\/wp\/v2\/types\/page"}],"author":[{"embeddable":true,"href":"https:\/\/www.centresgeriatricsmalgrat.com\/centrodedia\/ca\/wp-json\/wp\/v2\/users\/3"}],"replies":[{"embeddable":true,"href":"https:\/\/www.centresgeriatricsmalgrat.com\/centrodedia\/ca\/wp-json\/wp\/v2\/comments?post=2337"}],"version-history":[{"count":1,"href":"https:\/\/www.centresgeriatricsmalgrat.com\/centrodedia\/ca\/wp-json\/wp\/v2\/pages\/2337\/revisions"}],"predecessor-version":[{"id":2338,"href":"https:\/\/www.centresgeriatricsmalgrat.com\/centrodedia\/ca\/wp-json\/wp\/v2\/pages\/2337\/revisions\/2338"}],"wp:attachment":[{"href":"https:\/\/www.centresgeriatricsmalgrat.com\/centrodedia\/ca\/wp-json\/wp\/v2\/media?parent=2337"}],"curies":[{"name":"wp","href":"https:\/\/api.w.org\/{rel}","templated":true}]}}