{"id":105,"date":"2016-04-28T17:26:34","date_gmt":"2016-04-28T16:26:34","guid":{"rendered":"https:\/\/the7.io\/medical\/?page_id=105"},"modified":"2019-08-02T13:48:21","modified_gmt":"2019-08-02T13:48:21","slug":"historia","status":"publish","type":"page","link":"https:\/\/www.centresgeriatricsmalgrat.com\/centrodedia\/historia\/","title":{"rendered":"Historia"},"content":{"rendered":"<div class=\"wpb-content-wrapper\"><p>[vc_row][vc_column][vc_custom_heading text=\u00bbCentro de d\u00eda Malgrat\u00bb google_fonts=\u00bbfont_family:Roboto%3A100%2C100italic%2C300%2C300italic%2Cregular%2Citalic%2C500%2C500italic%2C700%2C700italic%2C900%2C900italic|font_style:400%20regular%3A400%3Anormal\u00bb][vc_column_text]<strong>1993<\/strong><\/p>\n<p>Ubicada en la calle Sant Pere n\u00ba42, nuestra primera residencia fue un peque\u00f1o y antiguo hostal de 4 plantas y 27 habitaciones para 43 residentes. En septiembre de 1993, el Sr. Enrique Fern\u00e1ndez S\u00e1nchez\u00a0 y la Sra. Antonia Perpi\u00f1\u00e1n Del Molino decidieron empezar a reformarlo, acondicionarlo y equiparlo adapt\u00e1ndolo para las exigencias del momento.[\/vc_column_text][\/vc_column][\/vc_row][vc_row][vc_column width=\u00bb1\/3&#8243;][vc_single_image image=\u00bb2102&#8243; img_size=\u00bb380&#215;272&#8243; alignment=\u00bbcenter\u00bb style=\u00bbvc_box_rounded\u00bb onclick=\u00bblink_image\u00bb][vc_column_text css=\u00bb.vc_custom_1564739856657{margin-top: -30px !important;}\u00bb]<\/p>\n<p style=\"text-align: center;\">Fachada y primer veh\u00edculo de la residencia. 1993<\/p>\n<p>[\/vc_column_text][\/vc_column][vc_column width=\u00bb1\/3&#8243;][vc_single_image image=\u00bb2100&#8243; img_size=\u00bb380&#215;272&#8243; alignment=\u00bbcenter\u00bb style=\u00bbvc_box_rounded\u00bb onclick=\u00bblink_image\u00bb][vc_column_text css=\u00bb.vc_custom_1564739864590{margin-top: -30px !important;}\u00bb]<\/p>\n<p style=\"text-align: center;\">Recepci\u00f3n de la residencia. 1993<\/p>\n<p>[\/vc_column_text][\/vc_column][vc_column width=\u00bb1\/3&#8243;][vc_single_image image=\u00bb2106&#8243; img_size=\u00bb380&#215;272&#8243; alignment=\u00bbcenter\u00bb style=\u00bbvc_box_rounded\u00bb onclick=\u00bblink_image\u00bb][vc_column_text css=\u00bb.vc_custom_1564739870842{margin-top: -30px !important;}\u00bb]<\/p>\n<p style=\"text-align: center;\">Habitaci\u00f3n doble. 1993<\/p>\n<p>[\/vc_column_text][\/vc_column][\/vc_row][vc_row][vc_column][vc_column_text]<strong>1994<\/strong><\/p>\n<p>Tras unos largos meses, en enero de 1994 el Sr. Enrique y la Sra. Antonia inauguraron nuestra primera residencia y iniciaron su actividad como negocio familiar, bajo el nombre de Residencia Geri\u00e1trica Malgrat.[\/vc_column_text][\/vc_column][\/vc_row][vc_row][vc_column width=\u00bb1\/3&#8243;][vc_single_image image=\u00bb2104&#8243; img_size=\u00bb380&#215;272&#8243; alignment=\u00bbcenter\u00bb style=\u00bbvc_box_rounded\u00bb onclick=\u00bblink_image\u00bb][vc_column_text css=\u00bb.vc_custom_1564739879948{margin-top: -30px !important;}\u00bb]<\/p>\n<p style=\"text-align: center;\">Antigua sala de estar. 1994<\/p>\n<p>[\/vc_column_text][\/vc_column][vc_column width=\u00bb1\/3&#8243;][vc_single_image image=\u00bb2108&#8243; img_size=\u00bb380&#215;272&#8243; alignment=\u00bbcenter\u00bb style=\u00bbvc_box_rounded\u00bb onclick=\u00bblink_image\u00bb][vc_column_text css=\u00bb.vc_custom_1564739887370{margin-top: -30px !important;}\u00bb]<\/p>\n<p style=\"text-align: center;\">Antigua sala comedor. 1994<\/p>\n<p>[\/vc_column_text][\/vc_column][vc_column width=\u00bb1\/3&#8243;][vc_single_image image=\u00bb2110&#8243; img_size=\u00bb380&#215;272&#8243; alignment=\u00bbcenter\u00bb style=\u00bbvc_box_rounded\u00bb onclick=\u00bblink_image\u00bb][vc_column_text css=\u00bb.vc_custom_1564739894758{margin-top: -30px !important;}\u00bb]<\/p>\n<p style=\"text-align: center;\">Cocina. 1994<\/p>\n<p>[\/vc_column_text][\/vc_column][\/vc_row][vc_row][vc_column][vc_single_image image=\u00bb2142&#8243; img_size=\u00bbfull\u00bb alignment=\u00bbcenter\u00bb style=\u00bbvc_box_rounded\u00bb onclick=\u00bblink_image\u00bb][vc_column_text css=\u00bb.vc_custom_1564739901162{margin-top: -30px !important;}\u00bb]<\/p>\n<p style=\"text-align: center;\">Primer folleto propagand\u00edstico. 1994<\/p>\n<p>[\/vc_column_text][\/vc_column][\/vc_row][vc_row][vc_column][vc_column_text]<strong>2007<\/strong><\/p>\n<p>En Marzo del a\u00f1o 2007, viendo la gran demanda que hab\u00eda y tras unos meses de duro trabajo para adaptarlo y equiparlo, se inaugur\u00f3 nuestro centro de d\u00eda. Ubicado cerca de nuestras residencias, en la calle Mar n\u00ba 96 de Malgrat de mar, \u00a0cuenta una superficie de 910 m2 y un gran equipamiento.[\/vc_column_text][\/vc_column][\/vc_row][vc_row][vc_column width=\u00bb1\/3&#8243;][vc_single_image image=\u00bb1946&#8243; img_size=\u00bb380&#215;272&#8243; alignment=\u00bbcenter\u00bb style=\u00bbvc_box_rounded\u00bb onclick=\u00bblink_image\u00bb][vc_column_text css=\u00bb.vc_custom_1564739908419{margin-top: -30px !important;}\u00bb]<\/p>\n<p style=\"text-align: center;\">Entrada centro de d\u00eda. 2007<\/p>\n<p>[\/vc_column_text][\/vc_column][vc_column width=\u00bb1\/3&#8243;][vc_single_image image=\u00bb2112&#8243; img_size=\u00bb380&#215;272&#8243; alignment=\u00bbcenter\u00bb style=\u00bbvc_box_rounded\u00bb onclick=\u00bblink_image\u00bb][vc_column_text css=\u00bb.vc_custom_1564739919583{margin-top: -30px !important;}\u00bb]<\/p>\n<p style=\"text-align: center;\">Recepci\u00f3n centro de d\u00eda. 2007<\/p>\n<p>[\/vc_column_text][\/vc_column][vc_column width=\u00bb1\/3&#8243;][vc_single_image image=\u00bb1906&#8243; img_size=\u00bb380&#215;272&#8243; alignment=\u00bbcenter\u00bb style=\u00bbvc_box_rounded\u00bb onclick=\u00bblink_image\u00bb][vc_column_text css=\u00bb.vc_custom_1564739925659{margin-top: -30px !important;}\u00bb]<\/p>\n<p style=\"text-align: center;\">Sala de estar centro de d\u00eda. 2007<\/p>\n<p>[\/vc_column_text][\/vc_column][\/vc_row][vc_row][vc_column][vc_column_text]<strong>2017<\/strong><\/p>\n<p>Durante muchos a\u00f1os pensaron en seguir creciendo, y con el fin de mejorar las instalaciones y dotarlas de mayor equipamiento y recursos para dar m\u00e1s espacio y confortabilidad a los residentes, \u00a0decidieron empezar a dar forma a un ambicioso proyecto e iniciar la edificaci\u00f3n de una nueva residencia en primera l\u00ednea de mar.[\/vc_column_text][\/vc_column][\/vc_row][vc_row][vc_column width=\u00bb1\/3&#8243;][vc_single_image image=\u00bb2136&#8243; img_size=\u00bb380&#215;272&#8243; alignment=\u00bbcenter\u00bb style=\u00bbvc_box_rounded\u00bb onclick=\u00bblink_image\u00bb][vc_column_text css=\u00bb.vc_custom_1564739931923{margin-top: -30px !important;}\u00bb]<\/p>\n<p style=\"text-align: center;\">Primeros progresos de obra y lona informativa. 2017<\/p>\n<p>[\/vc_column_text][\/vc_column][vc_column width=\u00bb1\/3&#8243;][vc_single_image image=\u00bb2138&#8243; img_size=\u00bb380&#215;272&#8243; alignment=\u00bbcenter\u00bb style=\u00bbvc_box_rounded\u00bb onclick=\u00bblink_image\u00bb][vc_column_text css=\u00bb.vc_custom_1564739938035{margin-top: -30px !important;}\u00bb]<\/p>\n<p style=\"text-align: center;\">Primeros progresos de obra y tabiques.\u00a0 2017<\/p>\n<p>[\/vc_column_text][\/vc_column][vc_column width=\u00bb1\/3&#8243;][vc_single_image image=\u00bb2140&#8243; img_size=\u00bb380&#215;272&#8243; alignment=\u00bbcenter\u00bb style=\u00bbvc_box_rounded\u00bb onclick=\u00bblink_image\u00bb][vc_column_text css=\u00bb.vc_custom_1564739943489{margin-top: -30px !important;}\u00bb]<\/p>\n<p style=\"text-align: center;\">Fase de modificaci\u00f3n estructura. 2017<\/p>\n<p>[\/vc_column_text][\/vc_column][\/vc_row][vc_row][vc_column][vc_column_text]<strong>2018-19<\/strong><\/p>\n<p>En enero de 2018 comenzaron las obras de construcci\u00f3n de la \u00a0nueva residencia y, \u00a0tras un largo a\u00f1o de duro trabajo de planificaci\u00f3n, construcci\u00f3n y equipamiento, en enero de 2019 se inaugur\u00f3. La residencia se encuentra ubicada en la calle Mar n\u00ba 89, cuenta con una superficie de 4850 m2 divididos en 5 plantas y 67 habitaciones para un total de 109 residentes.[\/vc_column_text][\/vc_column][\/vc_row][vc_row][vc_column width=\u00bb1\/3&#8243;][vc_single_image image=\u00bb2118&#8243; img_size=\u00bb380&#215;272&#8243; alignment=\u00bbcenter\u00bb style=\u00bbvc_box_rounded\u00bb onclick=\u00bblink_image\u00bb][vc_column_text css=\u00bb.vc_custom_1564739950142{margin-top: -30px !important;}\u00bb]<\/p>\n<p style=\"text-align: center;\">Entrada de la nueva residencia. 2019<\/p>\n<p>[\/vc_column_text][\/vc_column][vc_column width=\u00bb1\/3&#8243;][vc_single_image image=\u00bb2120&#8243; img_size=\u00bb380&#215;272&#8243; alignment=\u00bbcenter\u00bb style=\u00bbvc_box_rounded\u00bb onclick=\u00bblink_image\u00bb][vc_column_text css=\u00bb.vc_custom_1564739956901{margin-top: -30px !important;}\u00bb]<\/p>\n<p style=\"text-align: center;\">Recepci\u00f3n de la nueva residencia. 2019<\/p>\n<p>[\/vc_column_text][\/vc_column][vc_column width=\u00bb1\/3&#8243;][vc_single_image image=\u00bb2122&#8243; img_size=\u00bb380&#215;272&#8243; alignment=\u00bbcenter\u00bb style=\u00bbvc_box_rounded\u00bb onclick=\u00bblink_image\u00bb][vc_column_text css=\u00bb.vc_custom_1564739963909{margin-top: -30px !important;}\u00bb]<\/p>\n<p style=\"text-align: center;\">Terraza exterior de la residencia. 2019<\/p>\n<p>[\/vc_column_text][\/vc_column][\/vc_row][vc_row full_width=\u00bbstretch_row\u00bb equal_height=\u00bbyes\u00bb content_placement=\u00bbmiddle\u00bb type=\u00bbvc_default\u00bb css=\u00bb.vc_custom_1474222892753{margin-bottom: -80px !important;padding-top: 40px !important;padding-bottom: 40px !important;background-color: #34a6f7 !important;}\u00bb][vc_column offset=\u00bbvc_col-lg-8 vc_col-md-8 vc_col-xs-12&#8243;][vc_row_inner][vc_column_inner offset=\u00bbvc_hidden-sm vc_hidden-xs\u00bb]<div id=\"ultimate-heading-665369f6475b633d9\" class=\"uvc-heading ult-adjust-bottom-margin ultimate-heading-665369f6475b633d9 uvc-8233 \" data-hspacer=\"no_spacer\"  data-halign=\"left\" style=\"text-align:left\"><div class=\"uvc-heading-spacer no_spacer\" style=\"top\"><\/div><div class=\"uvc-main-heading ult-responsive\"  data-ultimate-target='.uvc-heading.ultimate-heading-665369f6475b633d9 h2'  data-responsive-json-new='{\"font-size\":\"desktop:30px;\",\"line-height\":\"desktop:40px;\"}' ><h2 style=\"--font-weight:theme;color:#ffffff;margin-bottom:10px;\">Contacta con nosotros<\/h2><\/div><div class=\"uvc-sub-heading ult-responsive\"  data-ultimate-target='.uvc-heading.ultimate-heading-665369f6475b633d9 .uvc-sub-heading '  data-responsive-json-new='{\"font-size\":\"desktop:17px;\",\"line-height\":\"desktop:27px;\"}'  style=\"font-weight:normal;color:#ffffff;\">Si tienes alguna consulta contacta con nosotros<\/div><\/div>[\/vc_column_inner][\/vc_row_inner][vc_row_inner][vc_column_inner offset=\u00bbvc_hidden-lg vc_hidden-md\u00bb]<div id=\"ultimate-heading-791569f6475b63432\" class=\"uvc-heading ult-adjust-bottom-margin ultimate-heading-791569f6475b63432 uvc-8163 \" data-hspacer=\"no_spacer\"  data-halign=\"center\" style=\"text-align:center\"><div class=\"uvc-heading-spacer no_spacer\" style=\"top\"><\/div><div class=\"uvc-main-heading ult-responsive\"  data-ultimate-target='.uvc-heading.ultimate-heading-791569f6475b63432 h2'  data-responsive-json-new='{\"font-size\":\"desktop:30px;\",\"line-height\":\"desktop:40px;\"}' ><h2 style=\"--font-weight:theme;color:#ffffff;margin-bottom:10px;\">Contacta con nosotros<\/h2><\/div><div class=\"uvc-sub-heading ult-responsive\"  data-ultimate-target='.uvc-heading.ultimate-heading-791569f6475b63432 .uvc-sub-heading '  data-responsive-json-new='{\"font-size\":\"desktop:17px;\",\"line-height\":\"desktop:27px;\"}'  style=\"font-weight:normal;color:#ffffff;\">Si tienes alguna consulta contacta con nosotros<\/div><\/div><div class=\" vc_custom_1548062205620 ubtn-ctn-center \"><a class=\"ubtn-link ult-adjust-bottom-margin ubtn-center ubtn-custom \" href=\"http:\/\/www.kranzstudio.com\/residenciamalgrat\/contacto\/\" ><button type=\"button\" id=\"ubtn-8378\"  class=\"ubtn ult-adjust-bottom-margin ult-responsive ubtn-custom ubtn-fade-bg  none  ubtn-center   tooltip-69f6475b6346a\"  data-hover=\"#28a7fb\" data-border-color=\"rgba(255,255,255,0.4)\" data-bg=\"rgba(255,255,255,0.01)\" data-hover-bg=\"#ffffff\" data-border-hover=\"#ffffff\" data-shadow-hover=\"\" data-shadow-click=\"none\" data-shadow=\"\" data-shd-shadow=\"\"  data-ultimate-target='#ubtn-8378'  data-responsive-json-new='{\"font-size\":\"desktop:18px;\",\"line-height\":\"desktop:18px;\"}'  style=\"font-family:&#039;Montserrat&#039;;font-weight:700;width:px;min-height:38px;padding:15px 25px;border-radius:0px;border-width:4px;border-color:rgba(255,255,255,0.4);border-style:solid;background: rgba(255,255,255,0.01);color: #ffffff;\"><span class=\"ubtn-hover\" style=\"background-color:#ffffff\"><\/span><span class=\"ubtn-data ubtn-text \" >Contacta<\/span><\/button><\/a><\/div>[\/vc_column_inner][\/vc_row_inner][\/vc_column][vc_column offset=\u00bbvc_col-lg-4 vc_col-md-4 vc_hidden-sm vc_col-xs-12 vc_hidden-xs\u00bb]<div class=\" vc_custom_1564740350783 ubtn-ctn-right \"><a class=\"ubtn-link ult-adjust-bottom-margin ubtn-right ubtn-custom \" href=\"http:\/\/www.centresgeriatricsmalgrat.com\/centrodedia\/contacto\/\" title=\"Contacto\" ><button type=\"button\" id=\"ubtn-5328\"  class=\"ubtn ult-adjust-bottom-margin ult-responsive ubtn-custom ubtn-fade-bg  none  ubtn-right   tooltip-69f6475b634c5\"  data-hover=\"#28a7fb\" data-border-color=\"rgba(255,255,255,0.4)\" data-bg=\"rgba(255,255,255,0.01)\" data-hover-bg=\"#ffffff\" data-border-hover=\"#ffffff\" data-shadow-hover=\"\" data-shadow-click=\"none\" data-shadow=\"\" data-shd-shadow=\"\"  data-ultimate-target='#ubtn-5328'  data-responsive-json-new='{\"font-size\":\"desktop:20px;\",\"line-height\":\"desktop:20px;\"}'  style=\"font-family:&#039;Montserrat&#039;;font-weight:700;width:px;min-height:36px;padding:15px 25px;border-radius:0px;border-width:4px;border-color:rgba(255,255,255,0.4);border-style:solid;background: rgba(255,255,255,0.01);color: #ffffff;\"><span class=\"ubtn-hover\" style=\"background-color:#ffffff\"><\/span><span class=\"ubtn-data ubtn-text \" >Contacta<\/span><\/button><\/a><\/div>[\/vc_column][\/vc_row]<\/p>\n<\/div>","protected":false},"excerpt":{"rendered":"<p>[vc_row][vc_column][vc_custom_heading text=\u00bbCentro de d\u00eda Malgrat\u00bb google_fonts=\u00bbfont_family:Roboto%3A100%2C100italic%2C300%2C300italic%2Cregular%2Citalic%2C500%2C500italic%2C700%2C700italic%2C900%2C900italic|font_style:400%20regular%3A400%3Anormal\u00bb][vc_column_text]1993 Ubicada en la calle Sant Pere n\u00ba42, nuestra primera residencia fue un peque\u00f1o y antiguo hostal de 4 plantas y 27 habitaciones para 43 residentes. En septiembre de 1993, el Sr. Enrique Fern\u00e1ndez S\u00e1nchez\u00a0 y la Sra. Antonia Perpi\u00f1\u00e1n Del Molino decidieron empezar a reformarlo, acondicionarlo y equiparlo adapt\u00e1ndolo&hellip;<\/p>\n","protected":false},"author":3,"featured_media":0,"parent":0,"menu_order":1,"comment_status":"closed","ping_status":"closed","template":"template-microsite.php","meta":{"_acf_changed":false,"footnotes":""},"class_list":["post-105","page","type-page","status-publish","hentry","description-off"],"acf":[],"_links":{"self":[{"href":"https:\/\/www.centresgeriatricsmalgrat.com\/centrodedia\/wp-json\/wp\/v2\/pages\/105","targetHints":{"allow":["GET"]}}],"collection":[{"href":"https:\/\/www.centresgeriatricsmalgrat.com\/centrodedia\/wp-json\/wp\/v2\/pages"}],"about":[{"href":"https:\/\/www.centresgeriatricsmalgrat.com\/centrodedia\/wp-json\/wp\/v2\/types\/page"}],"author":[{"embeddable":true,"href":"https:\/\/www.centresgeriatricsmalgrat.com\/centrodedia\/wp-json\/wp\/v2\/users\/3"}],"replies":[{"embeddable":true,"href":"https:\/\/www.centresgeriatricsmalgrat.com\/centrodedia\/wp-json\/wp\/v2\/comments?post=105"}],"version-history":[{"count":16,"href":"https:\/\/www.centresgeriatricsmalgrat.com\/centrodedia\/wp-json\/wp\/v2\/pages\/105\/revisions"}],"predecessor-version":[{"id":2204,"href":"https:\/\/www.centresgeriatricsmalgrat.com\/centrodedia\/wp-json\/wp\/v2\/pages\/105\/revisions\/2204"}],"wp:attachment":[{"href":"https:\/\/www.centresgeriatricsmalgrat.com\/centrodedia\/wp-json\/wp\/v2\/media?parent=105"}],"curies":[{"name":"wp","href":"https:\/\/api.w.org\/{rel}","templated":true}]}}