{"id":1797,"date":"2019-06-15T08:12:17","date_gmt":"2019-06-15T08:12:17","guid":{"rendered":"http:\/\/www.centresgeriatricsmalgrat.com\/?page_id=1797"},"modified":"2019-08-21T14:22:56","modified_gmt":"2019-08-21T14:22:56","slug":"sala-de-estar-centro-de-dia","status":"publish","type":"page","link":"https:\/\/www.centresgeriatricsmalgrat.com\/centrodedia\/sala-de-estar-centro-de-dia\/","title":{"rendered":"Sala de Estar &#8211; Centro de d\u00eda"},"content":{"rendered":"<div class=\"wpb-content-wrapper\"><p>[vc_row type=\u00bbvc_default\u00bb css=\u00bb.vc_custom_1474221376872{margin-bottom: -80px !important;}\u00bb][vc_column offset=\u00bbvc_col-lg-8 vc_col-md-8 vc_col-xs-12&#8243; css=\u00bb.vc_custom_1463573458077{margin-bottom: 80px !important;}\u00bb]<style type=\"text\/css\" data-type=\"the7_shortcodes-inline-css\">.gallery-carousel-shortcode.gallery-carousel-shortcode-id-248b4ef07e77108235b998d1c597ca40.owl-carousel .owl-nav div {\n  width: 36px;\n  height: 36px;\n  border-radius: 500px;\n}\n.dt-arrow-border-on.gallery-carousel-shortcode.gallery-carousel-shortcode-id-248b4ef07e77108235b998d1c597ca40.owl-carousel .owl-nav div:not(:hover):before {\n  border-width: 0px;\n}\n.dt-arrow-hover-border-on.gallery-carousel-shortcode.gallery-carousel-shortcode-id-248b4ef07e77108235b998d1c597ca40.owl-carousel .owl-nav div:hover:after {\n  border-width: 0px;\n}\n.gallery-carousel-shortcode.gallery-carousel-shortcode-id-248b4ef07e77108235b998d1c597ca40.owl-carousel .owl-nav div.owl-prev {\n  top: 50%;\n  transform: translateY(calc(-50% + 0px));\n  left: -43px;\n}\n@media all and (-ms-high-contrast: none) {\n  .gallery-carousel-shortcode.gallery-carousel-shortcode-id-248b4ef07e77108235b998d1c597ca40.owl-carousel .owl-nav div.owl-prev {\n    transform: translateY(-50%);\n    margin-top: 0px;\n  }\n}\n.gallery-carousel-shortcode.gallery-carousel-shortcode-id-248b4ef07e77108235b998d1c597ca40.owl-carousel .owl-nav div.owl-prev i {\n  padding: 0px 0px 0px 0px;\n}\n.gallery-carousel-shortcode.gallery-carousel-shortcode-id-248b4ef07e77108235b998d1c597ca40.owl-carousel .owl-nav div.owl-next {\n  top: 50%;\n  transform: translateY(calc(-50% + 0px));\n  right: -43px;\n}\n@media all and (-ms-high-contrast: none) {\n  .gallery-carousel-shortcode.gallery-carousel-shortcode-id-248b4ef07e77108235b998d1c597ca40.owl-carousel .owl-nav div.owl-next {\n    transform: translateY(-50%);\n    margin-top: 0px;\n  }\n}\n.gallery-carousel-shortcode.gallery-carousel-shortcode-id-248b4ef07e77108235b998d1c597ca40.owl-carousel .owl-nav div.owl-next i {\n  padding: 0px 0px 0px 0px;\n}\n.gallery-carousel-shortcode.gallery-carousel-shortcode-id-248b4ef07e77108235b998d1c597ca40.owl-carousel .owl-nav i {\n  font-size: 18px;\n}\n.gallery-carousel-shortcode.gallery-carousel-shortcode-id-248b4ef07e77108235b998d1c597ca40.owl-carousel .owl-nav div:not(:hover) i,\n.gallery-carousel-shortcode.gallery-carousel-shortcode-id-248b4ef07e77108235b998d1c597ca40.owl-carousel .owl-nav div:not(:hover) i:before {\n  color: #ffffff;\n  background: none;\n}\n.gallery-carousel-shortcode.gallery-carousel-shortcode-id-248b4ef07e77108235b998d1c597ca40.owl-carousel .owl-nav div:hover i,\n.gallery-carousel-shortcode.gallery-carousel-shortcode-id-248b4ef07e77108235b998d1c597ca40.owl-carousel .owl-nav div:hover i:before {\n  color: rgba(255,255,255,0.75);\n  background: none;\n}\n.gallery-carousel-shortcode.gallery-carousel-shortcode-id-248b4ef07e77108235b998d1c597ca40 .owl-dots {\n  top: calc(100% + 20px);\n  left: 50%;\n  transform: translateX(calc(-50% + 0px));\n}\n@media all and (-ms-high-contrast: none) {\n  .gallery-carousel-shortcode.gallery-carousel-shortcode-id-248b4ef07e77108235b998d1c597ca40 .owl-dots {\n    transform: translateX(-50%);\n    margin-left: 0px;\n  }\n}\n.gallery-carousel-shortcode.gallery-carousel-shortcode-id-248b4ef07e77108235b998d1c597ca40 .owl-dot {\n  width: 10px;\n  height: 10px;\n  margin: 0 8px;\n}\n@media screen and (max-width: 778px) {\n  .gallery-carousel-shortcode.gallery-carousel-shortcode-id-248b4ef07e77108235b998d1c597ca40.hide-arrows .owl-nav a {\n    display: none;\n  }\n}\n@media screen and (max-width: 778px) {\n  .gallery-carousel-shortcode.gallery-carousel-shortcode-id-248b4ef07e77108235b998d1c597ca40.reposition-arrows .owl-nav .owl-prev {\n    top: 50%;\n    transform: translateY(calc(-50% + 0px));\n    left: 10px;\n  }\n  .gallery-carousel-shortcode.gallery-carousel-shortcode-id-248b4ef07e77108235b998d1c597ca40.reposition-arrows .owl-nav .owl-next {\n    top: 50%;\n    transform: translateY(calc(-50% + 0px));\n    right: 10px;\n  }\n}\n@media screen and (max-width: 778px) and all and (-ms-high-contrast: none) {\n  .gallery-carousel-shortcode.gallery-carousel-shortcode-id-248b4ef07e77108235b998d1c597ca40.reposition-arrows .owl-nav .owl-prev {\n    transform: translateY(-50%);\n    margin-top: 0px;\n  }\n}\n@media screen and (max-width: 778px) and all and (-ms-high-contrast: none) {\n  .gallery-carousel-shortcode.gallery-carousel-shortcode-id-248b4ef07e77108235b998d1c597ca40.reposition-arrows .owl-nav .owl-next {\n    transform: translateY(-50%);\n    margin-top: 0px;\n  }\n}\n.gallery-carousel-shortcode.gallery-carousel-shortcode-id-248b4ef07e77108235b998d1c597ca40 figure,\n.gallery-carousel-shortcode.gallery-carousel-shortcode-id-248b4ef07e77108235b998d1c597ca40 .rollover,\n.gallery-carousel-shortcode.gallery-carousel-shortcode-id-248b4ef07e77108235b998d1c597ca40 img,\n.gallery-carousel-shortcode.gallery-carousel-shortcode-id-248b4ef07e77108235b998d1c597ca40 .gallery-rollover {\n  border-radius: 6px;\n}\n.gallery-carousel-shortcode.gallery-carousel-shortcode-id-248b4ef07e77108235b998d1c597ca40.enable-bg-rollover .gallery-rollover {\n  background: -webkit-linear-gradient();\n  background: linear-gradient();\n}\n.gallery-carousel-shortcode.gallery-carousel-shortcode-id-248b4ef07e77108235b998d1c597ca40.enable-img-shadow .owl-stage-outer {\n  padding: 24px 0;\n}\n.gallery-carousel-shortcode.gallery-carousel-shortcode-id-248b4ef07e77108235b998d1c597ca40.enable-bg-rollover.hover-scale figure .rollover:after {\n  background: -webkit-linear-gradient();\n  background: linear-gradient();\n}\n.gallery-carousel-shortcode.gallery-carousel-shortcode-id-248b4ef07e77108235b998d1c597ca40.gallery-shortcode .gallery-zoom-ico {\n  width: 44px;\n  height: 44px;\n  line-height: 44px;\n  border-radius: 100px;\n  margin: -22px 0 0 -22px;\n  border-width: 0px;\n}\n.dt-icon-bg-on.gallery-carousel-shortcode.gallery-carousel-shortcode-id-248b4ef07e77108235b998d1c597ca40.gallery-shortcode .gallery-zoom-ico {\n  background: rgba(255,255,255,0.3);\n  box-shadow: none;\n}\n.gallery-carousel-shortcode.gallery-carousel-shortcode-id-248b4ef07e77108235b998d1c597ca40.gallery-shortcode .gallery-zoom-ico:before,\n.gallery-carousel-shortcode.gallery-carousel-shortcode-id-248b4ef07e77108235b998d1c597ca40.gallery-shortcode .gallery-zoom-ico span {\n  font-size: 32px;\n  line-height: 44px;\n  color: #ffffff;\n  background: none;\n}<\/style><div class=\"owl-carousel gallery-carousel-shortcode gallery-shortcode  dt-gallery-container dt-owl-carousel-call gallery-carousel-shortcode-id-248b4ef07e77108235b998d1c597ca40 quick-scale-img enable-bg-rollover meta-info-off dt-arrow-border-on dt-arrow-hover-border-on bullets-small-dot-stroke reposition-arrows dt-icon-bg-off arrows-bg-on disable-arrows-hover-bg arrows-hover-bg-on  hover-fade \" data-scroll-mode=\"1\" data-col-num=\"1\" data-wide-col-num=\"1\" data-laptop-col=\"1\" data-h-tablet-columns-num=\"1\" data-v-tablet-columns-num=\"1\" data-phone-columns-num=\"1\" data-col-gap=\"20\" data-stage-padding=\"0\" data-speed=\"600\" data-autoplay=\"true\" data-autoplay_speed=\"3000\" data-arrows=\"true\" data-bullet=\"false\" data-next-icon=\"icon-ar-017-r\" data-prev-icon=\"icon-ar-017-l\" data-img-shadow-size=\"12px\" data-img-shadow-spread=\"3px\"><div data-post-id=\"1906\" data-date=\"2019-06-20T08:34:58+02:00\" data-name=\"\"><figure class=\"post\"><a href=\"https:\/\/www.centresgeriatricsmalgrat.com\/centrodedia\/wp-content\/uploads\/sites\/3\/2019\/06\/centro-de-dia-sala-de-estar-01.jpg\" class=\"rollover dt-pswp-item layzr-bg\" data-large_image_width=\"1200\" data-large_image_height=\"900\" data-dt-img-description=\"\" ><img fetchpriority=\"high\" decoding=\"async\" class=\"preload-me owl-lazy-load aspect\" src=\"data:image\/svg+xml,%3Csvg%20xmlns%3D&#39;http%3A%2F%2Fwww.w3.org%2F2000%2Fsvg&#39;%20viewBox%3D&#39;0%200%201200%20900&#39;%2F%3E\" data-src=\"https:\/\/www.centresgeriatricsmalgrat.com\/centrodedia\/wp-content\/uploads\/sites\/3\/2019\/06\/centro-de-dia-sala-de-estar-01.jpg\" data-srcset=\"https:\/\/www.centresgeriatricsmalgrat.com\/centrodedia\/wp-content\/uploads\/sites\/3\/2019\/06\/centro-de-dia-sala-de-estar-01.jpg 1200w\" loading=\"eager\" style=\"--ratio: 1200 \/ 900\" sizes=\"(max-width: 1200px) 100vw, 1200px\" alt=\"\" width=\"1200\" height=\"900\"  \/><span class=\"gallery-rollover\"><span class=\"gallery-zoom-ico icomoon-the7-font-the7-zoom-06\"><span><\/span><\/span><\/span><\/a><\/figure><\/div><div data-post-id=\"1908\" data-date=\"2019-06-20T08:35:00+02:00\" data-name=\"\"><figure class=\"post\"><a href=\"https:\/\/www.centresgeriatricsmalgrat.com\/centrodedia\/wp-content\/uploads\/sites\/3\/2019\/06\/centro-de-dia-sala-de-estar-02.jpg\" class=\"rollover dt-pswp-item layzr-bg\" data-large_image_width=\"1200\" data-large_image_height=\"900\" data-dt-img-description=\"\" ><img decoding=\"async\" class=\"preload-me owl-lazy-load aspect\" src=\"data:image\/svg+xml,%3Csvg%20xmlns%3D&#39;http%3A%2F%2Fwww.w3.org%2F2000%2Fsvg&#39;%20viewBox%3D&#39;0%200%201200%20900&#39;%2F%3E\" data-src=\"https:\/\/www.centresgeriatricsmalgrat.com\/centrodedia\/wp-content\/uploads\/sites\/3\/2019\/06\/centro-de-dia-sala-de-estar-02.jpg\" data-srcset=\"https:\/\/www.centresgeriatricsmalgrat.com\/centrodedia\/wp-content\/uploads\/sites\/3\/2019\/06\/centro-de-dia-sala-de-estar-02.jpg 1200w\" loading=\"eager\" style=\"--ratio: 1200 \/ 900\" sizes=\"(max-width: 1200px) 100vw, 1200px\" alt=\"\" width=\"1200\" height=\"900\"  \/><span class=\"gallery-rollover\"><span class=\"gallery-zoom-ico icomoon-the7-font-the7-zoom-06\"><span><\/span><\/span><\/span><\/a><\/figure><\/div><\/div><div id=\"ultimate-heading-466669f648dab7c47\" class=\"uvc-heading ult-adjust-bottom-margin ultimate-heading-466669f648dab7c47 uvc-4116 \" data-hspacer=\"no_spacer\"  data-halign=\"left\" style=\"text-align:left\"><div class=\"uvc-heading-spacer no_spacer\" style=\"top\"><\/div><div class=\"uvc-main-heading ult-responsive\"  data-ultimate-target='.uvc-heading.ultimate-heading-466669f648dab7c47 h2'  data-responsive-json-new='{\"font-size\":\"desktop:24px;\",\"line-height\":\"desktop:30px;\"}' ><h2 style=\"font-weight:bold;margin-top:30px;margin-bottom:22px;\">Nuestra Sala de estar<\/h2><\/div><\/div>[vc_column_text]Nuestro centro de d\u00eda cuenta con una amplia y luminosa sala de estar. La sala esta equipada con sistema de climatizaci\u00f3n y calefacci\u00f3n, conexi\u00f3n wifi gratuita, sof\u00e1s y butacas reclinables, televisi\u00f3n de pantalla plana, mesa de ajedrez y zona de refrigerio con maquinas expendedoras donde nuestros residentes pueden relajarse c\u00f3modamente, hacer manualidades y jugar a juegos de mesa.<\/p>\n<p>Su decoraci\u00f3n es moderna y alegre, y su dise\u00f1o con grandes ventanales nos da una gran sensaci\u00f3n de luminosidad. La sala esta ubicada en la parte central del centro, lo que nos da un f\u00e1cil acceso al resto de salas.<\/p>\n<h3 class=\"LC20lb\"><\/h3>\n<p>&nbsp;<\/p>\n<p>[\/vc_column_text][\/vc_column][vc_column offset=\u00bbvc_col-lg-4 vc_col-md-4 vc_col-xs-12&#8243; el_class=\u00bbcustom_sidebar\u00bb css=\u00bb.vc_custom_1474221370251{padding-bottom: 80px !important;}\u00bb][vc_row_inner css=\u00bb.vc_custom_1462516802446{padding-right: 25px !important;padding-left: 25px !important;}\u00bb][vc_column_inner css=\u00bb.vc_custom_1471295267122{padding-top: 30px !important;padding-right: 30px !important;padding-bottom: 20px !important;padding-left: 30px !important;background-color: #f4f4f4 !important;}\u00bb]<div id=\"ultimate-heading-869869f648dab7c93\" class=\"uvc-heading ult-adjust-bottom-margin ultimate-heading-869869f648dab7c93 uvc-389  uvc-heading-default-font-sizes\" data-hspacer=\"no_spacer\"  data-halign=\"left\" style=\"text-align:left\"><div class=\"uvc-heading-spacer no_spacer\" style=\"top\"><\/div><div class=\"uvc-main-heading ult-responsive\"  data-ultimate-target='.uvc-heading.ultimate-heading-869869f648dab7c93 h3'  data-responsive-json-new='{\"font-size\":\"\",\"line-height\":\"\"}' ><h3 style=\"font-weight:bold;margin-bottom:20px;\">Solicita informaci\u00f3n<\/h3><\/div><\/div>[vc_column_text]Si deseas m\u00e1s informaci\u00f3n sobre nuestros servicios del centro de d\u00eda, por favor, rellena tus datos y env\u00edanos un mensaje, te responderemos a la mayor brevedad.[\/vc_column_text][vc_empty_space height=\u00bb30px\u00bb]<form class=\"dt-contact-form dt-form\" method=\"post\"><input type=\"hidden\" name=\"widget_id\" value=\"presscore-contact-form-widget--1\" \/><input type=\"hidden\" name=\"send_message\" value=\"\" \/><input type=\"hidden\" name=\"security_token\" value=\"10f8ac4c75752dd74db1\"\/><div class=\"form-fields\"><span class=\"form-name\"><label class=\"assistive-text\">Nombre *<\/label><input type=\"text\" class=\"validate[required]\" placeholder=\"Nombre *\" name=\"name\" value=\"\" aria-required=\"true\">\n<\/span><span class=\"form-mail\"><label class=\"assistive-text\">E-mail *<\/label><input type=\"text\" class=\"validate[required,custom[email]]\" placeholder=\"E-mail *\" name=\"email\" value=\"\" aria-required=\"true\">\n<\/span><span class=\"form-telephone\"><label class=\"assistive-text\">Tel\u00e9fono<\/label><input type=\"text\" placeholder=\"Tel\u00e9fono\" name=\"telephone\" value=\"\" aria-required=\"false\">\n<\/span><\/div><span class=\"form-message\"><label class=\"assistive-text\">Mensaje<\/label><textarea placeholder=\"Mensaje\" name=\"message\" rows=\"2\" aria-required=\"false\"><\/textarea>\n<\/span><div class=\"the7-g-captcha\"><\/div><p><a href=\"#\" class=\"dt-btn dt-btn-m dt-btn-submit\" rel=\"nofollow\"><span>Enviar<\/span><\/a><input class=\"assistive-text\" type=\"submit\" value=\"enviar\"><\/p><\/form>\n[\/vc_column_inner][\/vc_row_inner][\/vc_column][\/vc_row]<\/p>\n<\/div>","protected":false},"excerpt":{"rendered":"<p>[vc_row type=\u00bbvc_default\u00bb css=\u00bb.vc_custom_1474221376872{margin-bottom: -80px !important;}\u00bb][vc_column offset=\u00bbvc_col-lg-8 vc_col-md-8 vc_col-xs-12&#8243; css=\u00bb.vc_custom_1463573458077{margin-bottom: 80px !important;}\u00bb][vc_column_text]Nuestro centro de d\u00eda cuenta con una amplia y luminosa sala de estar. La sala esta equipada con sistema de climatizaci\u00f3n y calefacci\u00f3n, conexi\u00f3n wifi gratuita, sof\u00e1s y butacas reclinables, televisi\u00f3n de pantalla plana, mesa de ajedrez y zona de refrigerio con maquinas expendedoras donde&hellip;<\/p>\n","protected":false},"author":3,"featured_media":0,"parent":0,"menu_order":20,"comment_status":"closed","ping_status":"closed","template":"template-microsite.php","meta":{"_acf_changed":false,"footnotes":""},"class_list":["post-1797","page","type-page","status-publish","hentry","description-off"],"acf":[],"_links":{"self":[{"href":"https:\/\/www.centresgeriatricsmalgrat.com\/centrodedia\/wp-json\/wp\/v2\/pages\/1797","targetHints":{"allow":["GET"]}}],"collection":[{"href":"https:\/\/www.centresgeriatricsmalgrat.com\/centrodedia\/wp-json\/wp\/v2\/pages"}],"about":[{"href":"https:\/\/www.centresgeriatricsmalgrat.com\/centrodedia\/wp-json\/wp\/v2\/types\/page"}],"author":[{"embeddable":true,"href":"https:\/\/www.centresgeriatricsmalgrat.com\/centrodedia\/wp-json\/wp\/v2\/users\/3"}],"replies":[{"embeddable":true,"href":"https:\/\/www.centresgeriatricsmalgrat.com\/centrodedia\/wp-json\/wp\/v2\/comments?post=1797"}],"version-history":[{"count":6,"href":"https:\/\/www.centresgeriatricsmalgrat.com\/centrodedia\/wp-json\/wp\/v2\/pages\/1797\/revisions"}],"predecessor-version":[{"id":2346,"href":"https:\/\/www.centresgeriatricsmalgrat.com\/centrodedia\/wp-json\/wp\/v2\/pages\/1797\/revisions\/2346"}],"wp:attachment":[{"href":"https:\/\/www.centresgeriatricsmalgrat.com\/centrodedia\/wp-json\/wp\/v2\/media?parent=1797"}],"curies":[{"name":"wp","href":"https:\/\/api.w.org\/{rel}","templated":true}]}}