{"id":2286,"date":"2019-08-02T14:16:06","date_gmt":"2019-08-02T13:16:06","guid":{"rendered":"http:\/\/www.centresgeriatricsmalgrat.com\/politica-de-privacitat\/"},"modified":"2019-08-02T14:58:15","modified_gmt":"2019-08-02T14:58:15","slug":"politica-de-privacidad","status":"publish","type":"page","link":"https:\/\/www.centresgeriatricsmalgrat.com\/centrodedia\/politica-de-privacidad\/","title":{"rendered":"POL\u00cdTICA DE PRIVACIDAD"},"content":{"rendered":"<div class=\"wpb-content-wrapper\"><p>[vc_row][vc_column][vc_column_text]A efecto del previsto en el Reglamento (UE) 2016\/679, del Parlamento Europeo y del Consejo, de 27 de abril del 2016, CENTRES GERIATRICS MALGRAT SL con CIF B60475696 informa al Usuario que sus datos de car\u00e1cter personal ser\u00e1n tratados con la finalidad de prestarle los servicios solicitados y enviarle la informaci\u00f3n sobre nuestra empresa que pueda ser de su inter\u00e9s.<\/p>\n<p><span style=\"text-decoration: underline;\">Env\u00edo y registro de datos de car\u00e1cter personal<\/span><\/p>\n<p>El env\u00edo de datos de car\u00e1cter personal es obligatorio para contactar y recibir informaci\u00f3n sobre los servicios prestados por CENTRES GERIATRICS MALGRAT SL. As\u00ed mismo,<br \/>\nel no facilitar los datos personales solicitados o el no aceptar la presente pol\u00edtica de protecci\u00f3n de datos supone la imposibilidad de subscribirse, registrarse o recibir informaci\u00f3n de estos servicios.<br \/>\nCuando los datos de car\u00e1cter personal sean obtenidos del afectado a trav\u00e9s de redes de comunicaciones electr\u00f3nicas o en el marco de la prestaci\u00f3n de un servicio de la sociedad de la informaci\u00f3n, as\u00ed como en aquellos otros supuestos expresamente establecidos por la ley o cuando as\u00ed lo autorice la Agencia Espa\u00f1ola de Protecci\u00f3n de Datos, el responsable del tratamiento podr\u00e1 dar cumplimiento al deber de informaci\u00f3n establecido en el art\u00edculo 13 del Reglamento (UE) 2016\/679 facilitando al afectado almenos la informaci\u00f3n b\u00e1sica siguiente:<\/p>\n<p>a) La identidad del responsable del tratamiento y de su representante, en su caso.<br \/>\nb) La finalidad del tratamiento.<br \/>\nc) La manera en que el afectado podr\u00e1 ejercitar los derechos establecidos en los<br \/>\nart\u00edculos 15 a 22 del Reglamento (UE) 2016\/679.<\/p>\n<p>Sin embargo, los responsables y encargados del tratamiento o, en su caso, sus representantes deber\u00e1n mantener el registro de actividades de tratamiento a que se refiere el art\u00edculo 30 del Reglamento (UE) 2016\/679, a menos que la empresa o organizaci\u00f3n ocupen menos de 250 personas, con la excepci\u00f3n de que el tratamiento que realice pueda suponer un riesgo para los derechos y libertades de los interesados, no sea ocasional, o incluya categor\u00edas especiales de datos personales indicados en el art\u00edculo 9, apartado 1, o datos personales relativos a condenas e infracciones penales a que se refiere el art\u00edculo 10 del Reglamento (UE) 2016\/679.<\/p>\n<p>Finalmente, el art\u00edculo 5.1.f) del Reglamento (UE) 2016\/679 determina la necesidad de establecer garant\u00edas de seguridad adecuadas contra el tratamiento no autorizado o il\u00edcito, contra la p\u00e9rdida de los datos personales, la destrucci\u00f3n o el da\u00f1o accidental. Esto implica el establecimiento de medidas t\u00e9cnicas y organizativas encaminadas a asegurar la integridad y confidencialidad de los datos personales y la posibilidad (art\u00edculo 5.2) de demostrar que estas medidas se han llevado a la pr\u00e1ctica (responsabilidad proactiva).<\/p>\n<p><span style=\"text-decoration: underline;\">Exactitud y veracidad de los datos facilitados.<\/span><\/p>\n<p>El Usuario que env\u00eda la informaci\u00f3n a CENTRES GERIATRICS MALGRAT SL es el \u00fanico responsable de la veracidad y correcci\u00f3n de los datos incluidos, exoner\u00e1ndose CENTRES GERIATRICS MALGRAT SL de cualquier responsabilidad sobre este tema. Los usuarios garantizan y responden, en cualquier caso, de la exactitud, vigencia y autenticidad de los datos personales facilitados, y se comprometen a mantenerlos debidamente actualizados. El Usuario acepta proporcionar informaci\u00f3n completa y correcta en el formulario de registro o suscripci\u00f3n.<\/p>\n<p>CENTRES GERIATRICS MALGRAT SL no responde de la veracidad de las informaciones que no sean de elaboraci\u00f3n propia y de las cuales se indique otra fuente, por lo cual tampoco asume responsabilidad alguna en cuanto a hipot\u00e9ticos perjuicios que pudieran originarse por el uso de esta informaci\u00f3n. Se exonera a CENTRES GERIATRICS MALGRAT SL de responsabilidad ante cualquier da\u00f1o o perjuicio que pudiera sufrir el Usuario como consecuencia de errores, defectos u omisiones, en la informaci\u00f3n facilitada por CENTRES GERIATRICS MALGRAT SL siempre que proceda de fuentes ajenas a CENTRES GERIATRICS MALGRAT SL.<\/p>\n<p><span style=\"text-decoration: underline;\">Cesi\u00f3n de datos a terceros<\/span><\/p>\n<p>CENTRES GERIATRICS MALGRAT SL no ceder\u00e1 los datos personales a terceros. Sin embargo, en el caso de ser cedidos a alg\u00fan tercero se producir\u00eda una informaci\u00f3n previa<br \/>\nsolicitante el consentimiento expreso del afectado en virtud del art\u00edculo 4.11 del Reglamento (UE) 2016\/679.<\/p>\n<p><span style=\"text-decoration: underline;\">Conservaci\u00f3n de los datos<\/span><\/p>\n<p>En cualquier caso, el tiempo de conservaci\u00f3n ser\u00e1 el indispensable, pudiendo mantenerse como m\u00ednimo:<\/p>\n<p>\u2022 4 a\u00f1os: Ley sobre Infracciones y Sanciones en el Orden Social (obligaciones en<br \/>\nmateria de afiliaci\u00f3n, altas, bajas, cotizaci\u00f3n, pago de salarios\u2026); Arts. 66 y<br \/>\nsig. Ley General Tributaria (libros de contabilidad\u2026)<br \/>\n\u2022 5 a\u00f1os: Art. 1964 C\u00f3digo Civil (acciones personales sin plazo especial)<br \/>\n\u2022 6 a\u00f1os: Art. 30 C\u00f3digo de Comercio (libros de contabilidad, facturas\u2026)<br \/>\n\u2022 10 a\u00f1os: Art. 25 Ley de Prevenci\u00f3n del Blanqueo de Capitales y Financiaci\u00f3n del Terrorismo.<\/p>\n<p><span style=\"text-decoration: underline;\">Ejercicio de derechos de acceso, rectificaci\u00f3n, supresi\u00f3n, limitaci\u00f3n, portabilidad y oposici\u00f3n<\/span><\/p>\n<p>Podr\u00e1 dirigir sus comunicaciones y ejercitar los derechos de acceso, rectificaci\u00f3n, supresi\u00f3n, limitaci\u00f3n, portabilidad y oposici\u00f3n a trav\u00e9s de correo postal en CENTRES GERIATRICS MALGRAT SL CALLE DEL MAR 89, 08380, MALGRAT DE MAR o al email: jm_lafuente@residenciamalgrat.com junto con prueba v\u00e1lida en derecho, como<br \/>\nfotocopia del D.N.I. e indicando en el asunto \u00abPROTECCI\u00d3N DE DATOS\u00bb.<\/p>\n<p><span style=\"text-decoration: underline;\">Aceptaci\u00f3n y consentimiento<\/span><\/p>\n<p>El Usuario declara haber sido informado de las condiciones sobre protecci\u00f3n de datos de car\u00e1cter personal, aceptando y consintiendo el tratamiento de las mismas por parte de CENTRES GERIATRICS MALGRAT SL, en la forma y para las finalidades indicadas en la presente Pol\u00edtica de Protecci\u00f3n de Datos Personales.<\/p>\n<p><span style=\"text-decoration: underline;\">Cambios en la presente pol\u00edtica de privacidad.<\/span><\/p>\n<p>CENTRES GERIATRICS MALGRAT SL se reserva el derecho a modificar la presente pol\u00edtica para adaptarla a novedades legislativas o jurisprudenciales, as\u00ed como a pr\u00e1cticas de la industria. En dichos supuestos, CENTRES GERIATRICS MALGRAT SL anunciar\u00e1 en esta p\u00e1gina los cambios introducidos con razonable antelaci\u00f3n a su puesta en pr\u00e1ctica.[\/vc_column_text][\/vc_column][\/vc_row]<\/p>\n<\/div>","protected":false},"excerpt":{"rendered":"<p>[vc_row][vc_column][vc_column_text]A efecto del previsto en el Reglamento (UE) 2016\/679, del Parlamento Europeo y del Consejo, de 27 de abril del 2016, CENTRES GERIATRICS MALGRAT SL con CIF B60475696 informa al Usuario que sus datos de car\u00e1cter personal ser\u00e1n tratados con la finalidad de prestarle los servicios solicitados y enviarle la informaci\u00f3n sobre nuestra empresa que&hellip;<\/p>\n","protected":false},"author":3,"featured_media":0,"parent":0,"menu_order":0,"comment_status":"closed","ping_status":"open","template":"","meta":{"_acf_changed":false,"footnotes":""},"class_list":["post-2286","page","type-page","status-publish","hentry","description-off"],"acf":[],"_links":{"self":[{"href":"https:\/\/www.centresgeriatricsmalgrat.com\/centrodedia\/wp-json\/wp\/v2\/pages\/2286","targetHints":{"allow":["GET"]}}],"collection":[{"href":"https:\/\/www.centresgeriatricsmalgrat.com\/centrodedia\/wp-json\/wp\/v2\/pages"}],"about":[{"href":"https:\/\/www.centresgeriatricsmalgrat.com\/centrodedia\/wp-json\/wp\/v2\/types\/page"}],"author":[{"embeddable":true,"href":"https:\/\/www.centresgeriatricsmalgrat.com\/centrodedia\/wp-json\/wp\/v2\/users\/3"}],"replies":[{"embeddable":true,"href":"https:\/\/www.centresgeriatricsmalgrat.com\/centrodedia\/wp-json\/wp\/v2\/comments?post=2286"}],"version-history":[{"count":1,"href":"https:\/\/www.centresgeriatricsmalgrat.com\/centrodedia\/wp-json\/wp\/v2\/pages\/2286\/revisions"}],"predecessor-version":[{"id":2330,"href":"https:\/\/www.centresgeriatricsmalgrat.com\/centrodedia\/wp-json\/wp\/v2\/pages\/2286\/revisions\/2330"}],"wp:attachment":[{"href":"https:\/\/www.centresgeriatricsmalgrat.com\/centrodedia\/wp-json\/wp\/v2\/media?parent=2286"}],"curies":[{"name":"wp","href":"https:\/\/api.w.org\/{rel}","templated":true}]}}