{"id":2316,"date":"2019-08-02T15:31:12","date_gmt":"2019-08-02T14:31:12","guid":{"rendered":"http:\/\/www.centresgeriatricsmalgrat.com\/politica-de-cookies\/"},"modified":"2020-12-21T15:55:19","modified_gmt":"2020-12-21T15:55:19","slug":"politica-de-cookies","status":"publish","type":"page","link":"https:\/\/www.centresgeriatricsmalgrat.com\/centrodedia\/politica-de-cookies\/","title":{"rendered":"Pol\u00edtica de cookies"},"content":{"rendered":"<div class=\"wpb-content-wrapper\"><p>[vc_row][vc_column][vc_column_text]CENTRES GERIATRICS MALGRAT SL, a trav\u00e9s del presente documento, recoge su Pol\u00edtica de recogida y tratamiento de cookies, en cumplimiento del que dispone el art\u00edculo 22.2 de la Ley 34\/2002, de 11 de julio, de Servicios de la sociedad de la Informaci\u00f3n y de Comercio Electr\u00f3nico (LSSI-CE).<\/p>\n<p>Las cookies se almacenan al equipo terminal del usuario (ordenador o dispositivo m\u00f3vil) y recopilan informaci\u00f3n al visitar la p\u00e1gina web www.centresgeriatricsmalgrat.com , con el fin de mejorar la usabilidad de la misma, conocer los h\u00e1bitos o necesidades de navegaci\u00f3n de los usuarios para poder adaptarse a los mismos, as\u00ed como obtener informaci\u00f3n con fines estad\u00edsticos. En el caso de aquellos usuarios que ya sean clientes de CENTRES GERIATRICS MALGRAT SL, la informaci\u00f3n recogida con las cookies servir\u00e1 tambi\u00e9n para su identificaci\u00f3n al acceder a las diferentes herramientas que CENTRES GERIATRICS MALGRAT SL pone a su disposici\u00f3n para la gesti\u00f3n de los servicios.<\/p>\n<p>La presente Pol\u00edtica de cookies ser\u00e1 de aplicaci\u00f3n a aquellos usuarios que voluntariamente visiten las p\u00e1ginas web de CENTRES GERIATRICS MALGRAT SL, rellenen formularios de recogida de datos, accedan a las herramientas que CENTRES GERIATRICS MALGRAT SL pone a disposici\u00f3n de sus clientes para gestionar sus servicios, o utilicen cualquiera otro servicio presente en el sitio web que implique la comunicaci\u00f3n de datos a CENTRES GERIATRICS MALGRAT SL, o el acceso a datos por CENTRES GERIATRICS MALGRAT SL para la prestaci\u00f3n de sus servicios.<\/p>\n<p>CENTRES GERIATRICS MALGRAT SL informa los usuarios de sus p\u00e1ginas web, de la existencia de cookies y pone a su disposici\u00f3n la presente Pol\u00edtica con el fin de informarlos sobre el uso y del objeto de las mismas. El hecho de continuar la navegaci\u00f3n a trav\u00e9s de sus p\u00e1ginas, supone el conocimiento y la aceptaci\u00f3n de la presente Pol\u00edtica por parte de estos usuarios.<\/p>\n<p>CENTRES GERIATRICS MALGRAT SL utiliza los siguientes tipos de cookies:<\/p>\n<p>Clasificadas seg\u00fan su titularidad:<br \/>\n*Cookies propias: enviadas y gestionadas directamente por CENTRES GERIATRICS MALGRAT SL.<br \/>\n*Cookies de terceros: enviadas y gestionadas por un tercero ajeno a CENTRES GERIATRICS MALGRAT SL, de forma an\u00f3nima, con el fin de realizar estudios estad\u00edsticos de navegaci\u00f3n por las p\u00e1ginas web de CENTRES GERIATRICS MALGRAT SL.<br \/>\nClasificadas seg\u00fan su finalidad:<br \/>\n*Cookies t\u00e9cnicas y\/o de personalizaci\u00f3n: facilitan la navegaci\u00f3n al identificar la sesi\u00f3n, permitir el acceso a herramientas de acceso restringido, adem\u00e1s de configurar a medida las opciones disponibles. Posibilitan la prestaci\u00f3n del servicio solicitado previamente por el usuario.<\/p>\n<p>*Cookies de an\u00e1lisis y\/o publicidad: permiten conocer el n\u00famero de visitas recibidas en las diferentes secciones de las p\u00e1ginas web, los h\u00e1bitos y tendencias de sus usuarios y en consecuencia, poder mejorar la navegaci\u00f3n y el servicio ofrecido por CENTRES GERIATRICS MALGRAT SL (fundamentalmente, Google Analytics*), as\u00ed como gestionar los espacios publicitarios incluidos en la p\u00e1gina web visitada por el usuario. Recoge datos de forma an\u00f3nima con el fin de obtener perfiles de navegaci\u00f3n de los usuarios.<br \/>\nClasificadas seg\u00fan su duraci\u00f3n:<br \/>\n*Cookies de sesi\u00f3n: recogen y almacenan los datos mientras el usuario accede en la p\u00e1gina web.<br \/>\n*Cookies persistentes: recaudan y almacenan los datos en el terminal del usuario durante un periodo de tiempo variable en funci\u00f3n de qu\u00e9 sea la finalidad para la cual han sido utilizadas.<\/p>\n        <div class=\"ct-ultimate-gdpr-container\">\n            <label for=\"ct-ultimate-gdpr-party-filter\"> First or Third Party Filter<\/label>\n            <select name=\"ct-ultimate-gdpr-party-filter\" id=\"ct-ultimate-gdpr-party-filter\">\n                <option value=\"\">Any<\/option>\n                <option value=\"Primera parte\">Primera parte<\/option>\n                <option value=\"Tercera parte\">Tercera parte<\/option>\n            <\/select>\n        <\/div>\n        <div id=\"ct-ultimate-gdpr-cookies-table\" class=\"ct-ultimate-gdpr-table-responsive table-responsive\">\n            <table>\n                <thead>\n                    <tr>\n                        <th>\n                            Nombre de la cookie                        <\/th>\n                        <th>\n                            Tipo de cookie                        <\/th>\n                        <th>\n                            Primera o Tercera parte                        <\/th>\n                        <th>\n                            Se puede bloquear                        <\/th>\n                        <th>\n                            Sesi\u00f3n o Persistente                        <\/th>\n                        <th>\n                            Tiempo de caducidad                        <\/th>\n                        <th>\n                            Prop\u00f3sito                        <\/th>\n                    <\/tr>\n                <\/thead>\n                <tbody><\/tbody>\n            <\/table>\n        <\/div>\n\t\t\n<p>&nbsp;<\/p>\n<p>El tiempo de conservaci\u00f3n de las cookies depender\u00e1 del tipo de que se trate y siempre ser\u00e1 el m\u00ednimo indispensable para cumplir su finalidad.<\/p>\n<p>En cualquier caso, los usuarios pueden configurar su navegador, de forma que se desactive o bloquee la recepci\u00f3n de todas o algunas de las cookies. El hecho de no desear recibir estas cookies, no constituye un impedimento para poder acceder a la informaci\u00f3n de los sitios web de CENTRES GERIATRICS MALGRAT SL aunque el uso de algunos servicios podr\u00e1 ser limitado. Si una vez otorgado el consentimiento para la recepci\u00f3n de cookies se deseara retirarlo, se habr\u00e1n eliminar aquellas cookies almacenadas al equipo del usuario, a trav\u00e9s de las opciones de los diferentes navegadores.<\/p>\n<p>La forma de configurar los diferentes navegadores para ejercitar las acciones se\u00f1aladas en los p\u00e1rrafos anteriores, se puede consultar a:<\/p>\n<p>Explorer: <a href=\"https:\/\/support.microsoft.com\/es-es\/help\/17479\/windows-internet-explorer-11-change-security-privacy-settings\" target=\"_blank\" rel=\"noopener noreferrer\">https:\/\/support.microsoft.com\/es-es\/help\/17479\/windows-internet-explorer-11-change-security-privacy-settings<\/a><br \/>\nChrome: <a href=\"https:\/\/support.google.com\/chrome\/answer\/95647?hl=es\" target=\"_blank\" rel=\"noopener noreferrer\">https:\/\/support.google.com\/chrome\/answer\/95647?hl=es<\/a><br \/>\nFirefox: <a href=\"http:\/\/support.mozilla.org\/es\/kb\/cookies-informacion-que-los-sitios-web-guardan-en-?redirectlocale=en-US&amp;redirectslug=Cookies\" target=\"_blank\" rel=\"noopener noreferrer\">http:\/\/support.mozilla.org\/es\/kb\/cookies-informacion-que-los-sitios-web-guardan-en-?redirectlocale=en-US&amp;redirectslug=Cookies<\/a><br \/>\nSafari: <a href=\"https:\/\/support.apple.com\/kb\/ph21411?locale=es_ES\" target=\"_blank\" rel=\"noopener noreferrer\">https:\/\/support.apple.com\/kb\/ph21411?locale=es_ES<\/a>[\/vc_column_text][\/vc_column][\/vc_row]<\/p>\n<\/div>","protected":false},"excerpt":{"rendered":"<p>[vc_row][vc_column][vc_column_text]CENTRES GERIATRICS MALGRAT SL, a trav\u00e9s del presente documento, recoge su Pol\u00edtica de recogida y tratamiento de cookies, en cumplimiento del que dispone el art\u00edculo 22.2 de la Ley 34\/2002, de 11 de julio, de Servicios de la sociedad de la Informaci\u00f3n y de Comercio Electr\u00f3nico (LSSI-CE). Las cookies se almacenan al equipo terminal del&hellip;<\/p>\n","protected":false},"author":3,"featured_media":0,"parent":0,"menu_order":0,"comment_status":"closed","ping_status":"closed","template":"template-microsite.php","meta":{"_acf_changed":false,"footnotes":""},"class_list":["post-2316","page","type-page","status-publish","hentry","description-off"],"acf":[],"_links":{"self":[{"href":"https:\/\/www.centresgeriatricsmalgrat.com\/centrodedia\/wp-json\/wp\/v2\/pages\/2316","targetHints":{"allow":["GET"]}}],"collection":[{"href":"https:\/\/www.centresgeriatricsmalgrat.com\/centrodedia\/wp-json\/wp\/v2\/pages"}],"about":[{"href":"https:\/\/www.centresgeriatricsmalgrat.com\/centrodedia\/wp-json\/wp\/v2\/types\/page"}],"author":[{"embeddable":true,"href":"https:\/\/www.centresgeriatricsmalgrat.com\/centrodedia\/wp-json\/wp\/v2\/users\/3"}],"replies":[{"embeddable":true,"href":"https:\/\/www.centresgeriatricsmalgrat.com\/centrodedia\/wp-json\/wp\/v2\/comments?post=2316"}],"version-history":[{"count":3,"href":"https:\/\/www.centresgeriatricsmalgrat.com\/centrodedia\/wp-json\/wp\/v2\/pages\/2316\/revisions"}],"predecessor-version":[{"id":2440,"href":"https:\/\/www.centresgeriatricsmalgrat.com\/centrodedia\/wp-json\/wp\/v2\/pages\/2316\/revisions\/2440"}],"wp:attachment":[{"href":"https:\/\/www.centresgeriatricsmalgrat.com\/centrodedia\/wp-json\/wp\/v2\/media?parent=2316"}],"curies":[{"name":"wp","href":"https:\/\/api.w.org\/{rel}","templated":true}]}}