{"id":2335,"date":"2019-08-03T11:55:38","date_gmt":"2019-08-03T11:55:38","guid":{"rendered":"http:\/\/www.centresgeriatricsmalgrat.com\/centrodedia\/?page_id=2335"},"modified":"2019-08-03T11:55:38","modified_gmt":"2019-08-03T11:55:38","slug":"contacto-proteccion-de-datos","status":"publish","type":"page","link":"https:\/\/www.centresgeriatricsmalgrat.com\/centrodedia\/contacto-proteccion-de-datos\/","title":{"rendered":"Contacto Protecci\u00f3n de Datos"},"content":{"rendered":"<div class=\"wpb-content-wrapper\"><p>[vc_row][vc_column][vc_column_text]Le informamos que los datos que nos remita a trav\u00e9s de este formulario electr\u00f3nico quedar\u00e1n incorporados en los sistemas de informaci\u00f3n de CENTRES GERIATRICS MALGRAT SL. Esta comunicaci\u00f3n se utilizar\u00e1 exclusivamente para atender su petici\u00f3n.<\/p>\n<p>Mediante la indicaci\u00f3n de sus datos, y en conformidad con el establecido en el art\u00edculo 4.11 del Reglamento (UE) 2016\/679, de 27 de abril del 2016, usted otorga su consentimiento inequ\u00edvoco a CENTRES GERIATRICS MALGRAT SL, porque proceda, en cumplimiento de las finalidades mencionadas en el apartado anterior, al tratamiento de los datos\u00a0 personales facilitados. Sin embargo, en cualquier momento usted podr\u00e1 ejercitar los derechos de acceso, rectificaci\u00f3n, supresi\u00f3n, limitaci\u00f3n, portabilidad y oposici\u00f3n, a trav\u00e9s de la direcci\u00f3n: CENTRES GERIATRICS MALGRAT SL CALLE DEL MAR 89, 08380, MALGRAT DE MAR o al email: jm_lafuente@residenciamalgrat.com[\/vc_column_text][\/vc_column][\/vc_row]<\/p>\n<\/div>","protected":false},"excerpt":{"rendered":"<p>[vc_row][vc_column][vc_column_text]Le informamos que los datos que nos remita a trav\u00e9s de este formulario electr\u00f3nico quedar\u00e1n incorporados en los sistemas de informaci\u00f3n de CENTRES GERIATRICS MALGRAT SL. Esta comunicaci\u00f3n se utilizar\u00e1 exclusivamente para atender su petici\u00f3n. Mediante la indicaci\u00f3n de sus datos, y en conformidad con el establecido en el art\u00edculo 4.11 del Reglamento (UE) 2016\/679,&hellip;<\/p>\n","protected":false},"author":3,"featured_media":0,"parent":0,"menu_order":0,"comment_status":"closed","ping_status":"closed","template":"","meta":{"_acf_changed":false,"footnotes":""},"class_list":["post-2335","page","type-page","status-publish","hentry","description-off"],"acf":[],"_links":{"self":[{"href":"https:\/\/www.centresgeriatricsmalgrat.com\/centrodedia\/wp-json\/wp\/v2\/pages\/2335","targetHints":{"allow":["GET"]}}],"collection":[{"href":"https:\/\/www.centresgeriatricsmalgrat.com\/centrodedia\/wp-json\/wp\/v2\/pages"}],"about":[{"href":"https:\/\/www.centresgeriatricsmalgrat.com\/centrodedia\/wp-json\/wp\/v2\/types\/page"}],"author":[{"embeddable":true,"href":"https:\/\/www.centresgeriatricsmalgrat.com\/centrodedia\/wp-json\/wp\/v2\/users\/3"}],"replies":[{"embeddable":true,"href":"https:\/\/www.centresgeriatricsmalgrat.com\/centrodedia\/wp-json\/wp\/v2\/comments?post=2335"}],"version-history":[{"count":1,"href":"https:\/\/www.centresgeriatricsmalgrat.com\/centrodedia\/wp-json\/wp\/v2\/pages\/2335\/revisions"}],"predecessor-version":[{"id":2336,"href":"https:\/\/www.centresgeriatricsmalgrat.com\/centrodedia\/wp-json\/wp\/v2\/pages\/2335\/revisions\/2336"}],"wp:attachment":[{"href":"https:\/\/www.centresgeriatricsmalgrat.com\/centrodedia\/wp-json\/wp\/v2\/media?parent=2335"}],"curies":[{"name":"wp","href":"https:\/\/api.w.org\/{rel}","templated":true}]}}