{"id":332,"date":"2016-05-03T18:45:13","date_gmt":"2016-05-03T17:45:13","guid":{"rendered":"https:\/\/the7.io\/medical\/?page_id=332"},"modified":"2019-09-16T07:19:39","modified_gmt":"2019-09-16T07:19:39","slug":"instalaciones","status":"publish","type":"page","link":"https:\/\/www.centresgeriatricsmalgrat.com\/centrodedia\/instalaciones\/","title":{"rendered":"Instalaciones"},"content":{"rendered":"<div class=\"wpb-content-wrapper\"><p>[vc_row][vc_column][vc_single_image image=\u00bb1609&#8243; img_size=\u00bb268&#215;75&#8243;][\/vc_column][\/vc_row][vc_row][vc_column][vc_column_text]<\/p>\n<h3>CENTRO DE D\u00cdA<\/h3>\n<p>Al igual que nuestra residencia, nuestro centro de d\u00eda se encuentra ubicado\u00a0 en la c\/Mar n:96, a apenas unos metros uno del otro.<\/p>\n<p>El centro cuenta con una gran luminosidad, y su decoraci\u00f3n es moderna, colorida, alegre y elegante para que todos nuestros residentes se sientan c\u00f3modos y disfruten de su estancia diaria.<\/p>\n<p>Nuestras instalaciones cuentan con 900 metros cuadrados en total para una capacidad de actualmente 60 plazas, y contamos con modernos equipamientos totalmente adaptados para sus necesidades diarias.[\/vc_column_text][\/vc_column][\/vc_row][vc_row gap=\u00bb30&#8243; equal_height=\u00bbyes\u00bb type=\u00bbvc_default\u00bb el_class=\u00bbcustom-columns-gap\u00bb css=\u00bb.vc_custom_1474222079273{margin-top: -15px !important;margin-bottom: -15px !important;padding-right: 25px !important;padding-left: 25px !important;}\u00bb][vc_column width=\u00bb1\/3&#8243; offset=\u00bbvc_col-xs-12&#8243; css=\u00bb.vc_custom_1548089816467{padding-top: 0px !important;padding-right: 0px !important;padding-bottom: 0px !important;padding-left: 0px !important;background-color: #f4f4f4 !important;}\u00bb][vc_single_image image=\u00bb1906&#8243; img_size=\u00bb1000&#215;550&#8243; alignment=\u00bbcenter\u00bb onclick=\u00bbcustom_link\u00bb lazy_loading=\u00bbtrue\u00bb link=\u00bbhttp:\/\/www.centresgeriatricsmalgrat.com\/centrodedia\/sala-de-estar-centro-de-dia\/\u00bb]<div class=\"ult-content-box-container \" >\t\t<div class=\"ult-content-box\" style=\"box-shadow: px px px px #f7f7f7 none;padding:30px;-webkit-transition: all 700ms ease;-moz-transition: all 700ms ease;-ms-transition: all 700ms ease;-o-transition: all 700ms ease;transition: all 700ms ease;\"  data-hover_box_shadow=\"none\"    ><div id=\"ultimate-heading-879469f637578889b\" class=\"uvc-heading ult-adjust-bottom-margin ultimate-heading-879469f637578889b uvc-2982 \" data-hspacer=\"no_spacer\"  data-halign=\"left\" style=\"text-align:left\"><div class=\"uvc-heading-spacer no_spacer\" style=\"top\"><\/div><div class=\"uvc-main-heading ult-responsive\"  data-ultimate-target='.uvc-heading.ultimate-heading-879469f637578889b h2'  data-responsive-json-new='{\"font-size\":\"desktop:20px;\",\"line-height\":\"desktop:26px;\"}' ><h2 style=\"font-weight:bold;margin-bottom:12px;\">Sala de estar<\/h2><\/div><\/div>[vc_column_text css=\u00bb.vc_custom_1548089003440{margin-bottom: 22px !important;}\u00bb]El centro cuenta con una c\u00f3moda y espaciosa sala de estar con televisi\u00f3n, y zona de refrigerio con maquinas expendedoras.[\/vc_column_text]<span id=\"creative-link-wrap-6338\" class=\"ult_main_cl ult-adjust-bottom-margin  \" >\n\t \t\t\t<span class=\"ult_cl_link_1  ult_crlink\" >\n\t\t\t\t\t<a  data-ultimate-target='#creative-link-wrap-6338 .ult_colorlink'  data-responsive-json-new='{\"font-size\":\"\",\"line-height\":\"\"}'  href=\"http:\/\/www.centresgeriatricsmalgrat.com\/centrodedia\/sala-de-estar-centro-de-dia\/\" title=\"Sala de Estar \u2013 Centro de d\u00eda\"  class=\"ult_colorlink ult-responsive \" style=\"font-weight:normal;color:#2cd3b4; \"  data-textcolor=\"#2cd3b4\" data-texthover=\"#00bc93\"data-style=\"Style_1\">\n\t\t\t\t\t\t\n\t\t\t\t\t\t<span data-hover=\"M\u00e1s informaci\u00f3n...\" style=\"color:#2cd3b4;;;\" class=\"ult_btn10_span   \">M\u00e1s informaci\u00f3n...<\/span>\n\t\t\t\t\t\t\n\t\t\t\t\t<\/a>\n\t\t\t\t<\/span>\n\t\t\t<\/span>\t\t<\/div><\/div>[\/vc_column][vc_column width=\u00bb1\/3&#8243; css=\u00bb.vc_custom_1548089828896{padding-top: 0px !important;padding-right: 0px !important;padding-bottom: 0px !important;padding-left: 0px !important;background-color: #f4f4f4 !important;}\u00bb offset=\u00bbvc_col-xs-12&#8243;][vc_single_image image=\u00bb1898&#8243; img_size=\u00bb1000&#215;550&#8243; alignment=\u00bbcenter\u00bb onclick=\u00bbcustom_link\u00bb lazy_loading=\u00bbtrue\u00bb link=\u00bbhttp:\/\/www.centresgeriatricsmalgrat.com\/centrodedia\/comedor-centro-de-dia\/\u00bb]<div class=\"ult-content-box-container \" >\t\t<div class=\"ult-content-box\" style=\"box-shadow: px px px px #f7f7f7 none;padding:30px;-webkit-transition: all 700ms ease;-moz-transition: all 700ms ease;-ms-transition: all 700ms ease;-o-transition: all 700ms ease;transition: all 700ms ease;\"  data-hover_box_shadow=\"none\"    ><div id=\"ultimate-heading-368569f6375788976\" class=\"uvc-heading ult-adjust-bottom-margin ultimate-heading-368569f6375788976 uvc-9052 \" data-hspacer=\"no_spacer\"  data-halign=\"left\" style=\"text-align:left\"><div class=\"uvc-heading-spacer no_spacer\" style=\"top\"><\/div><div class=\"uvc-main-heading ult-responsive\"  data-ultimate-target='.uvc-heading.ultimate-heading-368569f6375788976 h2'  data-responsive-json-new='{\"font-size\":\"desktop:20px;\",\"line-height\":\"desktop:26px;\"}' ><h2 style=\"font-weight:bold;margin-bottom:12px;\">Comedor<\/h2><\/div><\/div>[vc_column_text css=\u00bb.vc_custom_1568618415068{margin-bottom: 22px !important;}\u00bb]En centro de d\u00eda Malgrat contamos con un espacioso y colorido comedor con una capacidad actual de 60 residentes, donde diariamente ofrecemos un servicio de comida de m\u00e1xima calidad.<\/p>\n<p>&nbsp;<\/p>\n<p>[\/vc_column_text]\t\t<\/div><\/div><span id=\"creative-link-wrap-2569\" class=\"ult_main_cl ult-adjust-bottom-margin  \" >\n\t \t\t\t<span class=\"ult_cl_link_1  ult_crlink\" >\n\t\t\t\t\t<a  data-ultimate-target='#creative-link-wrap-2569 .ult_colorlink'  data-responsive-json-new='{\"font-size\":\"\",\"line-height\":\"\"}'  href=\"http:\/\/www.centresgeriatricsmalgrat.com\/centrodedia\/comedor-centro-de-dia\/\" title=\"Comedor \u2013 Centro de d\u00eda\"  class=\"ult_colorlink ult-responsive \" style=\"font-weight:normal;color:#2cd3b4; \"  data-textcolor=\"#2cd3b4\" data-texthover=\"#00bc93\"data-style=\"Style_1\">\n\t\t\t\t\t\t\n\t\t\t\t\t\t<span data-hover=\"M\u00e1s informaci\u00f3n...\" style=\"color:#2cd3b4;;;\" class=\"ult_btn10_span   \">M\u00e1s informaci\u00f3n...<\/span>\n\t\t\t\t\t\t\n\t\t\t\t\t<\/a>\n\t\t\t\t<\/span>\n\t\t\t<\/span>[\/vc_column][vc_column width=\u00bb1\/3&#8243; css=\u00bb.vc_custom_1548089836589{padding-top: 0px !important;padding-right: 0px !important;padding-bottom: 0px !important;padding-left: 0px !important;background-color: #f4f4f4 !important;}\u00bb offset=\u00bbvc_col-xs-12&#8243;][vc_single_image image=\u00bb1902&#8243; img_size=\u00bb1000&#215;550&#8243; alignment=\u00bbcenter\u00bb onclick=\u00bbcustom_link\u00bb lazy_loading=\u00bbtrue\u00bb link=\u00bbhttp:\/\/www.centresgeriatricsmalgrat.com\/centrodedia\/sala-de-rehabilitacion-centro-de-dia\/\u00bb]<div class=\"ult-content-box-container \" >\t\t<div class=\"ult-content-box\" style=\"box-shadow: px px px px #f7f7f7 none;padding:30px;-webkit-transition: all 700ms ease;-moz-transition: all 700ms ease;-ms-transition: all 700ms ease;-o-transition: all 700ms ease;transition: all 700ms ease;\"  data-hover_box_shadow=\"none\"    ><div id=\"ultimate-heading-615269f6375788a17\" class=\"uvc-heading ult-adjust-bottom-margin ultimate-heading-615269f6375788a17 uvc-244 \" data-hspacer=\"no_spacer\"  data-halign=\"left\" style=\"text-align:left\"><div class=\"uvc-heading-spacer no_spacer\" style=\"top\"><\/div><div class=\"uvc-main-heading ult-responsive\"  data-ultimate-target='.uvc-heading.ultimate-heading-615269f6375788a17 h2'  data-responsive-json-new='{\"font-size\":\"desktop:20px;\",\"line-height\":\"desktop:26px;\"}' ><h2 style=\"font-weight:bold;margin-bottom:12px;\">Gimnasio y sala de rehabilitaci\u00f3n<\/h2><\/div><\/div>[vc_column_text css=\u00bb.vc_custom_1561021691508{margin-bottom: 22px !important;}\u00bb]Nuestra sala de rehabilitaci\u00f3n est\u00e1 equipada con bicicletas est\u00e1ticas, pedaliers, l\u00e1mparas de infrarrojos, electrolisis, camillas, kit de mancuernas, espalderas,&#8230;[\/vc_column_text]<span id=\"creative-link-wrap-1587\" class=\"ult_main_cl ult-adjust-bottom-margin  \" >\n\t \t\t\t<span class=\"ult_cl_link_1  ult_crlink\" >\n\t\t\t\t\t<a  data-ultimate-target='#creative-link-wrap-1587 .ult_colorlink'  data-responsive-json-new='{\"font-size\":\"\",\"line-height\":\"\"}'  href=\"http:\/\/www.centresgeriatricsmalgrat.com\/centrodedia\/sala-de-rehabilitacion-centro-de-dia\/\" title=\"Sala de rehabilitaci\u00f3n \u2013 Centro de d\u00eda\"  class=\"ult_colorlink ult-responsive \" style=\"font-weight:normal;color:#2cd3b4; \"  data-textcolor=\"#2cd3b4\" data-texthover=\"#00bc93\"data-style=\"Style_1\">\n\t\t\t\t\t\t\n\t\t\t\t\t\t<span data-hover=\"M\u00e1s informaci\u00f3n...\" style=\"color:#2cd3b4;;;\" class=\"ult_btn10_span   \">M\u00e1s informaci\u00f3n...<\/span>\n\t\t\t\t\t\t\n\t\t\t\t\t<\/a>\n\t\t\t\t<\/span>\n\t\t\t<\/span>\t\t<\/div><\/div>[\/vc_column][\/vc_row][vc_row gap=\u00bb30&#8243; equal_height=\u00bbyes\u00bb type=\u00bbvc_default\u00bb el_class=\u00bbcustom-columns-gap\u00bb css=\u00bb.vc_custom_1474222079273{margin-top: -15px !important;margin-bottom: -15px !important;padding-right: 25px !important;padding-left: 25px !important;}\u00bb][vc_column width=\u00bb1\/3&#8243; offset=\u00bbvc_col-xs-12&#8243; css=\u00bb.vc_custom_1548089845606{padding-top: 0px !important;padding-right: 0px !important;padding-bottom: 0px !important;padding-left: 0px !important;background-color: #f4f4f4 !important;}\u00bb][vc_single_image image=\u00bb1912&#8243; img_size=\u00bb1000&#215;550&#8243; alignment=\u00bbcenter\u00bb onclick=\u00bbcustom_link\u00bb lazy_loading=\u00bbtrue\u00bb link=\u00bbhttp:\/\/www.centresgeriatricsmalgrat.com\/centrodedia\/sala-de-terapia-ocupacional-centro-de-dia\u00bb]<div class=\"ult-content-box-container \" >\t\t<div class=\"ult-content-box\" style=\"box-shadow: px px px px #f7f7f7 none;padding:30px;-webkit-transition: all 700ms ease;-moz-transition: all 700ms ease;-ms-transition: all 700ms ease;-o-transition: all 700ms ease;transition: all 700ms ease;\"  data-hover_box_shadow=\"none\"    ><div id=\"ultimate-heading-532069f6375788aa8\" class=\"uvc-heading ult-adjust-bottom-margin ultimate-heading-532069f6375788aa8 uvc-1465 \" data-hspacer=\"no_spacer\"  data-halign=\"left\" style=\"text-align:left\"><div class=\"uvc-heading-spacer no_spacer\" style=\"top\"><\/div><div class=\"uvc-main-heading ult-responsive\"  data-ultimate-target='.uvc-heading.ultimate-heading-532069f6375788aa8 h2'  data-responsive-json-new='{\"font-size\":\"desktop:20px;\",\"line-height\":\"desktop:26px;\"}' ><h2 style=\"font-weight:bold;margin-bottom:12px;\">Sala de terapia ocupacional<\/h2><\/div><\/div>[vc_column_text css=\u00bb.vc_custom_1564739545242{margin-bottom: 22px !important;}\u00bb]Nuestra sala de terapia ocupacional esta equipada con todo lo necesario, y nuestro equipo se encarga de evaluar y dirigir las actividades para estimular, mejorar y rehabilitar a nuestros residentes.[\/vc_column_text]<span id=\"creative-link-wrap-3996\" class=\"ult_main_cl ult-adjust-bottom-margin  \" >\n\t \t\t\t<span class=\"ult_cl_link_1  ult_crlink\" >\n\t\t\t\t\t<a  data-ultimate-target='#creative-link-wrap-3996 .ult_colorlink'  data-responsive-json-new='{\"font-size\":\"\",\"line-height\":\"\"}'  href=\"http:\/\/www.centresgeriatricsmalgrat.com\/centrodedia\/sala-de-terapia-ocupacional-centro-de-dia\/\" title=\"Sala de terapia ocupacional \u2013 Centro de d\u00eda\"  class=\"ult_colorlink ult-responsive \" style=\"font-weight:normal;color:#2cd3b4; \"  data-textcolor=\"#2cd3b4\" data-texthover=\"#00bc93\"data-style=\"Style_1\">\n\t\t\t\t\t\t\n\t\t\t\t\t\t<span data-hover=\"M\u00e1s informaci\u00f3n...\" style=\"color:#2cd3b4;;;\" class=\"ult_btn10_span   \">M\u00e1s informaci\u00f3n...<\/span>\n\t\t\t\t\t\t\n\t\t\t\t\t<\/a>\n\t\t\t\t<\/span>\n\t\t\t<\/span>\t\t<\/div><\/div>[\/vc_column][vc_column width=\u00bb1\/3&#8243; css=\u00bb.vc_custom_1567154952591{padding-top: 0px !important;padding-right: 0px !important;padding-bottom: 0px !important;padding-left: 0px !important;background-color: #f4f4f4 !important;}\u00bb offset=\u00bbvc_col-xs-12&#8243;][vc_single_image image=\u00bb1894&#8243; img_size=\u00bb1000&#215;550&#8243; alignment=\u00bbcenter\u00bb onclick=\u00bbcustom_link\u00bb lazy_loading=\u00bbtrue\u00bb link=\u00bbhttp:\/\/www.centresgeriatricsmalgrat.com\/centrodedia\/cocina-centro-de-dia\/\u00bb]<div class=\"ult-content-box-container \" >\t\t<div class=\"ult-content-box\" style=\"box-shadow: px px px px #f7f7f7 none;padding:30px;-webkit-transition: all 700ms ease;-moz-transition: all 700ms ease;-ms-transition: all 700ms ease;-o-transition: all 700ms ease;transition: all 700ms ease;\"  data-hover_box_shadow=\"none\"    ><div id=\"ultimate-heading-362769f6375788b28\" class=\"uvc-heading ult-adjust-bottom-margin ultimate-heading-362769f6375788b28 uvc-5109 \" data-hspacer=\"no_spacer\"  data-halign=\"left\" style=\"text-align:left\"><div class=\"uvc-heading-spacer no_spacer\" style=\"top\"><\/div><div class=\"uvc-main-heading ult-responsive\"  data-ultimate-target='.uvc-heading.ultimate-heading-362769f6375788b28 h2'  data-responsive-json-new='{\"font-size\":\"desktop:20px;\",\"line-height\":\"desktop:26px;\"}' ><h2 style=\"font-weight:bold;margin-bottom:12px;\">Cocina<\/h2><\/div><\/div>[vc_column_text css=\u00bb.vc_custom_1567419925154{margin-bottom: 22px !important;}\u00bb]Nuestro centro de d\u00eda cuenta con una gran cocina donde nuestros cocineros elaboran nuestros men\u00fas y dietas diarias personalizadas, ofreciendo un estilo de cocina tradicional con platos caseros en men\u00fas mensuales rotativos de invierno y verano.[\/vc_column_text]<span id=\"creative-link-wrap-2297\" class=\"ult_main_cl ult-adjust-bottom-margin  \" >\n\t \t\t\t<span class=\"ult_cl_link_1  ult_crlink\" >\n\t\t\t\t\t<a  data-ultimate-target='#creative-link-wrap-2297 .ult_colorlink'  data-responsive-json-new='{\"font-size\":\"\",\"line-height\":\"\"}'  href=\"http:\/\/www.centresgeriatricsmalgrat.com\/centrodedia\/cocina-centro-de-dia\/\" title=\"Cocina \u2013 Centro de d\u00eda\"  class=\"ult_colorlink ult-responsive \" style=\"font-weight:normal;color:#2cd3b4; \"  data-textcolor=\"#2cd3b4\" data-texthover=\"#00bc93\"data-style=\"Style_1\">\n\t\t\t\t\t\t\n\t\t\t\t\t\t<span data-hover=\"M\u00e1s informaci\u00f3n...\" style=\"color:#2cd3b4;;;\" class=\"ult_btn10_span   \">M\u00e1s informaci\u00f3n...<\/span>\n\t\t\t\t\t\t\n\t\t\t\t\t<\/a>\n\t\t\t\t<\/span>\n\t\t\t<\/span>\t\t<\/div><\/div>[\/vc_column][vc_column width=\u00bb1\/3&#8243; css=\u00bb.vc_custom_1567155320460{padding-top: 0px !important;padding-right: 0px !important;padding-bottom: 0px !important;padding-left: 0px !important;background-color: #f4f4f4 !important;}\u00bb offset=\u00bbvc_col-xs-12&#8243;][vc_single_image image=\u00bb2383&#8243; img_size=\u00bb1000&#215;550&#8243; alignment=\u00bbcenter\u00bb onclick=\u00bbcustom_link\u00bb lazy_loading=\u00bbtrue\u00bb link=\u00bbhttp:\/\/www.centresgeriatricsmalgrat.com\/centrodedia\/transporte-adaptado-centro-de-dia\/\u00bb]<div class=\"ult-content-box-container \" >\t\t<div class=\"ult-content-box\" style=\"box-shadow: px px px px #f7f7f7 none;padding:30px;-webkit-transition: all 700ms ease;-moz-transition: all 700ms ease;-ms-transition: all 700ms ease;-o-transition: all 700ms ease;transition: all 700ms ease;\"  data-hover_box_shadow=\"none\"    ><div id=\"ultimate-heading-434069f6375788ba3\" class=\"uvc-heading ult-adjust-bottom-margin ultimate-heading-434069f6375788ba3 uvc-404 \" data-hspacer=\"no_spacer\"  data-halign=\"left\" style=\"text-align:left\"><div class=\"uvc-heading-spacer no_spacer\" style=\"top\"><\/div><div class=\"uvc-main-heading ult-responsive\"  data-ultimate-target='.uvc-heading.ultimate-heading-434069f6375788ba3 h2'  data-responsive-json-new='{\"font-size\":\"desktop:20px;\",\"line-height\":\"desktop:26px;\"}' ><h2 style=\"font-weight:bold;margin-bottom:12px;\">Transporte Adaptado<\/h2><\/div><\/div>[vc_column_text css=\u00bb.vc_custom_1567593812971{margin-bottom: 22px !important;}\u00bb]El centro de d\u00eda dispone de una flota de veh\u00edculos adaptados y ofrece servicio de traslado diario para todos nuestros usuarios con movilidad reducida y sillas de ruedas en jornadas de ma\u00f1ana y tarde de lunes a s\u00e1bado.[\/vc_column_text][vc_column_text css=\u00bb.vc_custom_1567420097826{margin-bottom: 22px !important;}\u00bb][\/vc_column_text]<span id=\"creative-link-wrap-8140\" class=\"ult_main_cl ult-adjust-bottom-margin  \" >\n\t \t\t\t<span class=\"ult_cl_link_1  ult_crlink\" >\n\t\t\t\t\t<a  data-ultimate-target='#creative-link-wrap-8140 .ult_colorlink'  data-responsive-json-new='{\"font-size\":\"\",\"line-height\":\"\"}'  href=\"http:\/\/www.centresgeriatricsmalgrat.com\/centrodedia\/transporte-adaptado-centro-de-dia\/\" title=\"Cocina \u2013 Centro de d\u00eda\"  class=\"ult_colorlink ult-responsive \" style=\"font-weight:normal;color:#2cd3b4; \"  data-textcolor=\"#2cd3b4\" data-texthover=\"#00bc93\"data-style=\"Style_1\">\n\t\t\t\t\t\t\n\t\t\t\t\t\t<span data-hover=\"M\u00e1s informaci\u00f3n...\" style=\"color:#2cd3b4;;;\" class=\"ult_btn10_span   \">M\u00e1s informaci\u00f3n...<\/span>\n\t\t\t\t\t\t\n\t\t\t\t\t<\/a>\n\t\t\t\t<\/span>\n\t\t\t<\/span>\t\t<\/div><\/div>[\/vc_column][\/vc_row]<\/p>\n<\/div>","protected":false},"excerpt":{"rendered":"<p>[vc_row][vc_column][vc_single_image image=\u00bb1609&#8243; img_size=\u00bb268&#215;75&#8243;][\/vc_column][\/vc_row][vc_row][vc_column][vc_column_text] CENTRO DE D\u00cdA Al igual que nuestra residencia, nuestro centro de d\u00eda se encuentra ubicado\u00a0 en la c\/Mar n:96, a apenas unos metros uno del otro. El centro cuenta con una gran luminosidad, y su decoraci\u00f3n es moderna, colorida, alegre y elegante para que todos nuestros residentes se sientan c\u00f3modos y disfruten&hellip;<\/p>\n","protected":false},"author":3,"featured_media":0,"parent":0,"menu_order":5,"comment_status":"closed","ping_status":"closed","template":"template-microsite.php","meta":{"_acf_changed":false,"footnotes":""},"class_list":["post-332","page","type-page","status-publish","hentry","description-off"],"acf":[],"_links":{"self":[{"href":"https:\/\/www.centresgeriatricsmalgrat.com\/centrodedia\/wp-json\/wp\/v2\/pages\/332","targetHints":{"allow":["GET"]}}],"collection":[{"href":"https:\/\/www.centresgeriatricsmalgrat.com\/centrodedia\/wp-json\/wp\/v2\/pages"}],"about":[{"href":"https:\/\/www.centresgeriatricsmalgrat.com\/centrodedia\/wp-json\/wp\/v2\/types\/page"}],"author":[{"embeddable":true,"href":"https:\/\/www.centresgeriatricsmalgrat.com\/centrodedia\/wp-json\/wp\/v2\/users\/3"}],"replies":[{"embeddable":true,"href":"https:\/\/www.centresgeriatricsmalgrat.com\/centrodedia\/wp-json\/wp\/v2\/comments?post=332"}],"version-history":[{"count":29,"href":"https:\/\/www.centresgeriatricsmalgrat.com\/centrodedia\/wp-json\/wp\/v2\/pages\/332\/revisions"}],"predecessor-version":[{"id":2419,"href":"https:\/\/www.centresgeriatricsmalgrat.com\/centrodedia\/wp-json\/wp\/v2\/pages\/332\/revisions\/2419"}],"wp:attachment":[{"href":"https:\/\/www.centresgeriatricsmalgrat.com\/centrodedia\/wp-json\/wp\/v2\/media?parent=332"}],"curies":[{"name":"wp","href":"https:\/\/api.w.org\/{rel}","templated":true}]}}