{"id":717,"date":"2016-04-26T08:58:38","date_gmt":"2016-04-26T07:58:38","guid":{"rendered":"https:\/\/the7.io\/medical\/?page_id=2"},"modified":"2024-01-15T10:34:22","modified_gmt":"2024-01-15T09:34:22","slug":"home","status":"publish","type":"page","link":"https:\/\/www.centresgeriatricsmalgrat.com\/centrodedia\/","title":{"rendered":"Inicio"},"content":{"rendered":"<div class=\"wpb-content-wrapper\"><p>[vc_row][vc_column][vc_column_text]<\/p>\n<h1 style=\"text-align: center;\">Centro de D\u00eda Malgrat<\/h1>\n<p><strong><em>Residencia\u00a0geri\u00e1trica\u00a0Malgrat, s.l.,<\/em><\/strong> es una\u00a0empresa familiar, fundada en\u00a0 septiembre de 1993,\u00a0a\u00f1o en el\u00a0que\u00a0se abri\u00f3\u00a0nuestro primer centro ubicado\u00a0en c\/ Sant Pere 42 de Malgrat de Mar. Desde los \u00a0inicios, hemos sido centro colaborador del sistema social p\u00fablico de la Generalitat de Catalunya,\u00a0 antiguamente ICASS, y actualmente SISPAP.<\/p>\n<p>Actualmente, la empresa est\u00e1 compuesta por \u00a0una <em><strong>nueva residencia geri\u00e1trica<\/strong><\/em> ubicada en c\/ Mar 89 con capacidad para alojar a <strong><em>109 residentes<\/em><\/strong>, y un <strong><em>centro de d\u00eda ubicado<\/em><\/strong> en c\/ Mar 96 con una capacidad actual de 80 <em><strong>plazas para residentes p\u00fablicos y privados<\/strong><\/em> en r\u00e9gimen temporal o indefinido.[\/vc_column_text][\/vc_column][\/vc_row][vc_row gap=\u00bb30&#8243; equal_height=\u00bbyes\u00bb bg_type=\u00bbbg_color\u00bb bg_override=\u00bbex-full\u00bb type=\u00bbvc_default\u00bb css=\u00bb.vc_custom_1494490890104{margin-top: -80px !important;padding-top: 60px !important;padding-right: 25px !important;padding-bottom: 80px !important;padding-left: 25px !important;}\u00bb bg_color_value=\u00bb#f4f4f4&#8243;][vc_column width=\u00bb2\/3&#8243; css=\u00bb.vc_custom_1547801810064{padding-top: 30px !important;padding-right: 20px !important;padding-bottom: 40px !important;padding-left: 20px !important;background-color: #2c438f !important;}\u00bb offset=\u00bbvc_col-lg-offset-0 vc_col-lg-4 vc_col-md-offset-0 vc_col-md-4 vc_col-sm-offset-2&#8243;]<div class=\"ult-just-icon-wrapper   vc_custom_1560526926740\"><div class=\"align-icon\" style=\"text-align:center;\">\n<div class=\"aio-icon advanced \"  style=\"color:#2c438f;background:#ffffff;border-style:solid;border-color:#ffffff;border-width:3px;width:70px;height:70px;line-height:70px;border-radius:500px;font-size:32px;display:inline-block;\">\n\t<i class=\"icomoon-brankic-32x32-book\"><\/i>\n<\/div><\/div><\/div><div id=\"ultimate-heading-503369f6475cc7490\" class=\"uvc-heading ult-adjust-bottom-margin ultimate-heading-503369f6475cc7490 uvc-9523  uvc-heading-default-font-sizes\" data-hspacer=\"no_spacer\"  data-halign=\"center\" style=\"text-align:center\"><div class=\"uvc-heading-spacer no_spacer\" style=\"top\"><\/div><div class=\"uvc-main-heading ult-responsive\"  data-ultimate-target='.uvc-heading.ultimate-heading-503369f6475cc7490 h3'  data-responsive-json-new='{\"font-size\":\"\",\"line-height\":\"\"}' ><h3 style=\"font-weight:bold;color:#ffffff;\">HISTORIA<\/h3><\/div><div class=\"uvc-sub-heading ult-responsive\"  data-ultimate-target='.uvc-heading.ultimate-heading-503369f6475cc7490 .uvc-sub-heading '  data-responsive-json-new='{\"font-size\":\"desktop:14px;\",\"line-height\":\"desktop:28px;\"}'  style=\"font-weight:normal;color:#ffffff;margin-top:10px;margin-bottom:20px;\">Desde 1993 al servicio y bienestar de las personas mayores.<\/div><\/div><div class=\" vc_custom_1560750755561 ubtn-ctn-center \"><a class=\"ubtn-link ult-adjust-bottom-margin ubtn-center ubtn-custom \" href=\"http:\/\/www.centresgeriatricsmalgrat.com\/centrodedia\/historia\/\" title=\"Historia\" ><button type=\"button\" id=\"ubtn-5546\"  class=\"ubtn ult-adjust-bottom-margin ult-responsive ubtn-custom ubtn-fade-bg  none  ubtn-center   tooltip-69f6475cc7509\"  data-hover=\"#28a7fb\" data-border-color=\"rgba(255,255,255,0.4)\" data-bg=\"rgba(255,255,255,0.01)\" data-hover-bg=\"#ffffff\" data-border-hover=\"#ffffff\" data-shadow-hover=\"\" data-shadow-click=\"none\" data-shadow=\"\" data-shd-shadow=\"\"  data-ultimate-target='#ubtn-5546'  data-responsive-json-new='{\"font-size\":\"desktop:12px;\",\"line-height\":\"desktop:12px;\"}'  style=\"font-family:&#039;Montserrat&#039;;font-weight:normal;font-style:normal;width:px;min-height:34px;padding:5px 12px;border-radius:0px;border-width:2px;border-color:rgba(255,255,255,0.4);border-style:solid;background: rgba(255,255,255,0.01);color: #ffffff;\"><span class=\"ubtn-hover\" style=\"background-color:#ffffff\"><\/span><span class=\"ubtn-data ubtn-text \" >More Information<\/span><\/button><\/a><\/div>[\/vc_column][vc_column width=\u00bb2\/3&#8243; css=\u00bb.vc_custom_1547801893412{padding-top: 30px !important;padding-right: 20px !important;padding-bottom: 40px !important;padding-left: 20px !important;background-color: #5bb0ab !important;}\u00bb offset=\u00bbvc_col-lg-offset-0 vc_col-lg-4 vc_col-md-offset-0 vc_col-md-4 vc_col-sm-offset-2&#8243;]<div class=\"ult-just-icon-wrapper   vc_custom_1547803399002\"><div class=\"align-icon\" style=\"text-align:center;\">\n<div class=\"aio-icon advanced \"  style=\"color:#5bb0ab;background:#ffffff;border-style:solid;border-color:#ffffff;border-width:3px;width:70px;height:70px;line-height:70px;border-radius:500px;font-size:32px;display:inline-block;\">\n\t<i class=\"Defaults-building\"><\/i>\n<\/div><\/div><\/div><div id=\"ultimate-heading-206769f6475cc75b1\" class=\"uvc-heading ult-adjust-bottom-margin ultimate-heading-206769f6475cc75b1 uvc-6746  uvc-heading-default-font-sizes\" data-hspacer=\"no_spacer\"  data-halign=\"center\" style=\"text-align:center\"><div class=\"uvc-heading-spacer no_spacer\" style=\"top\"><\/div><div class=\"uvc-main-heading ult-responsive\"  data-ultimate-target='.uvc-heading.ultimate-heading-206769f6475cc75b1 h3'  data-responsive-json-new='{\"font-size\":\"\",\"line-height\":\"\"}' ><h3 style=\"font-weight:bold;color:#ffffff;\">INSTALACIONES<\/h3><\/div><div class=\"uvc-sub-heading ult-responsive\"  data-ultimate-target='.uvc-heading.ultimate-heading-206769f6475cc75b1 .uvc-sub-heading '  data-responsive-json-new='{\"font-size\":\"desktop:14px;\",\"line-height\":\"desktop:28px;\"}'  style=\"font-weight:normal;color:#ffffff;margin-top:10px;margin-bottom:20px;\">Nuestra nueva residencia goza de una ubicaci\u00f3n \u00fanica y privilegiada.<\/div><\/div><div class=\" vc_custom_1560750737697 ubtn-ctn-center \"><a class=\"ubtn-link ult-adjust-bottom-margin ubtn-center ubtn-custom \" href=\"http:\/\/www.centresgeriatricsmalgrat.com\/centrodedia\/instalaciones\/\" title=\"Instalaciones\" ><button type=\"button\" id=\"ubtn-7476\"  class=\"ubtn ult-adjust-bottom-margin ult-responsive ubtn-custom ubtn-fade-bg  none  ubtn-center   tooltip-69f6475cc7606\"  data-hover=\"#28a7fb\" data-border-color=\"rgba(255,255,255,0.4)\" data-bg=\"rgba(255,255,255,0.01)\" data-hover-bg=\"#ffffff\" data-border-hover=\"#ffffff\" data-shadow-hover=\"\" data-shadow-click=\"none\" data-shadow=\"\" data-shd-shadow=\"\"  data-ultimate-target='#ubtn-7476'  data-responsive-json-new='{\"font-size\":\"desktop:12px;\",\"line-height\":\"desktop:12px;\"}'  style=\"font-family:&#039;Montserrat&#039;;font-weight:normal;font-style:normal;width:px;min-height:34px;padding:5px 12px;border-radius:0px;border-width:2px;border-color:rgba(255,255,255,0.4);border-style:solid;background: rgba(255,255,255,0.01);color: #ffffff;\"><span class=\"ubtn-hover\" style=\"background-color:#ffffff\"><\/span><span class=\"ubtn-data ubtn-text \" >M\u00e1s informaci\u00f3n<\/span><\/button><\/a><\/div>[\/vc_column][vc_column width=\u00bb2\/3&#8243; css=\u00bb.vc_custom_1547801818122{padding-top: 30px !important;padding-right: 20px !important;padding-bottom: 40px !important;padding-left: 20px !important;background-color: #2c438f !important;}\u00bb offset=\u00bbvc_col-lg-offset-0 vc_col-lg-4 vc_col-md-offset-0 vc_col-md-4 vc_col-sm-offset-2&#8243;]<div class=\"ult-just-icon-wrapper   vc_custom_1547803422848\"><div class=\"align-icon\" style=\"text-align:center;\">\n<div class=\"aio-icon advanced \"  style=\"color:#2c438f;background:#ffffff;border-style:solid;border-color:#ffffff;border-width:3px;width:70px;height:70px;line-height:70px;border-radius:500px;font-size:32px;display:inline-block;\">\n\t<i class=\"Defaults-eur euro\"><\/i>\n<\/div><\/div><\/div><div id=\"ultimate-heading-702469f6475cc7686\" class=\"uvc-heading ult-adjust-bottom-margin ultimate-heading-702469f6475cc7686 uvc-5500  uvc-heading-default-font-sizes\" data-hspacer=\"no_spacer\"  data-halign=\"center\" style=\"text-align:center\"><div class=\"uvc-heading-spacer no_spacer\" style=\"top\"><\/div><div class=\"uvc-main-heading ult-responsive\"  data-ultimate-target='.uvc-heading.ultimate-heading-702469f6475cc7686 h3'  data-responsive-json-new='{\"font-size\":\"\",\"line-height\":\"\"}' ><h3 style=\"font-weight:bold;color:#ffffff;\">TARIFAS<\/h3><\/div><div class=\"uvc-sub-heading ult-responsive\"  data-ultimate-target='.uvc-heading.ultimate-heading-702469f6475cc7686 .uvc-sub-heading '  data-responsive-json-new='{\"font-size\":\"desktop:14px;\",\"line-height\":\"desktop:28px;\"}'  style=\"font-weight:normal;color:#ffffff;margin-top:10px;margin-bottom:20px;\">Las mejores tarifas para un servicio humano y de calidad.<\/div><\/div><div class=\" vc_custom_1560750719384 ubtn-ctn-center \"><a class=\"ubtn-link ult-adjust-bottom-margin ubtn-center ubtn-custom \" href=\"http:\/\/www.centresgeriatricsmalgrat.com\/centrodedia\/tarifas\/\" title=\"Tarifas\" ><button type=\"button\" id=\"ubtn-5504\"  class=\"ubtn ult-adjust-bottom-margin ult-responsive ubtn-custom ubtn-fade-bg  none  ubtn-center   tooltip-69f6475cc76cf\"  data-hover=\"#28a7fb\" data-border-color=\"rgba(255,255,255,0.4)\" data-bg=\"rgba(255,255,255,0.01)\" data-hover-bg=\"#ffffff\" data-border-hover=\"#ffffff\" data-shadow-hover=\"\" data-shadow-click=\"none\" data-shadow=\"\" data-shd-shadow=\"\"  data-ultimate-target='#ubtn-5504'  data-responsive-json-new='{\"font-size\":\"desktop:12px;\",\"line-height\":\"desktop:12px;\"}'  style=\"font-family:&#039;Montserrat&#039;;font-weight:normal;font-style:normal;width:px;min-height:34px;padding:5px 12px;border-radius:0px;border-width:2px;border-color:rgba(255,255,255,0.4);border-style:solid;background: rgba(255,255,255,0.01);color: #ffffff;\"><span class=\"ubtn-hover\" style=\"background-color:#ffffff\"><\/span><span class=\"ubtn-data ubtn-text \" >M\u00e1s informaci\u00f3n<\/span><\/button><\/a><\/div>[\/vc_column][\/vc_row][vc_row][vc_column][vc_column_text]<\/p>\n<h2 style=\"text-align: center;\">Somos l\u00edderes en Residencias Geri\u00e1tricas<\/h2>\n<p><span style=\"color: #5bb0ab;\"><strong>NUESTRA MISI\u00d3N<\/strong><\/span><\/p>\n<p>Tras casi 25 a\u00f1os, seguimos comprometidos, motivados y dedicados\u00a0plenamente con la calidad y satisfacci\u00f3n del usuario\u00a0para dar el m\u00e1ximo\u00a0confort y bienestar\u00a0a las personas mayores.<\/p>\n<p>En nuestros centros, trabajamos para cuidar, y cuidamos con excelencia para que el usuario viva m\u00e1s y mejor. Nuestra misi\u00f3n es mejorar el bienestar y la calidad de vida de los residentes y sus familias\u00a0 con\u00a0 servicios de calidad y cuidados profesionales.<\/p>\n<p><span style=\"color: #5bb0ab;\"><strong>VISI\u00d3N <\/strong><\/span><\/p>\n<p>Miramos hacia el futuro para hacer de nuestra empresa una empresa feliz y para ser la empresa de elecci\u00f3n y preferencia de \u00a0los usuarios y trabajadores del sector.<\/p>\n<p><span style=\"color: #5bb0ab;\"><strong>OBJETIVOS<\/strong><\/span><\/p>\n<p>Mantener la independencia como empresa familiar.<br \/>\nRealizar una gesti\u00f3n mod\u00e9lica empresarial que sirva de referencia para la gesti\u00f3n de centros geri\u00e1tricos en la Comarca del Maresme y en el \u00e1mbito de la Comunidad Aut\u00f3noma.<\/p>\n<p>Alcanzar la excelencia en la prestaci\u00f3n de nuestros servicios y cuidados.<br \/>\nGarantizar la satisfacci\u00f3n de los usuarios y familiares con una atenci\u00f3n integral y personalizada<br \/>\nCuidar a nuestros trabajadores para que puedan realizar su desempe\u00f1o profesional en las mejores condiciones laborales[\/vc_column_text][\/vc_column][\/vc_row][vc_row][vc_column][vc_single_image image=\u00bb1390&#8243; img_size=\u00bbfull\u00bb alignment=\u00bbcenter\u00bb image_hovers=\u00bbfalse\u00bb el_class=\u00bbno-margin-bottom\u00bb][\/vc_column][\/vc_row][vc_row full_width=\u00bbstretch_row\u00bb css=\u00bb.vc_custom_1564741249790{padding-top: 80px !important;padding-bottom: 80px !important;background-color: #2c438f !important;}\u00bb][vc_column width=\u00bb1\/4&#8243;][vc_single_image image=\u00bb2154&#8243; img_size=\u00bb200&#215;166&#8243;][\/vc_column][vc_column width=\u00bb1\/2&#8243;]<div id=\"ultimate-heading-30069f6475cc7718\" class=\"uvc-heading ult-adjust-bottom-margin ultimate-heading-30069f6475cc7718 uvc-4031 \" data-hspacer=\"no_spacer\"  data-halign=\"left\" style=\"text-align:left\"><div class=\"uvc-heading-spacer no_spacer\" style=\"top\"><\/div><div class=\"uvc-main-heading ult-responsive\"  data-ultimate-target='.uvc-heading.ultimate-heading-30069f6475cc7718 h2'  data-responsive-json-new='{\"font-size\":\"desktop:30px;\",\"line-height\":\"desktop:40px;\"}' ><h2 style=\"--font-weight:theme;color:#ffffff;margin-bottom:10px;\">Visita nuestras instalaciones desde casa.<\/h2><\/div><div class=\"uvc-sub-heading ult-responsive\"  data-ultimate-target='.uvc-heading.ultimate-heading-30069f6475cc7718 .uvc-sub-heading '  data-responsive-json-new='{\"font-size\":\"desktop:17px;\",\"line-height\":\"desktop:27px;\"}'  style=\"font-weight:normal;color:#ffffff;\">Todav\u00eda tienes dudas, visita nuestro \u00a1<strong>Tour Virtual 360\u00ba\u00a0<\/strong>y pas\u00e9ate por nuestras instalaciones!<\/div><\/div>[\/vc_column][vc_column width=\u00bb1\/4&#8243;]<div class=\" vc_custom_1560750797383 ubtn-ctn-right \"><a class=\"ubtn-link ult-adjust-bottom-margin ubtn-right ubtn-custom \" href=\"http:\/\/www.centresgeriatricsmalgrat.com\/centrodedia\/tour-virtual-360-centro-de-dia\/\" title=\"Tour Virtual 360\u00ba \u2013 Centro de d\u00eda\" ><button type=\"button\" id=\"ubtn-7432\"  class=\"ubtn ult-adjust-bottom-margin ult-responsive ubtn-custom ubtn-fade-bg  none  ubtn-right   tooltip-69f6475cc775a\"  data-hover=\"#28a7fb\" data-border-color=\"rgba(255,255,255,0.4)\" data-bg=\"rgba(255,255,255,0.01)\" data-hover-bg=\"#ffffff\" data-border-hover=\"#ffffff\" data-shadow-hover=\"\" data-shadow-click=\"none\" data-shadow=\"\" data-shd-shadow=\"\"  data-ultimate-target='#ubtn-7432'  data-responsive-json-new='{\"font-size\":\"desktop:20px;\",\"line-height\":\"desktop:20px;\"}'  style=\"font-family:&#039;Montserrat&#039;;font-weight:700;width:px;min-height:38px;padding:15px 25px;border-radius:0px;border-width:4px;border-color:rgba(255,255,255,0.4);border-style:solid;background: rgba(255,255,255,0.01);color: #ffffff;\"><span class=\"ubtn-hover\" style=\"background-color:#ffffff\"><\/span><span class=\"ubtn-data ubtn-text \" >TOUR VIRTUAL 360\u00ba<\/span><\/button><\/a><\/div>[\/vc_column][\/vc_row][vc_row equal_height=\u00bbyes\u00bb bg_type=\u00bbimage\u00bb parallax_style=\u00bbvcpb-default\u00bb bg_image_new=\u00bbid^1467|url^http:\/\/www.centresgeriatricsmalgrat.com\/centrodedia\/wp-content\/uploads\/sites\/3\/2019\/01\/home-computer-back.jpg|caption^null|alt^null|title^home-computer-back|description^null\u00bb bg_image_repeat=\u00bbno-repeat\u00bb bg_override=\u00bbex-full\u00bb enable_overlay=\u00bbenable_overlay_value\u00bb overlay_color=\u00bbrgba(37,37,37,0.8)\u00bb type=\u00bbvc_default\u00bb css=\u00bb.vc_custom_1564749205636{padding-top: 80px !important;padding-right: 10px !important;padding-bottom: 80px !important;padding-left: 10px !important;background-position: center !important;background-repeat: no-repeat !important;background-size: contain !important;}\u00bb][vc_column width=\u00bb2\/3&#8243; offset=\u00bbvc_col-lg-offset-2 vc_col-md-offset-2 vc_col-sm-offset-2&#8243;]<div id=\"ultimate-heading-245869f6475cc77a4\" class=\"uvc-heading ult-adjust-bottom-margin ultimate-heading-245869f6475cc77a4 uvc-7585  uvc-heading-default-font-sizes\" data-hspacer=\"no_spacer\"  data-halign=\"center\" style=\"text-align:center\"><div class=\"uvc-heading-spacer no_spacer\" style=\"top\"><\/div><div class=\"uvc-main-heading ult-responsive\"  data-ultimate-target='.uvc-heading.ultimate-heading-245869f6475cc77a4 h1'  data-responsive-json-new='{\"font-size\":\"\",\"line-height\":\"\"}' ><h1 style=\"font-weight:bold;color:#ffffff;\">Creemos de coraz\u00f3n en nuestro trabajo<\/h1><\/div><div class=\"uvc-sub-heading ult-responsive\"  data-ultimate-target='.uvc-heading.ultimate-heading-245869f6475cc77a4 .uvc-sub-heading '  data-responsive-json-new='{\"font-size\":\"desktop:18px;\",\"line-height\":\"desktop:28px;\"}'  style=\"font-weight:normal;color:#d3d3d3;margin-top:20px;margin-bottom:60px;\">Brindamos cuidados especiales, servicios de enfermer\u00eda y atenci\u00f3n m\u00e9dico-geri\u00e1trica a los adultos mayores dependientes.<\/div><\/div>[\/vc_column][vc_column width=\u00bb1\/2&#8243; offset=\u00bbvc_col-lg-offset-0 vc_col-lg-3 vc_col-md-offset-1 vc_col-md-5&#8243; css=\u00bb.vc_custom_1564748568843{margin-right: 15px !important;margin-bottom: 50px !important;margin-left: 15px !important;padding-top: 0px !important;padding-right: 0px !important;padding-bottom: 0px !important;padding-left: 0px !important;background-color: #5bb0ab !important;}\u00bb][vc_single_image image=\u00bb1871&#8243; img_size=\u00bb600&#215;600&#8243; alignment=\u00bbcenter\u00bb css=\u00bb.vc_custom_1564749940256{margin-bottom: 0px !important;padding-top: 10px !important;padding-right: 10px !important;padding-bottom: 10px !important;padding-left: 10px !important;}\u00bb]<div id=\"ultimate-heading-544669f6475cc77da\" class=\"uvc-heading ult-adjust-bottom-margin ultimate-heading-544669f6475cc77da uvc-4443 \" data-hspacer=\"no_spacer\"  data-halign=\"center\" style=\"text-align:center\"><div class=\"uvc-heading-spacer no_spacer\" style=\"top\"><\/div><div class=\"uvc-main-heading ult-responsive\"  data-ultimate-target='.uvc-heading.ultimate-heading-544669f6475cc77da h3'  data-responsive-json-new='{\"font-size\":\"desktop:16px;\",\"line-height\":\"desktop:26px;\"}' ><h3 style=\"--font-weight:theme;color:#2c438f;margin-top:1px;margin-bottom:12px;\">Sal\u00f3n<\/h3><\/div><\/div>[\/vc_column][vc_column width=\u00bb1\/2&#8243; offset=\u00bbvc_col-lg-offset-0 vc_col-lg-3 vc_col-md-offset-1 vc_col-md-5&#8243; css=\u00bb.vc_custom_1564748633941{margin-right: 15px !important;margin-bottom: 50px !important;margin-left: 15px !important;padding-top: 0px !important;padding-right: 0px !important;padding-bottom: 0px !important;padding-left: 0px !important;background-color: #2c438f !important;}\u00bb][vc_single_image image=\u00bb1476&#8243; img_size=\u00bb600&#215;600&#8243; alignment=\u00bbcenter\u00bb css=\u00bb.vc_custom_1564749949270{margin-bottom: 0px !important;padding-top: 10px !important;padding-right: 10px !important;padding-bottom: 10px !important;padding-left: 10px !important;}\u00bb]<div id=\"ultimate-heading-743369f6475cc780a\" class=\"uvc-heading ult-adjust-bottom-margin ultimate-heading-743369f6475cc780a uvc-8644 \" data-hspacer=\"no_spacer\"  data-halign=\"center\" style=\"text-align:center\"><div class=\"uvc-heading-spacer no_spacer\" style=\"top\"><\/div><div class=\"uvc-main-heading ult-responsive\"  data-ultimate-target='.uvc-heading.ultimate-heading-743369f6475cc780a h3'  data-responsive-json-new='{\"font-size\":\"desktop:16px;\",\"line-height\":\"desktop:26px;\"}' ><h3 style=\"--font-weight:theme;color:#5bb0ab;margin-top:1px;margin-bottom:12px;\">Cuidados<\/h3><\/div><\/div>[\/vc_column][vc_column width=\u00bb1\/2&#8243; offset=\u00bbvc_col-lg-offset-0 vc_col-lg-3 vc_col-md-offset-1 vc_col-md-5&#8243; css=\u00bb.vc_custom_1564748605172{margin-right: 15px !important;margin-bottom: 50px !important;margin-left: 15px !important;padding-top: 0px !important;padding-right: 0px !important;padding-bottom: 0px !important;padding-left: 0px !important;background-color: #5bb0ab !important;}\u00bb][vc_single_image image=\u00bb1474&#8243; img_size=\u00bb600&#215;600&#8243; alignment=\u00bbcenter\u00bb css=\u00bb.vc_custom_1564749959376{margin-bottom: 0px !important;padding-top: 10px !important;padding-right: 10px !important;padding-bottom: 10px !important;padding-left: 10px !important;}\u00bb]<div id=\"ultimate-heading-999769f6475cc783a\" class=\"uvc-heading ult-adjust-bottom-margin ultimate-heading-999769f6475cc783a uvc-194 \" data-hspacer=\"no_spacer\"  data-halign=\"center\" style=\"text-align:center\"><div class=\"uvc-heading-spacer no_spacer\" style=\"top\"><\/div><div class=\"uvc-main-heading ult-responsive\"  data-ultimate-target='.uvc-heading.ultimate-heading-999769f6475cc783a h3'  data-responsive-json-new='{\"font-size\":\"desktop:16px;\",\"line-height\":\"desktop:26px;\"}' ><h3 style=\"--font-weight:theme;color:#2c438f;margin-top:1px;margin-bottom:12px;\">Salud y dedicaci\u00f3n<\/h3><\/div><\/div>[\/vc_column][vc_column width=\u00bb1\/2&#8243; offset=\u00bbvc_col-lg-offset-0 vc_col-lg-3 vc_col-md-offset-1 vc_col-md-5&#8243; css=\u00bb.vc_custom_1564748651157{margin-right: 15px !important;margin-bottom: 50px !important;margin-left: 15px !important;padding-top: 0px !important;padding-right: 0px !important;padding-bottom: 0px !important;padding-left: 0px !important;background-color: #2c438f !important;}\u00bb][vc_single_image image=\u00bb1875&#8243; img_size=\u00bb600&#215;600&#8243; alignment=\u00bbcenter\u00bb css=\u00bb.vc_custom_1564749968193{margin-bottom: 0px !important;padding-top: 10px !important;padding-right: 10px !important;padding-bottom: 10px !important;padding-left: 10px !important;}\u00bb]<div id=\"ultimate-heading-364069f6475cc7868\" class=\"uvc-heading ult-adjust-bottom-margin ultimate-heading-364069f6475cc7868 uvc-2997 \" data-hspacer=\"no_spacer\"  data-halign=\"center\" style=\"text-align:center\"><div class=\"uvc-heading-spacer no_spacer\" style=\"top\"><\/div><div class=\"uvc-main-heading ult-responsive\"  data-ultimate-target='.uvc-heading.ultimate-heading-364069f6475cc7868 h3'  data-responsive-json-new='{\"font-size\":\"desktop:16px;\",\"line-height\":\"desktop:26px;\"}' ><h3 style=\"--font-weight:theme;color:#5bb0ab;margin-top:1px;margin-bottom:12px;\">Rehabilitaci\u00f3n<\/h3><\/div><\/div>[\/vc_column][\/vc_row][vc_row css=\u00bb.vc_custom_1564750262274{padding-top: 80px !important;padding-bottom: 80px !important;background-image: url(http:\/\/www.centresgeriatricsmalgrat.com\/centrodedia\/wp-content\/uploads\/sites\/3\/2019\/01\/medical_group-1.png?id=1399) !important;background-position: center !important;background-repeat: no-repeat !important;background-size: contain !important;}\u00bb][vc_column width=\u00bb2\/3&#8243; offset=\u00bbvc_col-lg-offset-2 vc_col-md-offset-2 vc_col-sm-offset-2&#8243; css=\u00bb.vc_custom_1564749118369{background-color: rgba(255,255,255,0.5) !important;*background-color: rgb(255,255,255) !important;}\u00bb]<div id=\"ultimate-heading-631869f6475cc7898\" class=\"uvc-heading ult-adjust-bottom-margin ultimate-heading-631869f6475cc7898 uvc-7489  uvc-heading-default-font-sizes\" data-hspacer=\"no_spacer\"  data-halign=\"center\" style=\"text-align:center\"><div class=\"uvc-heading-spacer no_spacer\" style=\"top\"><\/div><div class=\"uvc-main-heading ult-responsive\"  data-ultimate-target='.uvc-heading.ultimate-heading-631869f6475cc7898 h1'  data-responsive-json-new='{\"font-size\":\"\",\"line-height\":\"\"}' ><h1 style=\"font-weight:bold;\">Mejoramos su bienestar<\/h1><\/div><div class=\"uvc-sub-heading ult-responsive\"  data-ultimate-target='.uvc-heading.ultimate-heading-631869f6475cc7898 .uvc-sub-heading '  data-responsive-json-new='{\"font-size\":\"desktop:18px;\",\"line-height\":\"desktop:28px;\"}'  style=\"font-weight:normal;color:#9a9a9a;margin-top:20px;margin-bottom:60px;\"><span style=\"color: #000000;\">En nuestros centros, trabajamos para cuidar, y cuidamos con excelencia para que el usuario viva m\u00e1s y mejor. Nuestra misi\u00f3n es mejorar el bienestar y la calidad de vida de los residentes y sus familias\u00a0 con\u00a0 servicios de calidad y cuidados profesionales.<\/span><\/div><\/div>[\/vc_column][\/vc_row]<\/p>\n<\/div>","protected":false},"excerpt":{"rendered":"<p>[vc_row][vc_column][vc_column_text] Centro de D\u00eda Malgrat Residencia\u00a0geri\u00e1trica\u00a0Malgrat, s.l., es una\u00a0empresa familiar, fundada en\u00a0 septiembre de 1993,\u00a0a\u00f1o en el\u00a0que\u00a0se abri\u00f3\u00a0nuestro primer centro ubicado\u00a0en c\/ Sant Pere 42 de Malgrat de Mar. Desde los \u00a0inicios, hemos sido centro colaborador del sistema social p\u00fablico de la Generalitat de Catalunya,\u00a0 antiguamente ICASS, y actualmente SISPAP. Actualmente, la empresa est\u00e1 compuesta&hellip;<\/p>\n","protected":false},"author":3,"featured_media":0,"parent":0,"menu_order":0,"comment_status":"closed","ping_status":"closed","template":"template-microsite.php","meta":{"_acf_changed":false,"footnotes":""},"class_list":["post-717","page","type-page","status-publish","hentry","description-off"],"acf":[],"_links":{"self":[{"href":"https:\/\/www.centresgeriatricsmalgrat.com\/centrodedia\/wp-json\/wp\/v2\/pages\/717","targetHints":{"allow":["GET"]}}],"collection":[{"href":"https:\/\/www.centresgeriatricsmalgrat.com\/centrodedia\/wp-json\/wp\/v2\/pages"}],"about":[{"href":"https:\/\/www.centresgeriatricsmalgrat.com\/centrodedia\/wp-json\/wp\/v2\/types\/page"}],"author":[{"embeddable":true,"href":"https:\/\/www.centresgeriatricsmalgrat.com\/centrodedia\/wp-json\/wp\/v2\/users\/3"}],"replies":[{"embeddable":true,"href":"https:\/\/www.centresgeriatricsmalgrat.com\/centrodedia\/wp-json\/wp\/v2\/comments?post=717"}],"version-history":[{"count":38,"href":"https:\/\/www.centresgeriatricsmalgrat.com\/centrodedia\/wp-json\/wp\/v2\/pages\/717\/revisions"}],"predecessor-version":[{"id":2600,"href":"https:\/\/www.centresgeriatricsmalgrat.com\/centrodedia\/wp-json\/wp\/v2\/pages\/717\/revisions\/2600"}],"wp:attachment":[{"href":"https:\/\/www.centresgeriatricsmalgrat.com\/centrodedia\/wp-json\/wp\/v2\/media?parent=717"}],"curies":[{"name":"wp","href":"https:\/\/api.w.org\/{rel}","templated":true}]}}