{"id":719,"date":"2016-05-11T18:52:09","date_gmt":"2016-05-11T17:52:09","guid":{"rendered":"https:\/\/the7.io\/medical\/?page_id=713"},"modified":"2025-10-24T11:34:43","modified_gmt":"2025-10-24T09:34:43","slug":"tarifas","status":"publish","type":"page","link":"https:\/\/www.centresgeriatricsmalgrat.com\/centrodedia\/tarifas\/","title":{"rendered":"Tarifas"},"content":{"rendered":"<div class=\"wpb-content-wrapper\"><p>[vc_row type=\u00bbvc_default\u00bb css=\u00bb.vc_custom_1474221376872{margin-bottom: -80px !important;}\u00bb][vc_column offset=\u00bbvc_col-lg-8 vc_col-md-8 vc_col-xs-12&#8243; css=\u00bb.vc_custom_1463573458077{margin-bottom: 80px !important;}\u00bb][vc_single_image image=\u00bb1565&#8243; img_size=\u00bb1000&#215;500&#8243; css=\u00bb.vc_custom_1548083854713{padding-bottom: 60px !important;}\u00bb]<div id=\"ultimate-heading-242769f6475c44531\" class=\"uvc-heading ult-adjust-bottom-margin ultimate-heading-242769f6475c44531 uvc-4397 \" data-hspacer=\"no_spacer\"  data-halign=\"left\" style=\"text-align:left\"><div class=\"uvc-heading-spacer no_spacer\" style=\"top\"><\/div><div class=\"uvc-main-heading ult-responsive\"  data-ultimate-target='.uvc-heading.ultimate-heading-242769f6475c44531 h2'  data-responsive-json-new='{\"font-size\":\"desktop:24px;\",\"line-height\":\"desktop:30px;\"}' ><h2 style=\"font-weight:bold;margin-bottom:22px;\">Nuestras Tarifas<\/h2><\/div><\/div>[vc_column_text]Todas nuestras tarifas son orientativas y est\u00e1n sujetas a cambios y disponibilidad.<\/p>\n<p>Las tarifas se mantendr\u00e1n durante toda la estancia, solo var\u00edan seg\u00fan el grado de dependencia, y el IPC incrementara anualmente.[\/vc_column_text][\/vc_column][vc_column offset=\u00bbvc_col-lg-4 vc_col-md-4 vc_col-xs-12&#8243; el_class=\u00bbcustom_sidebar\u00bb css=\u00bb.vc_custom_1474221370251{padding-bottom: 80px !important;}\u00bb][vc_row_inner css=\u00bb.vc_custom_1462516802446{padding-right: 25px !important;padding-left: 25px !important;}\u00bb][vc_column_inner css=\u00bb.vc_custom_1471295267122{padding-top: 30px !important;padding-right: 30px !important;padding-bottom: 20px !important;padding-left: 30px !important;background-color: #f4f4f4 !important;}\u00bb]<div id=\"ultimate-heading-574569f6475c445a3\" class=\"uvc-heading ult-adjust-bottom-margin ultimate-heading-574569f6475c445a3 uvc-8142  uvc-heading-default-font-sizes\" data-hspacer=\"no_spacer\"  data-halign=\"left\" style=\"text-align:left\"><div class=\"uvc-heading-spacer no_spacer\" style=\"top\"><\/div><div class=\"uvc-main-heading ult-responsive\"  data-ultimate-target='.uvc-heading.ultimate-heading-574569f6475c445a3 h3'  data-responsive-json-new='{\"font-size\":\"\",\"line-height\":\"\"}' ><h3 style=\"font-weight:bold;margin-bottom:20px;\">Solicita informaci\u00f3n<\/h3><\/div><\/div>[vc_column_text]Contacta con nosotros para solventar cualquier duda, estamos para ayudarte.[\/vc_column_text][vc_empty_space height=\u00bb30px\u00bb]<form class=\"dt-contact-form dt-form\" method=\"post\"><input type=\"hidden\" name=\"widget_id\" value=\"presscore-contact-form-widget--1\" \/><input type=\"hidden\" name=\"send_message\" value=\"\" \/><input type=\"hidden\" name=\"security_token\" value=\"10f8ac4c75752dd74db1\"\/><div class=\"form-fields\"><span class=\"form-name\"><label class=\"assistive-text\">Nombre *<\/label><input type=\"text\" class=\"validate[required]\" placeholder=\"Nombre *\" name=\"name\" value=\"\" aria-required=\"true\">\n<\/span><span class=\"form-mail\"><label class=\"assistive-text\">E-mail *<\/label><input type=\"text\" class=\"validate[required,custom[email]]\" placeholder=\"E-mail *\" name=\"email\" value=\"\" aria-required=\"true\">\n<\/span><span class=\"form-telephone\"><label class=\"assistive-text\">Tel\u00e9fono *<\/label><input type=\"text\" class=\"validate[required,custom[phone]]\" placeholder=\"Tel\u00e9fono *\" name=\"telephone\" value=\"\" aria-required=\"true\">\n<\/span><\/div><span class=\"form-message\"><label class=\"assistive-text\">Mensaje *<\/label><textarea class=\"validate[required]\" placeholder=\"Mensaje *\" name=\"message\" rows=\"2\" aria-required=\"true\"><\/textarea>\n<\/span><div class=\"the7-g-captcha\"><\/div><p><a href=\"#\" class=\"dt-btn dt-btn-m dt-btn-submit\" rel=\"nofollow\"><span>Enviar<\/span><\/a><input class=\"assistive-text\" type=\"submit\" value=\"enviar\"><\/p><\/form>\n[\/vc_column_inner][\/vc_row_inner][\/vc_column][\/vc_row][vc_row][vc_column][vc_row_inner css=\u00bb.vc_custom_1548078741146{margin-right: 0px !important;margin-left: 0px !important;padding-top: 15px !important;padding-bottom: 15px !important;background-color: #5bb0ab !important;}\u00bb][vc_column_inner width=\u00bb3\/4&#8243; offset=\u00bbvc_col-lg-9 vc_col-md-9 vc_col-xs-9&#8243;]<div id=\"ultimate-heading-486369f6475c44d72\" class=\"uvc-heading ult-adjust-bottom-margin ultimate-heading-486369f6475c44d72 uvc-1524 \" data-hspacer=\"no_spacer\"  data-halign=\"left\" style=\"text-align:left\"><div class=\"uvc-heading-spacer no_spacer\" style=\"top\"><\/div><div class=\"uvc-main-heading ult-responsive\"  data-ultimate-target='.uvc-heading.ultimate-heading-486369f6475c44d72 h3'  data-responsive-json-new='{\"font-size\":\"desktop:16px;\",\"line-height\":\"desktop:22px;\"}' ><h3 style=\"font-weight:bold;\">TARIFAS CENTRO DE D\u00cdA<\/h3><\/div><\/div>[\/vc_column_inner][vc_column_inner width=\u00bb1\/4&#8243; offset=\u00bbvc_col-lg-3 vc_col-md-3 vc_col-xs-3&#8243;]<div id=\"ultimate-heading-602269f6475c44ddf\" class=\"uvc-heading ult-adjust-bottom-margin ultimate-heading-602269f6475c44ddf uvc-1758 \" data-hspacer=\"no_spacer\"  data-halign=\"center\" style=\"text-align:center\"><div class=\"uvc-heading-spacer no_spacer\" style=\"top\"><\/div><div class=\"uvc-main-heading ult-responsive\"  data-ultimate-target='.uvc-heading.ultimate-heading-602269f6475c44ddf h3'  data-responsive-json-new='{\"font-size\":\"desktop:16px;\",\"line-height\":\"desktop:22px;\"}' ><h3 style=\"font-weight:bold;\">Precio<\/h3><\/div><\/div>[\/vc_column_inner][\/vc_row_inner][vc_row_inner css=\u00bb.vc_custom_1548083530205{margin-right: 0px !important;margin-left: 0px !important;background-color: #2c438f !important;}\u00bb][vc_column_inner][vc_column_text el_class=\u00bbwhite-text\u00bb]D\u00eda completo[\/vc_column_text][\/vc_column_inner][\/vc_row_inner][vc_row_inner css=\u00bb.vc_custom_1462454107178{margin-right: 0px !important;margin-left: 0px !important;padding-top: 12px !important;padding-bottom: 12px !important;background-color: #fcfcfc !important;}\u00bb][vc_column_inner width=\u00bb3\/4&#8243; offset=\u00bbvc_col-lg-9 vc_col-md-9 vc_col-xs-9&#8243;][vc_column_text css=\u00bb\u00bb]Cuota d\u00eda completo lunes \u2013 viernes (10 horas)[\/vc_column_text][\/vc_column_inner][vc_column_inner width=\u00bb1\/4&#8243; offset=\u00bbvc_col-lg-3 vc_col-md-3 vc_col-xs-3&#8243;]<div id=\"ultimate-heading-117969f6475c44e35\" class=\"uvc-heading ult-adjust-bottom-margin ultimate-heading-117969f6475c44e35 uvc-6653 \" data-hspacer=\"no_spacer\"  data-halign=\"center\" style=\"text-align:center\"><div class=\"uvc-heading-spacer no_spacer\" style=\"top\"><\/div><div class=\"uvc-main-heading ult-responsive\"  data-ultimate-target='.uvc-heading.ultimate-heading-117969f6475c44e35 h3'  data-responsive-json-new='{\"font-size\":\"desktop:14px;\",\"line-height\":\"desktop:22px;\"}' ><h3 style=\"font-weight:bold;margin-top:3px;\">1.050\u20ac (grado 1) - 1080\u20ac (grado 2) - 1110\u20ac (grado 3)<\/h3><\/div><\/div>[\/vc_column_inner][\/vc_row_inner][vc_row_inner css=\u00bb.vc_custom_1462454102811{margin-right: 0px !important;margin-left: 0px !important;padding-top: 12px !important;padding-bottom: 12px !important;background-color: #f4f4f4 !important;}\u00bb][vc_column_inner width=\u00bb3\/4&#8243; offset=\u00bbvc_col-lg-9 vc_col-md-9 vc_col-xs-9&#8243;][vc_column_text]Con transporte ida\/vuelta[\/vc_column_text][\/vc_column_inner][vc_column_inner width=\u00bb1\/4&#8243; offset=\u00bbvc_col-lg-3 vc_col-md-3 vc_col-xs-3&#8243;]<div id=\"ultimate-heading-955769f6475c44e7d\" class=\"uvc-heading ult-adjust-bottom-margin ultimate-heading-955769f6475c44e7d uvc-871 \" data-hspacer=\"no_spacer\"  data-halign=\"center\" style=\"text-align:center\"><div class=\"uvc-heading-spacer no_spacer\" style=\"top\"><\/div><div class=\"uvc-main-heading ult-responsive\"  data-ultimate-target='.uvc-heading.ultimate-heading-955769f6475c44e7d h3'  data-responsive-json-new='{\"font-size\":\"desktop:14px;\",\"line-height\":\"desktop:22px;\"}' ><h3 style=\"font-weight:bold;margin-top:3px;\">1.365\u20ac (315\u20ac) (grado 1) - 1.395\u20ac (315\u20ac) (grado 2) - 1.425\u20ac (315\u20ac) (grado 3)<\/h3><\/div><\/div>[\/vc_column_inner][\/vc_row_inner][vc_row_inner css=\u00bb.vc_custom_1462454107178{margin-right: 0px !important;margin-left: 0px !important;padding-top: 12px !important;padding-bottom: 12px !important;background-color: #fcfcfc !important;}\u00bb][vc_column_inner width=\u00bb3\/4&#8243; offset=\u00bbvc_col-lg-9 vc_col-md-9 vc_col-xs-9&#8243;][vc_column_text]Cuota d\u00eda completo lunes \u2013 s\u00e1bado[\/vc_column_text][\/vc_column_inner][vc_column_inner width=\u00bb1\/4&#8243; offset=\u00bbvc_col-lg-3 vc_col-md-3 vc_col-xs-3&#8243;]<div id=\"ultimate-heading-876369f6475c44ec0\" class=\"uvc-heading ult-adjust-bottom-margin ultimate-heading-876369f6475c44ec0 uvc-2026 \" data-hspacer=\"no_spacer\"  data-halign=\"center\" style=\"text-align:center\"><div class=\"uvc-heading-spacer no_spacer\" style=\"top\"><\/div><div class=\"uvc-main-heading ult-responsive\"  data-ultimate-target='.uvc-heading.ultimate-heading-876369f6475c44ec0 h3'  data-responsive-json-new='{\"font-size\":\"desktop:14px;\",\"line-height\":\"desktop:22px;\"}' ><h3 style=\"font-weight:bold;margin-top:3px;\">1.176\u20ac (grado 1) - 1.206\u20ac (grado 2) - 1.236\u20ac (grado 3)<\/h3><\/div><\/div>[\/vc_column_inner][\/vc_row_inner][vc_row_inner css=\u00bb.vc_custom_1462454102811{margin-right: 0px !important;margin-left: 0px !important;padding-top: 12px !important;padding-bottom: 12px !important;background-color: #f4f4f4 !important;}\u00bb][vc_column_inner width=\u00bb3\/4&#8243; offset=\u00bbvc_col-lg-9 vc_col-md-9 vc_col-xs-9&#8243;][vc_column_text]Con transporte ida\/vuelta[\/vc_column_text][\/vc_column_inner][vc_column_inner width=\u00bb1\/4&#8243; offset=\u00bbvc_col-lg-3 vc_col-md-3 vc_col-xs-3&#8243;]<div id=\"ultimate-heading-992569f6475c44f04\" class=\"uvc-heading ult-adjust-bottom-margin ultimate-heading-992569f6475c44f04 uvc-7061 \" data-hspacer=\"no_spacer\"  data-halign=\"center\" style=\"text-align:center\"><div class=\"uvc-heading-spacer no_spacer\" style=\"top\"><\/div><div class=\"uvc-main-heading ult-responsive\"  data-ultimate-target='.uvc-heading.ultimate-heading-992569f6475c44f04 h3'  data-responsive-json-new='{\"font-size\":\"desktop:14px;\",\"line-height\":\"desktop:22px;\"}' ><h3 style=\"font-weight:bold;margin-top:3px;\">1.526 \u20ac (350\u20ac) (grado 1) - 1.556 (350\u20ac) (grado 2) - 1.586\u20ac (350\u20ac) (grado 3)<\/h3><\/div><\/div>[\/vc_column_inner][\/vc_row_inner][vc_row_inner css=\u00bb.vc_custom_1548078864793{margin-right: 0px !important;margin-left: 0px !important;background-color: #2c438f !important;}\u00bb][vc_column_inner][vc_column_text el_class=\u00bbwhite-text\u00bb]Medio d\u00eda[\/vc_column_text][\/vc_column_inner][\/vc_row_inner][vc_row_inner css=\u00bb.vc_custom_1548083043563{margin-right: 0px !important;margin-left: 0px !important;padding-top: 12px !important;padding-bottom: 12px !important;background-color: #fcfcfc !important;}\u00bb][vc_column_inner width=\u00bb3\/4&#8243; offset=\u00bbvc_col-lg-9 vc_col-md-9 vc_col-xs-9&#8243;][vc_column_text css=\u00bb\u00bb]Ma\u00f1anas o tardes lunes \u2013 viernes (5 horas)[\/vc_column_text][\/vc_column_inner][vc_column_inner width=\u00bb1\/4&#8243; offset=\u00bbvc_col-lg-3 vc_col-md-3 vc_col-xs-3&#8243;]<div id=\"ultimate-heading-638569f6475c44f46\" class=\"uvc-heading ult-adjust-bottom-margin ultimate-heading-638569f6475c44f46 uvc-6468 \" data-hspacer=\"no_spacer\"  data-halign=\"center\" style=\"text-align:center\"><div class=\"uvc-heading-spacer no_spacer\" style=\"top\"><\/div><div class=\"uvc-main-heading ult-responsive\"  data-ultimate-target='.uvc-heading.ultimate-heading-638569f6475c44f46 h3'  data-responsive-json-new='{\"font-size\":\"desktop:14px;\",\"line-height\":\"desktop:22px;\"}' ><h3 style=\"font-weight:bold;margin-top:3px;\">740\u20ac (grado 1) - 770\u20ac (grado 2) - 800\u20ac (grado 3)<\/h3><\/div><\/div>[\/vc_column_inner][\/vc_row_inner][vc_row_inner css=\u00bb.vc_custom_1462454102811{margin-right: 0px !important;margin-left: 0px !important;padding-top: 12px !important;padding-bottom: 12px !important;background-color: #f4f4f4 !important;}\u00bb][vc_column_inner width=\u00bb3\/4&#8243; offset=\u00bbvc_col-lg-9 vc_col-md-9 vc_col-xs-9&#8243;][vc_column_text]Con transporte ida\/vuelta[\/vc_column_text][\/vc_column_inner][vc_column_inner width=\u00bb1\/4&#8243; offset=\u00bbvc_col-lg-3 vc_col-md-3 vc_col-xs-3&#8243;]<div id=\"ultimate-heading-466869f6475c44f85\" class=\"uvc-heading ult-adjust-bottom-margin ultimate-heading-466869f6475c44f85 uvc-8039 \" data-hspacer=\"no_spacer\"  data-halign=\"center\" style=\"text-align:center\"><div class=\"uvc-heading-spacer no_spacer\" style=\"top\"><\/div><div class=\"uvc-main-heading ult-responsive\"  data-ultimate-target='.uvc-heading.ultimate-heading-466869f6475c44f85 h3'  data-responsive-json-new='{\"font-size\":\"desktop:14px;\",\"line-height\":\"desktop:22px;\"}' ><h3 style=\"font-weight:bold;margin-top:3px;\">1.055\u20ac (315\u20ac) (grado 1) - 1.085\u20ac (315\u20ac) (grado 2) - 1.115\u20ac (315\u20ac) (grado 3)<\/h3><\/div><\/div>[\/vc_column_inner][\/vc_row_inner][vc_row_inner css=\u00bb.vc_custom_1548083054436{margin-right: 0px !important;margin-left: 0px !important;padding-top: 12px !important;padding-bottom: 12px !important;background-color: #fcfcfc !important;}\u00bb][vc_column_inner width=\u00bb3\/4&#8243; offset=\u00bbvc_col-lg-9 vc_col-md-9 vc_col-xs-9&#8243;][vc_column_text css=\u00bb\u00bb]Ma\u00f1anas o tardes lunes \u2013 s\u00e1bado (5 horas)[\/vc_column_text][\/vc_column_inner][vc_column_inner width=\u00bb1\/4&#8243; offset=\u00bbvc_col-lg-3 vc_col-md-3 vc_col-xs-3&#8243;]<div id=\"ultimate-heading-204269f6475c44fc3\" class=\"uvc-heading ult-adjust-bottom-margin ultimate-heading-204269f6475c44fc3 uvc-7527 \" data-hspacer=\"no_spacer\"  data-halign=\"center\" style=\"text-align:center\"><div class=\"uvc-heading-spacer no_spacer\" style=\"top\"><\/div><div class=\"uvc-main-heading ult-responsive\"  data-ultimate-target='.uvc-heading.ultimate-heading-204269f6475c44fc3 h3'  data-responsive-json-new='{\"font-size\":\"desktop:14px;\",\"line-height\":\"desktop:22px;\"}' ><h3 style=\"font-weight:bold;margin-top:3px;\">803\u20ac (grado1) - 833\u20ac (grado 2) - 863\u20ac (grado 3)<\/h3><\/div><\/div>[\/vc_column_inner][\/vc_row_inner][vc_row_inner css=\u00bb.vc_custom_1462454102811{margin-right: 0px !important;margin-left: 0px !important;padding-top: 12px !important;padding-bottom: 12px !important;background-color: #f4f4f4 !important;}\u00bb][vc_column_inner width=\u00bb3\/4&#8243; offset=\u00bbvc_col-lg-9 vc_col-md-9 vc_col-xs-9&#8243;][vc_column_text]Con transporte ida\/vuelta[\/vc_column_text][\/vc_column_inner][vc_column_inner width=\u00bb1\/4&#8243; offset=\u00bbvc_col-lg-3 vc_col-md-3 vc_col-xs-3&#8243;]<div id=\"ultimate-heading-22669f6475c44fed\" class=\"uvc-heading ult-adjust-bottom-margin ultimate-heading-22669f6475c44fed uvc-1926 \" data-hspacer=\"no_spacer\"  data-halign=\"center\" style=\"text-align:center\"><div class=\"uvc-heading-spacer no_spacer\" style=\"top\"><\/div><div class=\"uvc-main-heading ult-responsive\"  data-ultimate-target='.uvc-heading.ultimate-heading-22669f6475c44fed h3'  data-responsive-json-new='{\"font-size\":\"desktop:14px;\",\"line-height\":\"desktop:22px;\"}' ><h3 style=\"font-weight:bold;margin-top:3px;\">1.153\u20ac (350\u20ac) (grado 1) - 1.183\u20ac (350) (grado 2) - 1213\u20ac (350\u20ac) (grado 3)<\/h3><\/div><\/div>[\/vc_column_inner][\/vc_row_inner][vc_row_inner css=\u00bb.vc_custom_1548078864793{margin-right: 0px !important;margin-left: 0px !important;background-color: #2c438f !important;}\u00bb][vc_column_inner][vc_column_text el_class=\u00bbwhite-text\u00bb]Estancia temporal[\/vc_column_text][\/vc_column_inner][\/vc_row_inner][vc_row_inner css=\u00bb.vc_custom_1548083069942{margin-right: 0px !important;margin-left: 0px !important;padding-top: 12px !important;padding-bottom: 12px !important;background-color: #fcfcfc !important;}\u00bb][vc_column_inner width=\u00bb3\/4&#8243; offset=\u00bbvc_col-lg-9 vc_col-md-9 vc_col-xs-9&#8243;][vc_column_text]D\u00eda completo (10 horas)[\/vc_column_text][\/vc_column_inner][vc_column_inner width=\u00bb1\/4&#8243; offset=\u00bbvc_col-lg-3 vc_col-md-3 vc_col-xs-3&#8243;]<div id=\"ultimate-heading-307769f6475c4502b\" class=\"uvc-heading ult-adjust-bottom-margin ultimate-heading-307769f6475c4502b uvc-6992 \" data-hspacer=\"no_spacer\"  data-halign=\"center\" style=\"text-align:center\"><div class=\"uvc-heading-spacer no_spacer\" style=\"top\"><\/div><div class=\"uvc-main-heading ult-responsive\"  data-ultimate-target='.uvc-heading.ultimate-heading-307769f6475c4502b h3'  data-responsive-json-new='{\"font-size\":\"desktop:14px;\",\"line-height\":\"desktop:22px;\"}' ><h3 style=\"font-weight:bold;margin-top:3px;\">72\u20ac (grado 1) - 92\u20ac (grado 2) - 112\u20ac (grado 3)<\/h3><\/div><\/div>[\/vc_column_inner][\/vc_row_inner][vc_row_inner css=\u00bb.vc_custom_1462454102811{margin-right: 0px !important;margin-left: 0px !important;padding-top: 12px !important;padding-bottom: 12px !important;background-color: #f4f4f4 !important;}\u00bb][vc_column_inner width=\u00bb3\/4&#8243; offset=\u00bbvc_col-lg-9 vc_col-md-9 vc_col-xs-9&#8243;][vc_column_text]Media d\u00eda (5 horas)[\/vc_column_text][\/vc_column_inner][vc_column_inner width=\u00bb1\/4&#8243; offset=\u00bbvc_col-lg-3 vc_col-md-3 vc_col-xs-3&#8243;]<div id=\"ultimate-heading-473369f6475c45069\" class=\"uvc-heading ult-adjust-bottom-margin ultimate-heading-473369f6475c45069 uvc-5754 \" data-hspacer=\"no_spacer\"  data-halign=\"center\" style=\"text-align:center\"><div class=\"uvc-heading-spacer no_spacer\" style=\"top\"><\/div><div class=\"uvc-main-heading ult-responsive\"  data-ultimate-target='.uvc-heading.ultimate-heading-473369f6475c45069 h3'  data-responsive-json-new='{\"font-size\":\"desktop:14px;\",\"line-height\":\"desktop:22px;\"}' ><h3 style=\"font-weight:bold;margin-top:3px;\">48\u20ac (grado 1) - 68\u20ac (grado 2) - 88\u20ac (grado 3)<\/h3><\/div><\/div>[\/vc_column_inner][\/vc_row_inner][\/vc_column][\/vc_row][vc_row][vc_column][vc_column_text]<em><strong>* Precios con IVA<\/strong><\/em>[\/vc_column_text][\/vc_column][\/vc_row]<\/p>\n<\/div>","protected":false},"excerpt":{"rendered":"<p>[vc_row type=\u00bbvc_default\u00bb css=\u00bb.vc_custom_1474221376872{margin-bottom: -80px !important;}\u00bb][vc_column offset=\u00bbvc_col-lg-8 vc_col-md-8 vc_col-xs-12&#8243; css=\u00bb.vc_custom_1463573458077{margin-bottom: 80px !important;}\u00bb][vc_single_image image=\u00bb1565&#8243; img_size=\u00bb1000&#215;500&#8243; css=\u00bb.vc_custom_1548083854713{padding-bottom: 60px !important;}\u00bb][vc_column_text]Todas nuestras tarifas son orientativas y est\u00e1n sujetas a cambios y disponibilidad. Las tarifas se mantendr\u00e1n durante toda la estancia, solo var\u00edan seg\u00fan el grado de dependencia, y el IPC incrementara anualmente.[\/vc_column_text][\/vc_column][vc_column offset=\u00bbvc_col-lg-4 vc_col-md-4 vc_col-xs-12&#8243; el_class=\u00bbcustom_sidebar\u00bb css=\u00bb.vc_custom_1474221370251{padding-bottom: 80px !important;}\u00bb][vc_row_inner css=\u00bb.vc_custom_1462516802446{padding-right:&hellip;<\/p>\n","protected":false},"author":3,"featured_media":0,"parent":0,"menu_order":20,"comment_status":"closed","ping_status":"closed","template":"template-microsite.php","meta":{"_acf_changed":false,"footnotes":""},"class_list":["post-719","page","type-page","status-publish","hentry","description-off"],"acf":[],"_links":{"self":[{"href":"https:\/\/www.centresgeriatricsmalgrat.com\/centrodedia\/wp-json\/wp\/v2\/pages\/719","targetHints":{"allow":["GET"]}}],"collection":[{"href":"https:\/\/www.centresgeriatricsmalgrat.com\/centrodedia\/wp-json\/wp\/v2\/pages"}],"about":[{"href":"https:\/\/www.centresgeriatricsmalgrat.com\/centrodedia\/wp-json\/wp\/v2\/types\/page"}],"author":[{"embeddable":true,"href":"https:\/\/www.centresgeriatricsmalgrat.com\/centrodedia\/wp-json\/wp\/v2\/users\/3"}],"replies":[{"embeddable":true,"href":"https:\/\/www.centresgeriatricsmalgrat.com\/centrodedia\/wp-json\/wp\/v2\/comments?post=719"}],"version-history":[{"count":37,"href":"https:\/\/www.centresgeriatricsmalgrat.com\/centrodedia\/wp-json\/wp\/v2\/pages\/719\/revisions"}],"predecessor-version":[{"id":2648,"href":"https:\/\/www.centresgeriatricsmalgrat.com\/centrodedia\/wp-json\/wp\/v2\/pages\/719\/revisions\/2648"}],"wp:attachment":[{"href":"https:\/\/www.centresgeriatricsmalgrat.com\/centrodedia\/wp-json\/wp\/v2\/media?parent=719"}],"curies":[{"name":"wp","href":"https:\/\/api.w.org\/{rel}","templated":true}]}}